{"id":355,"date":"2021-07-26T03:44:12","date_gmt":"2021-07-26T03:44:12","guid":{"rendered":"https:\/\/rasstyle.eu\/index.php\/produktas\/benne-long-sleeve-shirt-black\/"},"modified":"2024-02-15T15:12:28","modified_gmt":"2024-02-15T15:12:28","slug":"benne-long-sleeve-shirt-black","status":"publish","type":"product","link":"https:\/\/rasstyle.eu\/en\/product\/benne-long-sleeve-shirt-black\/","title":{"rendered":"Laisvalaikio keln\u0117s ,,Free 1&#8243;"},"content":{"rendered":"<p>Kombinuotos laisvalaikio keln\u0117s ,,Free1&#8243; puikus pasirinkimas norint atrodyti kitaip ir jaustis kitaip. Su \u0161iuomis keln\u0117mis atrodysite visada i\u0161skirtinai. Tiek liemens apimt\u012f, tiek kelni\u0173 ap\u010di\u0105 galima reguliuotis ir prasirinkti sau tinkam\u0105 tamprum\u0105. Ki\u0161en\u0117s \u0161onose, kirptos kampu, o ki\u0161en\u0117s ties keliais priduoda laisvumo. Keln\u0117s ,,Free1&#8243; n\u0117ra trikota\u017einio audinio, tad d\u0117v\u0117jimo kokyb\u0117 neprilygsta trikota\u017eui.<\/p>\n<p>Keln\u0117s ,,Free1&#8221; kombinuotos keli\u0173 audini\u0173, kuri\u0173 sud\u0117t\u012f sudaro pusviln\u0117 45%, medvil\u0117 40%, elastanas 15%.<\/p>\n<p>Skalbiama 40* temperat\u016broje.<\/p>","protected":false},"excerpt":{"rendered":"<p>Cras in blandit semper eget interdum lacus ultrices ultricies malesuada magna nullam velit, elit scelerisque imperdiet natoque mi velit volutpat quis nibh sagittis orci sem orci sit feugiat mauris, auctor mauris malesuada lectus ut dictum massa turpis a quis tellus aliquam amet malesuada enim ac orci leo arcu justo blandit.<\/p>","protected":false},"featured_media":1419,"comment_status":"open","ping_status":"closed","template":"","meta":{"site-sidebar-layout":"default","site-content-layout":"default","ast-site-content-layout":"default","site-content-style":"default","site-sidebar-style":"default","ast-global-header-display":"","ast-banner-title-visibility":"","ast-main-header-display":"","ast-hfb-above-header-display":"","ast-hfb-below-header-display":"","ast-hfb-mobile-header-display":"","site-post-title":"","ast-breadcrumbs-content":"","ast-featured-img":"","footer-sml-layout":"","theme-transparent-header-meta":"default","adv-header-id-meta":"","stick-header-meta":"","header-above-stick-meta":"","header-main-stick-meta":"","header-below-stick-meta":"","astra-migrate-meta-layouts":"set","ast-page-background-enabled":"default","ast-page-background-meta":{"desktop":{"background-color":"","background-image":"","background-repeat":"repeat","background-position":"center center","background-size":"auto","background-attachment":"scroll","background-type":"","background-media":"","overlay-type":"","overlay-color":"","overlay-gradient":""},"tablet":{"background-color":"","background-image":"","background-repeat":"repeat","background-position":"center center","background-size":"auto","background-attachment":"scroll","background-type":"","background-media":"","overlay-type":"","overlay-color":"","overlay-gradient":""},"mobile":{"background-color":"","background-image":"","background-repeat":"repeat","background-position":"center center","background-size":"auto","background-attachment":"scroll","background-type":"","background-media":"","overlay-type":"","overlay-color":"","overlay-gradient":""}},"ast-content-background-meta":{"desktop":{"background-color":"var(--ast-global-color-5)","background-image":"","background-repeat":"repeat","background-position":"center center","background-size":"auto","background-attachment":"scroll","background-type":"","background-media":"","overlay-type":"","overlay-color":"","overlay-gradient":""},"tablet":{"background-color":"var(--ast-global-color-5)","background-image":"","background-repeat":"repeat","background-position":"center center","background-size":"auto","background-attachment":"scroll","background-type":"","background-media":"","overlay-type":"","overlay-color":"","overlay-gradient":""},"mobile":{"background-color":"var(--ast-global-color-5)","background-image":"","background-repeat":"repeat","background-position":"center center","background-size":"auto","background-attachment":"scroll","background-type":"","background-media":"","overlay-type":"","overlay-color":"","overlay-gradient":""}}},"product_cat":[42],"product_tag":[],"class_list":{"0":"post-355","1":"product","2":"type-product","3":"status-publish","4":"has-post-thumbnail","6":"product_cat-kelnes","7":"desktop-align-left","8":"tablet-align-left","9":"mobile-align-left","11":"first","12":"instock","13":"shipping-taxable","14":"purchasable","15":"product-type-simple"},"yoast_head":"<!-- This site is optimized with the Yoast SEO plugin v21.7 - https:\/\/yoast.com\/wordpress\/plugins\/seo\/ -->\n<title>Laisvalaikio keln\u0117s ,,Free 1&quot; - Rasstyle.eu - rank\u0173 darbo k\u016briniai<\/title>\n<meta name=\"robots\" content=\"index, follow, max-snippet:-1, max-image-preview:large, max-video-preview:-1\" \/>\n<link rel=\"canonical\" href=\"https:\/\/rasstyle.eu\/en\/product\/benne-long-sleeve-shirt-black\/\" \/>\n<meta property=\"og:locale\" content=\"en_GB\" \/>\n<meta property=\"og:type\" content=\"article\" \/>\n<meta property=\"og:title\" content=\"Laisvalaikio keln\u0117s ,,Free 1&quot; - Rasstyle.eu - rank\u0173 darbo k\u016briniai\" \/>\n<meta property=\"og:description\" content=\"Cras in blandit semper eget interdum lacus ultrices ultricies malesuada magna nullam velit, elit scelerisque imperdiet natoque mi velit volutpat quis nibh sagittis orci sem orci sit feugiat mauris, auctor mauris malesuada lectus ut dictum massa turpis a quis tellus aliquam amet malesuada enim ac orci leo arcu justo blandit.\" \/>\n<meta property=\"og:url\" content=\"https:\/\/rasstyle.eu\/en\/product\/benne-long-sleeve-shirt-black\/\" \/>\n<meta property=\"og:site_name\" content=\"Rasstyle.eu - rank\u0173 darbo k\u016briniai\" \/>\n<meta property=\"article:modified_time\" content=\"2024-02-15T15:12:28+00:00\" \/>\n<meta property=\"og:image\" content=\"https:\/\/rasstyle.eu\/wp-content\/uploads\/2021\/07\/497.jpg\" \/>\n\t<meta property=\"og:image:width\" content=\"1528\" \/>\n\t<meta property=\"og:image:height\" content=\"1344\" \/>\n\t<meta property=\"og:image:type\" content=\"image\/jpeg\" \/>\n<meta name=\"twitter:card\" content=\"summary_large_image\" \/>\n<meta name=\"twitter:label1\" content=\"Estimated reading time\" \/>\n\t<meta name=\"twitter:data1\" content=\"1 minute\" \/>\n<script type=\"application\/ld+json\" class=\"yoast-schema-graph\">{\"@context\":\"https:\/\/schema.org\",\"@graph\":[{\"@type\":\"WebPage\",\"@id\":\"https:\/\/rasstyle.eu\/produktas\/benne-long-sleeve-shirt-black\/\",\"url\":\"https:\/\/rasstyle.eu\/produktas\/benne-long-sleeve-shirt-black\/\",\"name\":\"Laisvalaikio keln\u0117s ,,Free 1\\\" - Rasstyle.eu - rank\u0173 darbo k\u016briniai\",\"isPartOf\":{\"@id\":\"https:\/\/rasstyle.eu\/#website\"},\"datePublished\":\"2021-07-26T03:44:12+00:00\",\"dateModified\":\"2024-02-15T15:12:28+00:00\",\"breadcrumb\":{\"@id\":\"https:\/\/rasstyle.eu\/produktas\/benne-long-sleeve-shirt-black\/#breadcrumb\"},\"inLanguage\":\"en-GB\",\"potentialAction\":[{\"@type\":\"ReadAction\",\"target\":[\"https:\/\/rasstyle.eu\/produktas\/benne-long-sleeve-shirt-black\/\"]}]},{\"@type\":\"BreadcrumbList\",\"@id\":\"https:\/\/rasstyle.eu\/produktas\/benne-long-sleeve-shirt-black\/#breadcrumb\",\"itemListElement\":[{\"@type\":\"ListItem\",\"position\":1,\"name\":\"Home\",\"item\":\"https:\/\/rasstyle.eu\/\"},{\"@type\":\"ListItem\",\"position\":2,\"name\":\"Produktai\",\"item\":\"https:\/\/rasstyle.eu\/produktai\/\"},{\"@type\":\"ListItem\",\"position\":3,\"name\":\"Laisvalaikio keln\u0117s ,,Free 1&#8243;\"}]},{\"@type\":\"WebSite\",\"@id\":\"https:\/\/rasstyle.eu\/#website\",\"url\":\"https:\/\/rasstyle.eu\/\",\"name\":\"Rasstyle.eu - rank\u0173 darbo k\u016briniai\",\"description\":\"\",\"publisher\":{\"@id\":\"https:\/\/rasstyle.eu\/#organization\"},\"potentialAction\":[{\"@type\":\"SearchAction\",\"target\":{\"@type\":\"EntryPoint\",\"urlTemplate\":\"https:\/\/rasstyle.eu\/?s={search_term_string}\"},\"query-input\":\"required name=search_term_string\"}],\"inLanguage\":\"en-GB\"},{\"@type\":\"Organization\",\"@id\":\"https:\/\/rasstyle.eu\/#organization\",\"name\":\"Rasstyle.eu - rank\u0173 darbo k\u016briniai\",\"url\":\"https:\/\/rasstyle.eu\/\",\"logo\":{\"@type\":\"ImageObject\",\"inLanguage\":\"en-GB\",\"@id\":\"https:\/\/rasstyle.eu\/#\/schema\/logo\/image\/\",\"url\":\"https:\/\/rasstyle.eu\/wp-content\/uploads\/2023\/12\/cropped-logo-no-background-1.png\",\"contentUrl\":\"https:\/\/rasstyle.eu\/wp-content\/uploads\/2023\/12\/cropped-logo-no-background-1.png\",\"width\":1500,\"height\":265,\"caption\":\"Rasstyle.eu - rank\u0173 darbo k\u016briniai\"},\"image\":{\"@id\":\"https:\/\/rasstyle.eu\/#\/schema\/logo\/image\/\"}}]}<\/script>\n<!-- \/ Yoast SEO plugin. -->","yoast_head_json":{"title":"Laisvalaikio keln\u0117s ,,Free 1\" - Rasstyle.eu - rank\u0173 darbo k\u016briniai","robots":{"index":"index","follow":"follow","max-snippet":"max-snippet:-1","max-image-preview":"max-image-preview:large","max-video-preview":"max-video-preview:-1"},"canonical":"https:\/\/rasstyle.eu\/en\/product\/benne-long-sleeve-shirt-black\/","og_locale":"en_GB","og_type":"article","og_title":"Laisvalaikio keln\u0117s ,,Free 1\" - Rasstyle.eu - rank\u0173 darbo k\u016briniai","og_description":"Cras in blandit semper eget interdum lacus ultrices ultricies malesuada magna nullam velit, elit scelerisque imperdiet natoque mi velit volutpat quis nibh sagittis orci sem orci sit feugiat mauris, auctor mauris malesuada lectus ut dictum massa turpis a quis tellus aliquam amet malesuada enim ac orci leo arcu justo blandit.","og_url":"https:\/\/rasstyle.eu\/en\/product\/benne-long-sleeve-shirt-black\/","og_site_name":"Rasstyle.eu - rank\u0173 darbo k\u016briniai","article_modified_time":"2024-02-15T15:12:28+00:00","og_image":[{"width":1528,"height":1344,"url":"https:\/\/rasstyle.eu\/wp-content\/uploads\/2021\/07\/497.jpg","type":"image\/jpeg"}],"twitter_card":"summary_large_image","twitter_misc":{"Estimated reading time":"1 minute"},"schema":{"@context":"https:\/\/schema.org","@graph":[{"@type":"WebPage","@id":"https:\/\/rasstyle.eu\/produktas\/benne-long-sleeve-shirt-black\/","url":"https:\/\/rasstyle.eu\/produktas\/benne-long-sleeve-shirt-black\/","name":"Laisvalaikio keln\u0117s ,,Free 1\" - Rasstyle.eu - rank\u0173 darbo k\u016briniai","isPartOf":{"@id":"https:\/\/rasstyle.eu\/#website"},"datePublished":"2021-07-26T03:44:12+00:00","dateModified":"2024-02-15T15:12:28+00:00","breadcrumb":{"@id":"https:\/\/rasstyle.eu\/produktas\/benne-long-sleeve-shirt-black\/#breadcrumb"},"inLanguage":"en-GB","potentialAction":[{"@type":"ReadAction","target":["https:\/\/rasstyle.eu\/produktas\/benne-long-sleeve-shirt-black\/"]}]},{"@type":"BreadcrumbList","@id":"https:\/\/rasstyle.eu\/produktas\/benne-long-sleeve-shirt-black\/#breadcrumb","itemListElement":[{"@type":"ListItem","position":1,"name":"Home","item":"https:\/\/rasstyle.eu\/"},{"@type":"ListItem","position":2,"name":"Produktai","item":"https:\/\/rasstyle.eu\/produktai\/"},{"@type":"ListItem","position":3,"name":"Laisvalaikio keln\u0117s ,,Free 1&#8243;"}]},{"@type":"WebSite","@id":"https:\/\/rasstyle.eu\/#website","url":"https:\/\/rasstyle.eu\/","name":"Rasstyle.eu - rank\u0173 darbo k\u016briniai","description":"","publisher":{"@id":"https:\/\/rasstyle.eu\/#organization"},"potentialAction":[{"@type":"SearchAction","target":{"@type":"EntryPoint","urlTemplate":"https:\/\/rasstyle.eu\/?s={search_term_string}"},"query-input":"required name=search_term_string"}],"inLanguage":"en-GB"},{"@type":"Organization","@id":"https:\/\/rasstyle.eu\/#organization","name":"Rasstyle.eu - rank\u0173 darbo k\u016briniai","url":"https:\/\/rasstyle.eu\/","logo":{"@type":"ImageObject","inLanguage":"en-GB","@id":"https:\/\/rasstyle.eu\/#\/schema\/logo\/image\/","url":"https:\/\/rasstyle.eu\/wp-content\/uploads\/2023\/12\/cropped-logo-no-background-1.png","contentUrl":"https:\/\/rasstyle.eu\/wp-content\/uploads\/2023\/12\/cropped-logo-no-background-1.png","width":1500,"height":265,"caption":"Rasstyle.eu - rank\u0173 darbo k\u016briniai"},"image":{"@id":"https:\/\/rasstyle.eu\/#\/schema\/logo\/image\/"}}]}},"_links":{"self":[{"href":"https:\/\/rasstyle.eu\/en\/wp-json\/wp\/v2\/product\/355","targetHints":{"allow":["GET"]}}],"collection":[{"href":"https:\/\/rasstyle.eu\/en\/wp-json\/wp\/v2\/product"}],"about":[{"href":"https:\/\/rasstyle.eu\/en\/wp-json\/wp\/v2\/types\/product"}],"replies":[{"embeddable":true,"href":"https:\/\/rasstyle.eu\/en\/wp-json\/wp\/v2\/comments?post=355"}],"wp:featuredmedia":[{"embeddable":true,"href":"https:\/\/rasstyle.eu\/en\/wp-json\/wp\/v2\/media\/1419"}],"wp:attachment":[{"href":"https:\/\/rasstyle.eu\/en\/wp-json\/wp\/v2\/media?parent=355"}],"wp:term":[{"taxonomy":"product_cat","embeddable":true,"href":"https:\/\/rasstyle.eu\/en\/wp-json\/wp\/v2\/product_cat?post=355"},{"taxonomy":"product_tag","embeddable":true,"href":"https:\/\/rasstyle.eu\/en\/wp-json\/wp\/v2\/product_tag?post=355"}],"curies":[{"name":"wp","href":"https:\/\/api.w.org\/{rel}","templated":true}]}}