{"id":352,"date":"2021-07-26T03:28:41","date_gmt":"2021-07-26T03:28:41","guid":{"rendered":"https:\/\/rasstyle.eu\/index.php\/produktas\/dora-black-gradient-eyewear\/"},"modified":"2026-03-21T19:16:18","modified_gmt":"2026-03-21T19:16:18","slug":"dora-black-gradient-eyewear","status":"publish","type":"product","link":"https:\/\/rasstyle.eu\/en\/product\/dora-black-gradient-eyewear\/","title":{"rendered":"Klasikinis kostiumas ,,Blue&#8221;"},"content":{"rendered":"<p>Klasikinio, dalykinio stiliaus kostium\u0117lis. Universalus derinys, kuris spinduliuoja profesionalum\u0105, ta\u010diau turi ir moderni\u0173, moteri\u0161kum\u0105 pabr\u0117\u017eian\u010di\u0173 detali\u0173. \u0160varkas priglud\u0119s, \u0161iek tiek \u012fliemenuotas. Apykakl\u0117 klasikin\u0117, trikampio formos su atvartais. Minimalistin\u0117s, \u012fleistin\u0117s ki\u0161en\u0117s suteikia drabu\u017eiui \u0161var\u0173 ir modern\u0173 vaizd\u0105. Priderintas klasikinis \u201epie\u0161tuko\u201c formos sijonas (auk\u0161to liemens, tiesus, siaur\u0117jantis \u012f apa\u010di\u0105). Tai oficialaus stiliaus sijono forma, tinkanti verslo aplinkai.<\/p>\n<p>Puikus kasdienis pasirinkimas vadov\u0117ms ar specialist\u0117ms. Ta\u010diau parinkus \u0161ilko palaidin\u0119 ar puo\u0161nius papuo\u0161alus, kostiumas lengvai tampa proginiu.<\/p>\n<p>Kostiumas su pamu\u0161alu ir parduodamas be palaidin\u0117s.<\/p>\n<p><em>\u00a0 \u00a0 \u00a0 \u00a0Drabu\u017eiai siuvami siuvykloje Klaip\u0117doje, tod\u0117l pagal poreik\u012f galima keisti modelio detales, ilg\u012f ir spalv\u0105. <\/em><\/p>\n<p><em>\u00a0 \u00a0 \u00a0 Kain\u0105 nurodyt\u0105 XS\/S\/M\/L dyd\u017eiui.<\/em><\/p>\n<p><em>\u00a0 \u00a0 \u00a0 Gaminio primatavimai atliekami pagal poreik\u012f. Pasiuvimo terminas 3-4 savait\u0117s. <\/em><\/p>\n<p><em>\u00a0 \u00a0 \u00a0Gaminio gra\u017einimas negalimas nes siuvama pagal individualius i\u0161matavimus.<\/em><\/p>\n<p><em>\u00a0 \u00a0 \u00a0Reikalinga detalesn\u0117 informacija susiekite tel: +370 65 351 591.<\/em><\/p>","protected":false},"excerpt":{"rendered":"<p>Cras in blandit semper eget interdum lacus ultrices ultricies malesuada magna nullam velit, elit scelerisque imperdiet natoque mi velit volutpat quis nibh sagittis orci sem orci sit feugiat mauris, auctor mauris malesuada lectus ut dictum massa turpis a quis tellus aliquam amet malesuada enim ac orci leo arcu justo blandit.<\/p>","protected":false},"featured_media":1651,"comment_status":"open","ping_status":"closed","template":"","meta":{"site-sidebar-layout":"default","site-content-layout":"default","ast-site-content-layout":"default","site-content-style":"default","site-sidebar-style":"default","ast-global-header-display":"","ast-banner-title-visibility":"","ast-main-header-display":"","ast-hfb-above-header-display":"","ast-hfb-below-header-display":"","ast-hfb-mobile-header-display":"","site-post-title":"","ast-breadcrumbs-content":"","ast-featured-img":"","footer-sml-layout":"","theme-transparent-header-meta":"default","adv-header-id-meta":"","stick-header-meta":"","header-above-stick-meta":"","header-main-stick-meta":"","header-below-stick-meta":"","astra-migrate-meta-layouts":"set","ast-page-background-enabled":"default","ast-page-background-meta":{"desktop":{"background-color":"","background-image":"","background-repeat":"repeat","background-position":"center center","background-size":"auto","background-attachment":"scroll","background-type":"","background-media":"","overlay-type":"","overlay-color":"","overlay-gradient":""},"tablet":{"background-color":"","background-image":"","background-repeat":"repeat","background-position":"center center","background-size":"auto","background-attachment":"scroll","background-type":"","background-media":"","overlay-type":"","overlay-color":"","overlay-gradient":""},"mobile":{"background-color":"","background-image":"","background-repeat":"repeat","background-position":"center center","background-size":"auto","background-attachment":"scroll","background-type":"","background-media":"","overlay-type":"","overlay-color":"","overlay-gradient":""}},"ast-content-background-meta":{"desktop":{"background-color":"var(--ast-global-color-5)","background-image":"","background-repeat":"repeat","background-position":"center center","background-size":"auto","background-attachment":"scroll","background-type":"","background-media":"","overlay-type":"","overlay-color":"","overlay-gradient":""},"tablet":{"background-color":"var(--ast-global-color-5)","background-image":"","background-repeat":"repeat","background-position":"center center","background-size":"auto","background-attachment":"scroll","background-type":"","background-media":"","overlay-type":"","overlay-color":"","overlay-gradient":""},"mobile":{"background-color":"var(--ast-global-color-5)","background-image":"","background-repeat":"repeat","background-position":"center center","background-size":"auto","background-attachment":"scroll","background-type":"","background-media":"","overlay-type":"","overlay-color":"","overlay-gradient":""}}},"product_cat":[29,28],"product_tag":[],"class_list":{"0":"post-352","1":"product","2":"type-product","3":"status-publish","4":"has-post-thumbnail","6":"product_cat-dalykiniai-kostiumai","7":"product_cat-kostiumai","8":"desktop-align-left","9":"tablet-align-left","10":"mobile-align-left","12":"first","13":"instock","14":"shipping-taxable","15":"purchasable","16":"product-type-simple"},"yoast_head":"<!-- This site is optimized with the Yoast SEO plugin v21.7 - https:\/\/yoast.com\/wordpress\/plugins\/seo\/ -->\n<title>Klasikinis kostiumas ,,Blue&quot; - Rasstyle.eu - rank\u0173 darbo k\u016briniai<\/title>\n<meta name=\"robots\" content=\"index, follow, max-snippet:-1, max-image-preview:large, max-video-preview:-1\" \/>\n<link rel=\"canonical\" href=\"https:\/\/rasstyle.eu\/en\/product\/dora-black-gradient-eyewear\/\" \/>\n<meta property=\"og:locale\" content=\"en_GB\" \/>\n<meta property=\"og:type\" content=\"article\" \/>\n<meta property=\"og:title\" content=\"Klasikinis kostiumas ,,Blue&quot; - Rasstyle.eu - rank\u0173 darbo k\u016briniai\" \/>\n<meta property=\"og:description\" content=\"Cras in blandit semper eget interdum lacus ultrices ultricies malesuada magna nullam velit, elit scelerisque imperdiet natoque mi velit volutpat quis nibh sagittis orci sem orci sit feugiat mauris, auctor mauris malesuada lectus ut dictum massa turpis a quis tellus aliquam amet malesuada enim ac orci leo arcu justo blandit.\" \/>\n<meta property=\"og:url\" content=\"https:\/\/rasstyle.eu\/en\/product\/dora-black-gradient-eyewear\/\" \/>\n<meta property=\"og:site_name\" content=\"Rasstyle.eu - rank\u0173 darbo k\u016briniai\" \/>\n<meta property=\"article:modified_time\" content=\"2026-03-21T19:16:18+00:00\" \/>\n<meta property=\"og:image\" content=\"https:\/\/rasstyle.eu\/wp-content\/uploads\/2021\/07\/gfrt.jpg\" \/>\n\t<meta property=\"og:image:width\" content=\"816\" \/>\n\t<meta property=\"og:image:height\" content=\"1300\" \/>\n\t<meta property=\"og:image:type\" content=\"image\/jpeg\" \/>\n<meta name=\"twitter:card\" content=\"summary_large_image\" \/>\n<meta name=\"twitter:label1\" content=\"Estimated reading time\" \/>\n\t<meta name=\"twitter:data1\" content=\"1 minute\" \/>\n<script type=\"application\/ld+json\" class=\"yoast-schema-graph\">{\"@context\":\"https:\/\/schema.org\",\"@graph\":[{\"@type\":\"WebPage\",\"@id\":\"https:\/\/rasstyle.eu\/produktas\/dora-black-gradient-eyewear\/\",\"url\":\"https:\/\/rasstyle.eu\/produktas\/dora-black-gradient-eyewear\/\",\"name\":\"Klasikinis kostiumas ,,Blue\\\" - Rasstyle.eu - rank\u0173 darbo k\u016briniai\",\"isPartOf\":{\"@id\":\"https:\/\/rasstyle.eu\/#website\"},\"datePublished\":\"2021-07-26T03:28:41+00:00\",\"dateModified\":\"2026-03-21T19:16:18+00:00\",\"breadcrumb\":{\"@id\":\"https:\/\/rasstyle.eu\/produktas\/dora-black-gradient-eyewear\/#breadcrumb\"},\"inLanguage\":\"en-GB\",\"potentialAction\":[{\"@type\":\"ReadAction\",\"target\":[\"https:\/\/rasstyle.eu\/produktas\/dora-black-gradient-eyewear\/\"]}]},{\"@type\":\"BreadcrumbList\",\"@id\":\"https:\/\/rasstyle.eu\/produktas\/dora-black-gradient-eyewear\/#breadcrumb\",\"itemListElement\":[{\"@type\":\"ListItem\",\"position\":1,\"name\":\"Home\",\"item\":\"https:\/\/rasstyle.eu\/\"},{\"@type\":\"ListItem\",\"position\":2,\"name\":\"Produktai\",\"item\":\"https:\/\/rasstyle.eu\/produktai\/\"},{\"@type\":\"ListItem\",\"position\":3,\"name\":\"Klasikinis kostiumas ,,Blue&#8221;\"}]},{\"@type\":\"WebSite\",\"@id\":\"https:\/\/rasstyle.eu\/#website\",\"url\":\"https:\/\/rasstyle.eu\/\",\"name\":\"Rasstyle.eu - rank\u0173 darbo k\u016briniai\",\"description\":\"\",\"publisher\":{\"@id\":\"https:\/\/rasstyle.eu\/#organization\"},\"potentialAction\":[{\"@type\":\"SearchAction\",\"target\":{\"@type\":\"EntryPoint\",\"urlTemplate\":\"https:\/\/rasstyle.eu\/?s={search_term_string}\"},\"query-input\":\"required name=search_term_string\"}],\"inLanguage\":\"en-GB\"},{\"@type\":\"Organization\",\"@id\":\"https:\/\/rasstyle.eu\/#organization\",\"name\":\"Rasstyle.eu - rank\u0173 darbo k\u016briniai\",\"url\":\"https:\/\/rasstyle.eu\/\",\"logo\":{\"@type\":\"ImageObject\",\"inLanguage\":\"en-GB\",\"@id\":\"https:\/\/rasstyle.eu\/#\/schema\/logo\/image\/\",\"url\":\"https:\/\/rasstyle.eu\/wp-content\/uploads\/2023\/12\/cropped-logo-no-background-1.png\",\"contentUrl\":\"https:\/\/rasstyle.eu\/wp-content\/uploads\/2023\/12\/cropped-logo-no-background-1.png\",\"width\":1500,\"height\":265,\"caption\":\"Rasstyle.eu - rank\u0173 darbo k\u016briniai\"},\"image\":{\"@id\":\"https:\/\/rasstyle.eu\/#\/schema\/logo\/image\/\"}}]}<\/script>\n<!-- \/ Yoast SEO plugin. -->","yoast_head_json":{"title":"Klasikinis kostiumas ,,Blue\" - Rasstyle.eu - rank\u0173 darbo k\u016briniai","robots":{"index":"index","follow":"follow","max-snippet":"max-snippet:-1","max-image-preview":"max-image-preview:large","max-video-preview":"max-video-preview:-1"},"canonical":"https:\/\/rasstyle.eu\/en\/product\/dora-black-gradient-eyewear\/","og_locale":"en_GB","og_type":"article","og_title":"Klasikinis kostiumas ,,Blue\" - Rasstyle.eu - rank\u0173 darbo k\u016briniai","og_description":"Cras in blandit semper eget interdum lacus ultrices ultricies malesuada magna nullam velit, elit scelerisque imperdiet natoque mi velit volutpat quis nibh sagittis orci sem orci sit feugiat mauris, auctor mauris malesuada lectus ut dictum massa turpis a quis tellus aliquam amet malesuada enim ac orci leo arcu justo blandit.","og_url":"https:\/\/rasstyle.eu\/en\/product\/dora-black-gradient-eyewear\/","og_site_name":"Rasstyle.eu - rank\u0173 darbo k\u016briniai","article_modified_time":"2026-03-21T19:16:18+00:00","og_image":[{"width":816,"height":1300,"url":"https:\/\/rasstyle.eu\/wp-content\/uploads\/2021\/07\/gfrt.jpg","type":"image\/jpeg"}],"twitter_card":"summary_large_image","twitter_misc":{"Estimated reading time":"1 minute"},"schema":{"@context":"https:\/\/schema.org","@graph":[{"@type":"WebPage","@id":"https:\/\/rasstyle.eu\/produktas\/dora-black-gradient-eyewear\/","url":"https:\/\/rasstyle.eu\/produktas\/dora-black-gradient-eyewear\/","name":"Klasikinis kostiumas ,,Blue\" - Rasstyle.eu - rank\u0173 darbo k\u016briniai","isPartOf":{"@id":"https:\/\/rasstyle.eu\/#website"},"datePublished":"2021-07-26T03:28:41+00:00","dateModified":"2026-03-21T19:16:18+00:00","breadcrumb":{"@id":"https:\/\/rasstyle.eu\/produktas\/dora-black-gradient-eyewear\/#breadcrumb"},"inLanguage":"en-GB","potentialAction":[{"@type":"ReadAction","target":["https:\/\/rasstyle.eu\/produktas\/dora-black-gradient-eyewear\/"]}]},{"@type":"BreadcrumbList","@id":"https:\/\/rasstyle.eu\/produktas\/dora-black-gradient-eyewear\/#breadcrumb","itemListElement":[{"@type":"ListItem","position":1,"name":"Home","item":"https:\/\/rasstyle.eu\/"},{"@type":"ListItem","position":2,"name":"Produktai","item":"https:\/\/rasstyle.eu\/produktai\/"},{"@type":"ListItem","position":3,"name":"Klasikinis kostiumas ,,Blue&#8221;"}]},{"@type":"WebSite","@id":"https:\/\/rasstyle.eu\/#website","url":"https:\/\/rasstyle.eu\/","name":"Rasstyle.eu - rank\u0173 darbo k\u016briniai","description":"","publisher":{"@id":"https:\/\/rasstyle.eu\/#organization"},"potentialAction":[{"@type":"SearchAction","target":{"@type":"EntryPoint","urlTemplate":"https:\/\/rasstyle.eu\/?s={search_term_string}"},"query-input":"required name=search_term_string"}],"inLanguage":"en-GB"},{"@type":"Organization","@id":"https:\/\/rasstyle.eu\/#organization","name":"Rasstyle.eu - rank\u0173 darbo k\u016briniai","url":"https:\/\/rasstyle.eu\/","logo":{"@type":"ImageObject","inLanguage":"en-GB","@id":"https:\/\/rasstyle.eu\/#\/schema\/logo\/image\/","url":"https:\/\/rasstyle.eu\/wp-content\/uploads\/2023\/12\/cropped-logo-no-background-1.png","contentUrl":"https:\/\/rasstyle.eu\/wp-content\/uploads\/2023\/12\/cropped-logo-no-background-1.png","width":1500,"height":265,"caption":"Rasstyle.eu - rank\u0173 darbo k\u016briniai"},"image":{"@id":"https:\/\/rasstyle.eu\/#\/schema\/logo\/image\/"}}]}},"_links":{"self":[{"href":"https:\/\/rasstyle.eu\/en\/wp-json\/wp\/v2\/product\/352","targetHints":{"allow":["GET"]}}],"collection":[{"href":"https:\/\/rasstyle.eu\/en\/wp-json\/wp\/v2\/product"}],"about":[{"href":"https:\/\/rasstyle.eu\/en\/wp-json\/wp\/v2\/types\/product"}],"replies":[{"embeddable":true,"href":"https:\/\/rasstyle.eu\/en\/wp-json\/wp\/v2\/comments?post=352"}],"wp:featuredmedia":[{"embeddable":true,"href":"https:\/\/rasstyle.eu\/en\/wp-json\/wp\/v2\/media\/1651"}],"wp:attachment":[{"href":"https:\/\/rasstyle.eu\/en\/wp-json\/wp\/v2\/media?parent=352"}],"wp:term":[{"taxonomy":"product_cat","embeddable":true,"href":"https:\/\/rasstyle.eu\/en\/wp-json\/wp\/v2\/product_cat?post=352"},{"taxonomy":"product_tag","embeddable":true,"href":"https:\/\/rasstyle.eu\/en\/wp-json\/wp\/v2\/product_tag?post=352"}],"curies":[{"name":"wp","href":"https:\/\/api.w.org\/{rel}","templated":true}]}}