{"id":1647,"date":"2026-03-21T18:39:32","date_gmt":"2026-03-21T18:39:32","guid":{"rendered":"https:\/\/rasstyle.eu\/?post_type=product&#038;p=1647"},"modified":"2026-03-21T18:39:32","modified_gmt":"2026-03-21T18:39:32","slug":"juodas-klasikinis-kostiumas","status":"publish","type":"product","link":"https:\/\/rasstyle.eu\/en\/product\/juodas-klasikinis-kostiumas\/","title":{"rendered":"Juodas klasikinis kostiumas"},"content":{"rendered":"<p>Tai klasikinis dalykinis kostium\u0117lis su pamu\u0161alu, kuris spinduliuoja profesionalumu, pasitik\u0117jimu savimi ir eleganti\u0161ku minimalizmu. Kostiumas su pie\u0161tuko formos sijonu ir prigludusiu \u0161varku. \u0160is siluetas pabr\u0117\u017eia fig\u016bros linijas, i\u0161laikant grie\u017et\u0105, tvarking\u0105 estetik\u0105. Juoda kostiumo spalva atrodo solid\u017eiai ir yra itin prakti\u0161ka verslo aplinkoje. Tai universalus pasirinkimas, tinkantis tiek svarbioms deryboms, tiek prezentaciniams susitikimams. Kostiumo derinys suformuotas laikantis \u201ema\u017eiau yra daugiau\u201c principo \u2013 be nereikaling\u0173 papuo\u0161al\u0173, fokusuojantis \u012f kokybi\u0161k\u0105 kirpim\u0105 ir tvarking\u0105 i\u0161vaizd\u0105.<\/p>\n<p><em>\u00a0 \u00a0 \u00a0 \u00a0 \u00a0Drabu\u017eiai siuvami siuvykloje Klaip\u0117doje, tod\u0117l pagal poreik\u012f galima keisti modelio detales, ilg\u012f ir spalv\u0105. <\/em><\/p>\n<p><em>\u00a0 \u00a0 \u00a0 \u00a0 \u00a0Kain\u0105 nurodyt\u0105 XS\/S\/M\/L dyd\u017eiui.<\/em><\/p>\n<p><em>\u00a0 \u00a0 \u00a0 \u00a0 Gaminio primatavimai atliekami pagal poreik\u012f. Pasiuvimo terminas 3-4 savait\u0117s. <\/em><\/p>\n<p><em>\u00a0 \u00a0 \u00a0 \u00a0Gaminio gra\u017einimas negalimas nes siuvama pagal individualius i\u0161matavimus.<\/em><\/p>\n<p><em>\u00a0 \u00a0 \u00a0 Reikalinga detalesn\u0117 informacija susiekite tel: +370 65 351 591.<\/em><\/p>","protected":false},"excerpt":{"rendered":"<p>Tai klasikinis dalykinis kostium\u0117lis su pamu\u0161alu, kuris spinduliuoja profesionalumu, pasitik\u0117jimu savimi ir eleganti\u0161ku minimalizmu. Kostiumas su pie\u0161tuko formos sijonu ir prigludusiu \u0161varku. \u0160is siluetas pabr\u0117\u017eia fig\u016bros linijas, i\u0161laikant grie\u017et\u0105, tvarking\u0105 estetik\u0105. Juoda kostiumo spalva atrodo solid\u017eiai ir yra itin prakti\u0161ka verslo aplinkoje. Tai universalus pasirinkimas, tinkantis tiek svarbioms deryboms, tiek prezentaciniams susitikimams. Kostiumo derinys suformuotas &hellip;<\/p>\n<p class=\"read-more\"> <a class=\"\" href=\"https:\/\/rasstyle.eu\/en\/product\/juodas-klasikinis-kostiumas\/\"> <span class=\"screen-reader-text\">Juodas klasikinis kostiumas<\/span> Read More &raquo;<\/a><\/p>","protected":false},"featured_media":1648,"comment_status":"open","ping_status":"closed","template":"","meta":{"site-sidebar-layout":"default","site-content-layout":"","ast-site-content-layout":"default","site-content-style":"default","site-sidebar-style":"default","ast-global-header-display":"","ast-banner-title-visibility":"","ast-main-header-display":"","ast-hfb-above-header-display":"","ast-hfb-below-header-display":"","ast-hfb-mobile-header-display":"","site-post-title":"","ast-breadcrumbs-content":"","ast-featured-img":"","footer-sml-layout":"","theme-transparent-header-meta":"default","adv-header-id-meta":"","stick-header-meta":"","header-above-stick-meta":"","header-main-stick-meta":"","header-below-stick-meta":"","astra-migrate-meta-layouts":"set","ast-page-background-enabled":"default","ast-page-background-meta":{"desktop":{"background-color":"","background-image":"","background-repeat":"repeat","background-position":"center center","background-size":"auto","background-attachment":"scroll","background-type":"","background-media":"","overlay-type":"","overlay-color":"","overlay-gradient":""},"tablet":{"background-color":"","background-image":"","background-repeat":"repeat","background-position":"center center","background-size":"auto","background-attachment":"scroll","background-type":"","background-media":"","overlay-type":"","overlay-color":"","overlay-gradient":""},"mobile":{"background-color":"","background-image":"","background-repeat":"repeat","background-position":"center center","background-size":"auto","background-attachment":"scroll","background-type":"","background-media":"","overlay-type":"","overlay-color":"","overlay-gradient":""}},"ast-content-background-meta":{"desktop":{"background-color":"var(--ast-global-color-5)","background-image":"","background-repeat":"repeat","background-position":"center center","background-size":"auto","background-attachment":"scroll","background-type":"","background-media":"","overlay-type":"","overlay-color":"","overlay-gradient":""},"tablet":{"background-color":"var(--ast-global-color-5)","background-image":"","background-repeat":"repeat","background-position":"center center","background-size":"auto","background-attachment":"scroll","background-type":"","background-media":"","overlay-type":"","overlay-color":"","overlay-gradient":""},"mobile":{"background-color":"var(--ast-global-color-5)","background-image":"","background-repeat":"repeat","background-position":"center center","background-size":"auto","background-attachment":"scroll","background-type":"","background-media":"","overlay-type":"","overlay-color":"","overlay-gradient":""}}},"product_cat":[29,28],"product_tag":[],"class_list":{"0":"post-1647","1":"product","2":"type-product","3":"status-publish","4":"has-post-thumbnail","6":"product_cat-dalykiniai-kostiumai","7":"product_cat-kostiumai","8":"desktop-align-left","9":"tablet-align-left","10":"mobile-align-left","12":"first","13":"instock","14":"shipping-taxable","15":"purchasable","16":"product-type-simple"},"yoast_head":"<!-- This site is optimized with the Yoast SEO plugin v21.7 - https:\/\/yoast.com\/wordpress\/plugins\/seo\/ -->\n<title>Juodas klasikinis kostiumas - Rasstyle.eu - rank\u0173 darbo k\u016briniai<\/title>\n<meta name=\"robots\" content=\"index, follow, max-snippet:-1, max-image-preview:large, max-video-preview:-1\" \/>\n<link rel=\"canonical\" href=\"https:\/\/rasstyle.eu\/en\/product\/juodas-klasikinis-kostiumas\/\" \/>\n<meta property=\"og:locale\" content=\"en_GB\" \/>\n<meta property=\"og:type\" content=\"article\" \/>\n<meta property=\"og:title\" content=\"Juodas klasikinis kostiumas - Rasstyle.eu - rank\u0173 darbo k\u016briniai\" \/>\n<meta property=\"og:description\" content=\"Tai klasikinis dalykinis kostium\u0117lis su pamu\u0161alu, kuris spinduliuoja profesionalumu, pasitik\u0117jimu savimi ir eleganti\u0161ku minimalizmu. Kostiumas su pie\u0161tuko formos sijonu ir prigludusiu \u0161varku. \u0160is siluetas pabr\u0117\u017eia fig\u016bros linijas, i\u0161laikant grie\u017et\u0105, tvarking\u0105 estetik\u0105. Juoda kostiumo spalva atrodo solid\u017eiai ir yra itin prakti\u0161ka verslo aplinkoje. Tai universalus pasirinkimas, tinkantis tiek svarbioms deryboms, tiek prezentaciniams susitikimams. Kostiumo derinys suformuotas &hellip; Juodas klasikinis kostiumas Read More &raquo;\" \/>\n<meta property=\"og:url\" content=\"https:\/\/rasstyle.eu\/en\/product\/juodas-klasikinis-kostiumas\/\" \/>\n<meta property=\"og:site_name\" content=\"Rasstyle.eu - rank\u0173 darbo k\u016briniai\" \/>\n<meta property=\"og:image\" content=\"https:\/\/rasstyle.eu\/wp-content\/uploads\/2026\/03\/1.jpg\" \/>\n\t<meta property=\"og:image:width\" content=\"479\" \/>\n\t<meta property=\"og:image:height\" content=\"1024\" \/>\n\t<meta property=\"og:image:type\" content=\"image\/jpeg\" \/>\n<meta name=\"twitter:card\" content=\"summary_large_image\" \/>\n<meta name=\"twitter:label1\" content=\"Estimated reading time\" \/>\n\t<meta name=\"twitter:data1\" content=\"1 minute\" \/>\n<script type=\"application\/ld+json\" class=\"yoast-schema-graph\">{\"@context\":\"https:\/\/schema.org\",\"@graph\":[{\"@type\":\"WebPage\",\"@id\":\"https:\/\/rasstyle.eu\/produktas\/juodas-klasikinis-kostiumas\/\",\"url\":\"https:\/\/rasstyle.eu\/produktas\/juodas-klasikinis-kostiumas\/\",\"name\":\"Juodas klasikinis kostiumas - Rasstyle.eu - rank\u0173 darbo k\u016briniai\",\"isPartOf\":{\"@id\":\"https:\/\/rasstyle.eu\/#website\"},\"datePublished\":\"2026-03-21T18:39:32+00:00\",\"dateModified\":\"2026-03-21T18:39:32+00:00\",\"breadcrumb\":{\"@id\":\"https:\/\/rasstyle.eu\/produktas\/juodas-klasikinis-kostiumas\/#breadcrumb\"},\"inLanguage\":\"en-GB\",\"potentialAction\":[{\"@type\":\"ReadAction\",\"target\":[\"https:\/\/rasstyle.eu\/produktas\/juodas-klasikinis-kostiumas\/\"]}]},{\"@type\":\"BreadcrumbList\",\"@id\":\"https:\/\/rasstyle.eu\/produktas\/juodas-klasikinis-kostiumas\/#breadcrumb\",\"itemListElement\":[{\"@type\":\"ListItem\",\"position\":1,\"name\":\"Home\",\"item\":\"https:\/\/rasstyle.eu\/\"},{\"@type\":\"ListItem\",\"position\":2,\"name\":\"Produktai\",\"item\":\"https:\/\/rasstyle.eu\/produktai\/\"},{\"@type\":\"ListItem\",\"position\":3,\"name\":\"Juodas klasikinis kostiumas\"}]},{\"@type\":\"WebSite\",\"@id\":\"https:\/\/rasstyle.eu\/#website\",\"url\":\"https:\/\/rasstyle.eu\/\",\"name\":\"Rasstyle.eu - rank\u0173 darbo k\u016briniai\",\"description\":\"\",\"publisher\":{\"@id\":\"https:\/\/rasstyle.eu\/#organization\"},\"potentialAction\":[{\"@type\":\"SearchAction\",\"target\":{\"@type\":\"EntryPoint\",\"urlTemplate\":\"https:\/\/rasstyle.eu\/?s={search_term_string}\"},\"query-input\":\"required name=search_term_string\"}],\"inLanguage\":\"en-GB\"},{\"@type\":\"Organization\",\"@id\":\"https:\/\/rasstyle.eu\/#organization\",\"name\":\"Rasstyle.eu - rank\u0173 darbo k\u016briniai\",\"url\":\"https:\/\/rasstyle.eu\/\",\"logo\":{\"@type\":\"ImageObject\",\"inLanguage\":\"en-GB\",\"@id\":\"https:\/\/rasstyle.eu\/#\/schema\/logo\/image\/\",\"url\":\"https:\/\/rasstyle.eu\/wp-content\/uploads\/2023\/12\/cropped-logo-no-background-1.png\",\"contentUrl\":\"https:\/\/rasstyle.eu\/wp-content\/uploads\/2023\/12\/cropped-logo-no-background-1.png\",\"width\":1500,\"height\":265,\"caption\":\"Rasstyle.eu - rank\u0173 darbo k\u016briniai\"},\"image\":{\"@id\":\"https:\/\/rasstyle.eu\/#\/schema\/logo\/image\/\"}}]}<\/script>\n<!-- \/ Yoast SEO plugin. -->","yoast_head_json":{"title":"Juodas klasikinis kostiumas - Rasstyle.eu - rank\u0173 darbo k\u016briniai","robots":{"index":"index","follow":"follow","max-snippet":"max-snippet:-1","max-image-preview":"max-image-preview:large","max-video-preview":"max-video-preview:-1"},"canonical":"https:\/\/rasstyle.eu\/en\/product\/juodas-klasikinis-kostiumas\/","og_locale":"en_GB","og_type":"article","og_title":"Juodas klasikinis kostiumas - Rasstyle.eu - rank\u0173 darbo k\u016briniai","og_description":"Tai klasikinis dalykinis kostium\u0117lis su pamu\u0161alu, kuris spinduliuoja profesionalumu, pasitik\u0117jimu savimi ir eleganti\u0161ku minimalizmu. Kostiumas su pie\u0161tuko formos sijonu ir prigludusiu \u0161varku. \u0160is siluetas pabr\u0117\u017eia fig\u016bros linijas, i\u0161laikant grie\u017et\u0105, tvarking\u0105 estetik\u0105. Juoda kostiumo spalva atrodo solid\u017eiai ir yra itin prakti\u0161ka verslo aplinkoje. Tai universalus pasirinkimas, tinkantis tiek svarbioms deryboms, tiek prezentaciniams susitikimams. Kostiumo derinys suformuotas &hellip; Juodas klasikinis kostiumas Read More &raquo;","og_url":"https:\/\/rasstyle.eu\/en\/product\/juodas-klasikinis-kostiumas\/","og_site_name":"Rasstyle.eu - rank\u0173 darbo k\u016briniai","og_image":[{"width":479,"height":1024,"url":"https:\/\/rasstyle.eu\/wp-content\/uploads\/2026\/03\/1.jpg","type":"image\/jpeg"}],"twitter_card":"summary_large_image","twitter_misc":{"Estimated reading time":"1 minute"},"schema":{"@context":"https:\/\/schema.org","@graph":[{"@type":"WebPage","@id":"https:\/\/rasstyle.eu\/produktas\/juodas-klasikinis-kostiumas\/","url":"https:\/\/rasstyle.eu\/produktas\/juodas-klasikinis-kostiumas\/","name":"Juodas klasikinis kostiumas - Rasstyle.eu - rank\u0173 darbo k\u016briniai","isPartOf":{"@id":"https:\/\/rasstyle.eu\/#website"},"datePublished":"2026-03-21T18:39:32+00:00","dateModified":"2026-03-21T18:39:32+00:00","breadcrumb":{"@id":"https:\/\/rasstyle.eu\/produktas\/juodas-klasikinis-kostiumas\/#breadcrumb"},"inLanguage":"en-GB","potentialAction":[{"@type":"ReadAction","target":["https:\/\/rasstyle.eu\/produktas\/juodas-klasikinis-kostiumas\/"]}]},{"@type":"BreadcrumbList","@id":"https:\/\/rasstyle.eu\/produktas\/juodas-klasikinis-kostiumas\/#breadcrumb","itemListElement":[{"@type":"ListItem","position":1,"name":"Home","item":"https:\/\/rasstyle.eu\/"},{"@type":"ListItem","position":2,"name":"Produktai","item":"https:\/\/rasstyle.eu\/produktai\/"},{"@type":"ListItem","position":3,"name":"Juodas klasikinis kostiumas"}]},{"@type":"WebSite","@id":"https:\/\/rasstyle.eu\/#website","url":"https:\/\/rasstyle.eu\/","name":"Rasstyle.eu - rank\u0173 darbo k\u016briniai","description":"","publisher":{"@id":"https:\/\/rasstyle.eu\/#organization"},"potentialAction":[{"@type":"SearchAction","target":{"@type":"EntryPoint","urlTemplate":"https:\/\/rasstyle.eu\/?s={search_term_string}"},"query-input":"required name=search_term_string"}],"inLanguage":"en-GB"},{"@type":"Organization","@id":"https:\/\/rasstyle.eu\/#organization","name":"Rasstyle.eu - rank\u0173 darbo k\u016briniai","url":"https:\/\/rasstyle.eu\/","logo":{"@type":"ImageObject","inLanguage":"en-GB","@id":"https:\/\/rasstyle.eu\/#\/schema\/logo\/image\/","url":"https:\/\/rasstyle.eu\/wp-content\/uploads\/2023\/12\/cropped-logo-no-background-1.png","contentUrl":"https:\/\/rasstyle.eu\/wp-content\/uploads\/2023\/12\/cropped-logo-no-background-1.png","width":1500,"height":265,"caption":"Rasstyle.eu - rank\u0173 darbo k\u016briniai"},"image":{"@id":"https:\/\/rasstyle.eu\/#\/schema\/logo\/image\/"}}]}},"_links":{"self":[{"href":"https:\/\/rasstyle.eu\/en\/wp-json\/wp\/v2\/product\/1647","targetHints":{"allow":["GET"]}}],"collection":[{"href":"https:\/\/rasstyle.eu\/en\/wp-json\/wp\/v2\/product"}],"about":[{"href":"https:\/\/rasstyle.eu\/en\/wp-json\/wp\/v2\/types\/product"}],"replies":[{"embeddable":true,"href":"https:\/\/rasstyle.eu\/en\/wp-json\/wp\/v2\/comments?post=1647"}],"wp:featuredmedia":[{"embeddable":true,"href":"https:\/\/rasstyle.eu\/en\/wp-json\/wp\/v2\/media\/1648"}],"wp:attachment":[{"href":"https:\/\/rasstyle.eu\/en\/wp-json\/wp\/v2\/media?parent=1647"}],"wp:term":[{"taxonomy":"product_cat","embeddable":true,"href":"https:\/\/rasstyle.eu\/en\/wp-json\/wp\/v2\/product_cat?post=1647"},{"taxonomy":"product_tag","embeddable":true,"href":"https:\/\/rasstyle.eu\/en\/wp-json\/wp\/v2\/product_tag?post=1647"}],"curies":[{"name":"wp","href":"https:\/\/api.w.org\/{rel}","templated":true}]}}