{"id":1641,"date":"2026-03-02T17:25:37","date_gmt":"2026-03-02T17:25:37","guid":{"rendered":"https:\/\/rasstyle.eu\/?post_type=product&#038;p=1641"},"modified":"2026-03-02T17:26:25","modified_gmt":"2026-03-02T17:26:25","slug":"laisvalaikio-kelnes-free-2","status":"publish","type":"product","link":"https:\/\/rasstyle.eu\/en\/product\/laisvalaikio-kelnes-free-2\/","title":{"rendered":"Laisvalaikio keln\u0117s Free 2"},"content":{"rendered":"<p>Ry\u0161kus kelni\u0173 derinys, kuriame susilieja sportiniai elementai ir urbanistin\u0117 estetika. Tai laisvalaikio keln\u0117s su ki\u0161en\u0117mis \u0161onuose. Kelni\u0173 dizainas i\u0161siskiria kontrastingu, apvaliu kirpimu priekyje ir suraukta apa\u010dia. Tai patogus, dr\u0105sus ir jaunatvi\u0161kas derinys, skirtas savirai\u0161kai mieste. Raudonos spalvos akcentai suteikia energingumo, o juoda spalva \u2013 solidumo.<\/p>\n<p><em>\u00a0 \u00a0 \u00a0 \u00a0 \u00a0 Drabu\u017eiai siuvami siuvykloje Klaip\u0117doje, tod\u0117l pagal poreik\u012f galima keisti modelio detales, ilg\u012f ir spalv\u0105. <\/em><\/p>\n<p><em>\u00a0 \u00a0 \u00a0 \u00a0 \u00a0Kain\u0105 nurodyt\u0105 XS\/S\/M\/L dyd\u017eiui.<\/em><\/p>\n<p><em>\u00a0 \u00a0 \u00a0 \u00a0 \u00a0Gaminio primatavimai atliekami pagal poreik\u012f. Pasiuvimo terminas 3-4 savait\u0117s. <\/em><\/p>\n<p><em>\u00a0 \u00a0 \u00a0 \u00a0 Gaminio gra\u017einimas negalimas nes siuvama pagal individualius i\u0161matavimus.<\/em><\/p>\n<p><em>\u00a0 \u00a0 \u00a0 \u00a0 Reikalinga detalesn\u0117 informacija susiekite tel: +370 65 351 591.<\/em><\/p>","protected":false},"excerpt":{"rendered":"<p>Ry\u0161kus kelni\u0173 derinys, kuriame susilieja sportiniai elementai ir urbanistin\u0117 estetika. Tai laisvalaikio keln\u0117s su ki\u0161en\u0117mis \u0161onuose. Kelni\u0173 dizainas i\u0161siskiria kontrastingu, apvaliu kirpimu priekyje ir suraukta apa\u010dia. Tai patogus, dr\u0105sus ir jaunatvi\u0161kas derinys, skirtas savirai\u0161kai mieste. Raudonos spalvos akcentai suteikia energingumo, o juoda spalva \u2013 solidumo. \u00a0 \u00a0 \u00a0 \u00a0 \u00a0 Drabu\u017eiai siuvami siuvykloje Klaip\u0117doje, tod\u0117l &hellip;<\/p>\n<p class=\"read-more\"> <a class=\"\" href=\"https:\/\/rasstyle.eu\/en\/product\/laisvalaikio-kelnes-free-2\/\"> <span class=\"screen-reader-text\">Laisvalaikio keln\u0117s Free 2<\/span> Read More &raquo;<\/a><\/p>","protected":false},"featured_media":1642,"comment_status":"open","ping_status":"closed","template":"","meta":{"site-sidebar-layout":"default","site-content-layout":"","ast-site-content-layout":"default","site-content-style":"default","site-sidebar-style":"default","ast-global-header-display":"","ast-banner-title-visibility":"","ast-main-header-display":"","ast-hfb-above-header-display":"","ast-hfb-below-header-display":"","ast-hfb-mobile-header-display":"","site-post-title":"","ast-breadcrumbs-content":"","ast-featured-img":"","footer-sml-layout":"","theme-transparent-header-meta":"default","adv-header-id-meta":"","stick-header-meta":"","header-above-stick-meta":"","header-main-stick-meta":"","header-below-stick-meta":"","astra-migrate-meta-layouts":"set","ast-page-background-enabled":"default","ast-page-background-meta":{"desktop":{"background-color":"","background-image":"","background-repeat":"repeat","background-position":"center center","background-size":"auto","background-attachment":"scroll","background-type":"","background-media":"","overlay-type":"","overlay-color":"","overlay-gradient":""},"tablet":{"background-color":"","background-image":"","background-repeat":"repeat","background-position":"center center","background-size":"auto","background-attachment":"scroll","background-type":"","background-media":"","overlay-type":"","overlay-color":"","overlay-gradient":""},"mobile":{"background-color":"","background-image":"","background-repeat":"repeat","background-position":"center center","background-size":"auto","background-attachment":"scroll","background-type":"","background-media":"","overlay-type":"","overlay-color":"","overlay-gradient":""}},"ast-content-background-meta":{"desktop":{"background-color":"var(--ast-global-color-5)","background-image":"","background-repeat":"repeat","background-position":"center center","background-size":"auto","background-attachment":"scroll","background-type":"","background-media":"","overlay-type":"","overlay-color":"","overlay-gradient":""},"tablet":{"background-color":"var(--ast-global-color-5)","background-image":"","background-repeat":"repeat","background-position":"center center","background-size":"auto","background-attachment":"scroll","background-type":"","background-media":"","overlay-type":"","overlay-color":"","overlay-gradient":""},"mobile":{"background-color":"var(--ast-global-color-5)","background-image":"","background-repeat":"repeat","background-position":"center center","background-size":"auto","background-attachment":"scroll","background-type":"","background-media":"","overlay-type":"","overlay-color":"","overlay-gradient":""}}},"product_cat":[42],"product_tag":[],"class_list":{"0":"post-1641","1":"product","2":"type-product","3":"status-publish","4":"has-post-thumbnail","6":"product_cat-kelnes","7":"desktop-align-left","8":"tablet-align-left","9":"mobile-align-left","11":"first","12":"instock","13":"shipping-taxable","14":"purchasable","15":"product-type-simple"},"yoast_head":"<!-- This site is optimized with the Yoast SEO plugin v21.7 - https:\/\/yoast.com\/wordpress\/plugins\/seo\/ -->\n<title>Laisvalaikio keln\u0117s Free 2 - Rasstyle.eu - rank\u0173 darbo k\u016briniai<\/title>\n<meta name=\"robots\" content=\"index, follow, max-snippet:-1, max-image-preview:large, max-video-preview:-1\" \/>\n<link rel=\"canonical\" href=\"https:\/\/rasstyle.eu\/en\/product\/laisvalaikio-kelnes-free-2\/\" \/>\n<meta property=\"og:locale\" content=\"en_GB\" \/>\n<meta property=\"og:type\" content=\"article\" \/>\n<meta property=\"og:title\" content=\"Laisvalaikio keln\u0117s Free 2 - Rasstyle.eu - rank\u0173 darbo k\u016briniai\" \/>\n<meta property=\"og:description\" content=\"Ry\u0161kus kelni\u0173 derinys, kuriame susilieja sportiniai elementai ir urbanistin\u0117 estetika. Tai laisvalaikio keln\u0117s su ki\u0161en\u0117mis \u0161onuose. Kelni\u0173 dizainas i\u0161siskiria kontrastingu, apvaliu kirpimu priekyje ir suraukta apa\u010dia. Tai patogus, dr\u0105sus ir jaunatvi\u0161kas derinys, skirtas savirai\u0161kai mieste. Raudonos spalvos akcentai suteikia energingumo, o juoda spalva \u2013 solidumo. \u00a0 \u00a0 \u00a0 \u00a0 \u00a0 Drabu\u017eiai siuvami siuvykloje Klaip\u0117doje, tod\u0117l &hellip; Laisvalaikio keln\u0117s Free 2 Read More &raquo;\" \/>\n<meta property=\"og:url\" content=\"https:\/\/rasstyle.eu\/en\/product\/laisvalaikio-kelnes-free-2\/\" \/>\n<meta property=\"og:site_name\" content=\"Rasstyle.eu - rank\u0173 darbo k\u016briniai\" \/>\n<meta property=\"article:modified_time\" content=\"2026-03-02T17:26:25+00:00\" \/>\n<meta property=\"og:image\" content=\"https:\/\/rasstyle.eu\/wp-content\/uploads\/2026\/03\/6.jpg\" \/>\n\t<meta property=\"og:image:width\" content=\"747\" \/>\n\t<meta property=\"og:image:height\" content=\"1024\" \/>\n\t<meta property=\"og:image:type\" content=\"image\/jpeg\" \/>\n<meta name=\"twitter:card\" content=\"summary_large_image\" \/>\n<meta name=\"twitter:label1\" content=\"Estimated reading time\" \/>\n\t<meta name=\"twitter:data1\" content=\"1 minute\" \/>\n<script type=\"application\/ld+json\" class=\"yoast-schema-graph\">{\"@context\":\"https:\/\/schema.org\",\"@graph\":[{\"@type\":\"WebPage\",\"@id\":\"https:\/\/rasstyle.eu\/produktas\/laisvalaikio-kelnes-free-2\/\",\"url\":\"https:\/\/rasstyle.eu\/produktas\/laisvalaikio-kelnes-free-2\/\",\"name\":\"Laisvalaikio keln\u0117s Free 2 - Rasstyle.eu - rank\u0173 darbo k\u016briniai\",\"isPartOf\":{\"@id\":\"https:\/\/rasstyle.eu\/#website\"},\"datePublished\":\"2026-03-02T17:25:37+00:00\",\"dateModified\":\"2026-03-02T17:26:25+00:00\",\"breadcrumb\":{\"@id\":\"https:\/\/rasstyle.eu\/produktas\/laisvalaikio-kelnes-free-2\/#breadcrumb\"},\"inLanguage\":\"en-GB\",\"potentialAction\":[{\"@type\":\"ReadAction\",\"target\":[\"https:\/\/rasstyle.eu\/produktas\/laisvalaikio-kelnes-free-2\/\"]}]},{\"@type\":\"BreadcrumbList\",\"@id\":\"https:\/\/rasstyle.eu\/produktas\/laisvalaikio-kelnes-free-2\/#breadcrumb\",\"itemListElement\":[{\"@type\":\"ListItem\",\"position\":1,\"name\":\"Home\",\"item\":\"https:\/\/rasstyle.eu\/\"},{\"@type\":\"ListItem\",\"position\":2,\"name\":\"Produktai\",\"item\":\"https:\/\/rasstyle.eu\/produktai\/\"},{\"@type\":\"ListItem\",\"position\":3,\"name\":\"Laisvalaikio keln\u0117s Free 2\"}]},{\"@type\":\"WebSite\",\"@id\":\"https:\/\/rasstyle.eu\/#website\",\"url\":\"https:\/\/rasstyle.eu\/\",\"name\":\"Rasstyle.eu - rank\u0173 darbo k\u016briniai\",\"description\":\"\",\"publisher\":{\"@id\":\"https:\/\/rasstyle.eu\/#organization\"},\"potentialAction\":[{\"@type\":\"SearchAction\",\"target\":{\"@type\":\"EntryPoint\",\"urlTemplate\":\"https:\/\/rasstyle.eu\/?s={search_term_string}\"},\"query-input\":\"required name=search_term_string\"}],\"inLanguage\":\"en-GB\"},{\"@type\":\"Organization\",\"@id\":\"https:\/\/rasstyle.eu\/#organization\",\"name\":\"Rasstyle.eu - rank\u0173 darbo k\u016briniai\",\"url\":\"https:\/\/rasstyle.eu\/\",\"logo\":{\"@type\":\"ImageObject\",\"inLanguage\":\"en-GB\",\"@id\":\"https:\/\/rasstyle.eu\/#\/schema\/logo\/image\/\",\"url\":\"https:\/\/rasstyle.eu\/wp-content\/uploads\/2023\/12\/cropped-logo-no-background-1.png\",\"contentUrl\":\"https:\/\/rasstyle.eu\/wp-content\/uploads\/2023\/12\/cropped-logo-no-background-1.png\",\"width\":1500,\"height\":265,\"caption\":\"Rasstyle.eu - rank\u0173 darbo k\u016briniai\"},\"image\":{\"@id\":\"https:\/\/rasstyle.eu\/#\/schema\/logo\/image\/\"}}]}<\/script>\n<!-- \/ Yoast SEO plugin. -->","yoast_head_json":{"title":"Laisvalaikio keln\u0117s Free 2 - Rasstyle.eu - rank\u0173 darbo k\u016briniai","robots":{"index":"index","follow":"follow","max-snippet":"max-snippet:-1","max-image-preview":"max-image-preview:large","max-video-preview":"max-video-preview:-1"},"canonical":"https:\/\/rasstyle.eu\/en\/product\/laisvalaikio-kelnes-free-2\/","og_locale":"en_GB","og_type":"article","og_title":"Laisvalaikio keln\u0117s Free 2 - Rasstyle.eu - rank\u0173 darbo k\u016briniai","og_description":"Ry\u0161kus kelni\u0173 derinys, kuriame susilieja sportiniai elementai ir urbanistin\u0117 estetika. Tai laisvalaikio keln\u0117s su ki\u0161en\u0117mis \u0161onuose. Kelni\u0173 dizainas i\u0161siskiria kontrastingu, apvaliu kirpimu priekyje ir suraukta apa\u010dia. Tai patogus, dr\u0105sus ir jaunatvi\u0161kas derinys, skirtas savirai\u0161kai mieste. Raudonos spalvos akcentai suteikia energingumo, o juoda spalva \u2013 solidumo. \u00a0 \u00a0 \u00a0 \u00a0 \u00a0 Drabu\u017eiai siuvami siuvykloje Klaip\u0117doje, tod\u0117l &hellip; Laisvalaikio keln\u0117s Free 2 Read More &raquo;","og_url":"https:\/\/rasstyle.eu\/en\/product\/laisvalaikio-kelnes-free-2\/","og_site_name":"Rasstyle.eu - rank\u0173 darbo k\u016briniai","article_modified_time":"2026-03-02T17:26:25+00:00","og_image":[{"width":747,"height":1024,"url":"https:\/\/rasstyle.eu\/wp-content\/uploads\/2026\/03\/6.jpg","type":"image\/jpeg"}],"twitter_card":"summary_large_image","twitter_misc":{"Estimated reading time":"1 minute"},"schema":{"@context":"https:\/\/schema.org","@graph":[{"@type":"WebPage","@id":"https:\/\/rasstyle.eu\/produktas\/laisvalaikio-kelnes-free-2\/","url":"https:\/\/rasstyle.eu\/produktas\/laisvalaikio-kelnes-free-2\/","name":"Laisvalaikio keln\u0117s Free 2 - Rasstyle.eu - rank\u0173 darbo k\u016briniai","isPartOf":{"@id":"https:\/\/rasstyle.eu\/#website"},"datePublished":"2026-03-02T17:25:37+00:00","dateModified":"2026-03-02T17:26:25+00:00","breadcrumb":{"@id":"https:\/\/rasstyle.eu\/produktas\/laisvalaikio-kelnes-free-2\/#breadcrumb"},"inLanguage":"en-GB","potentialAction":[{"@type":"ReadAction","target":["https:\/\/rasstyle.eu\/produktas\/laisvalaikio-kelnes-free-2\/"]}]},{"@type":"BreadcrumbList","@id":"https:\/\/rasstyle.eu\/produktas\/laisvalaikio-kelnes-free-2\/#breadcrumb","itemListElement":[{"@type":"ListItem","position":1,"name":"Home","item":"https:\/\/rasstyle.eu\/"},{"@type":"ListItem","position":2,"name":"Produktai","item":"https:\/\/rasstyle.eu\/produktai\/"},{"@type":"ListItem","position":3,"name":"Laisvalaikio keln\u0117s Free 2"}]},{"@type":"WebSite","@id":"https:\/\/rasstyle.eu\/#website","url":"https:\/\/rasstyle.eu\/","name":"Rasstyle.eu - rank\u0173 darbo k\u016briniai","description":"","publisher":{"@id":"https:\/\/rasstyle.eu\/#organization"},"potentialAction":[{"@type":"SearchAction","target":{"@type":"EntryPoint","urlTemplate":"https:\/\/rasstyle.eu\/?s={search_term_string}"},"query-input":"required name=search_term_string"}],"inLanguage":"en-GB"},{"@type":"Organization","@id":"https:\/\/rasstyle.eu\/#organization","name":"Rasstyle.eu - rank\u0173 darbo k\u016briniai","url":"https:\/\/rasstyle.eu\/","logo":{"@type":"ImageObject","inLanguage":"en-GB","@id":"https:\/\/rasstyle.eu\/#\/schema\/logo\/image\/","url":"https:\/\/rasstyle.eu\/wp-content\/uploads\/2023\/12\/cropped-logo-no-background-1.png","contentUrl":"https:\/\/rasstyle.eu\/wp-content\/uploads\/2023\/12\/cropped-logo-no-background-1.png","width":1500,"height":265,"caption":"Rasstyle.eu - rank\u0173 darbo k\u016briniai"},"image":{"@id":"https:\/\/rasstyle.eu\/#\/schema\/logo\/image\/"}}]}},"_links":{"self":[{"href":"https:\/\/rasstyle.eu\/en\/wp-json\/wp\/v2\/product\/1641","targetHints":{"allow":["GET"]}}],"collection":[{"href":"https:\/\/rasstyle.eu\/en\/wp-json\/wp\/v2\/product"}],"about":[{"href":"https:\/\/rasstyle.eu\/en\/wp-json\/wp\/v2\/types\/product"}],"replies":[{"embeddable":true,"href":"https:\/\/rasstyle.eu\/en\/wp-json\/wp\/v2\/comments?post=1641"}],"wp:featuredmedia":[{"embeddable":true,"href":"https:\/\/rasstyle.eu\/en\/wp-json\/wp\/v2\/media\/1642"}],"wp:attachment":[{"href":"https:\/\/rasstyle.eu\/en\/wp-json\/wp\/v2\/media?parent=1641"}],"wp:term":[{"taxonomy":"product_cat","embeddable":true,"href":"https:\/\/rasstyle.eu\/en\/wp-json\/wp\/v2\/product_cat?post=1641"},{"taxonomy":"product_tag","embeddable":true,"href":"https:\/\/rasstyle.eu\/en\/wp-json\/wp\/v2\/product_tag?post=1641"}],"curies":[{"name":"wp","href":"https:\/\/api.w.org\/{rel}","templated":true}]}}