{"id":1632,"date":"2026-02-15T08:17:13","date_gmt":"2026-02-15T08:17:13","guid":{"rendered":"https:\/\/rasstyle.eu\/?post_type=product&#038;p=1632"},"modified":"2026-02-15T08:17:13","modified_gmt":"2026-02-15T08:17:13","slug":"bohemisko-laisvalaikio-lino-suknele","status":"publish","type":"product","link":"https:\/\/rasstyle.eu\/en\/product\/bohemisko-laisvalaikio-lino-suknele\/","title":{"rendered":"Bohemi\u0161ko laisvalaikio lino suknel\u0117"},"content":{"rendered":"<p style=\"text-align: left;\">\u00a0 \u00a0 \u00a0 \u00a0 \u00a0 Nat\u016bralaus lino bohemi\u0161ko stiliaus suknel\u0117, kurioje dominuoja pastelin\u0117s spalvos ir n\u0117riniai. Suknel\u0117 padalinta \u012f dvi dalis. Vir\u0161utin\u0117 dalis yra pilk\u0161vos spalvos su smulkiu tekst\u016briniu ra\u0161tu. Apatin\u0117 dalis \u2013 sniego baltumo, suteikianti \u012fvaizd\u017eiui lengvumo. \u00a0Suknel\u0117s apa\u010dia u\u017ebaigta pla\u010diu raukiniu, kuris suteikia \u201eA\u201c formos siluetui apimties. \u0160onuose su ki\u0161en\u0117mis. Rankovi\u0173 kra\u0161tai ir suknel\u0117s apa\u010dia papuo\u0161ti subtiliais n\u0117riniais, priduoda vinta\u017einio prieskonio. Baltas lino dir\u017eas, suri\u0161tas kaspinu, pabr\u0117\u017eia liemen\u012f ir sujungia vir\u0161utin\u0119 bei apatin\u0119 drabu\u017eio dalis. Norint laisvumo galima d\u0117v\u0117ti ir be dir\u017eo. Suknel\u0117 puikiai tiks pasivaik\u0161\u010diojimui mieste, susitikimui kavin\u0117je ar laisvalaikiui gamtoje.<\/p>\n<p><em>\u00a0 \u00a0 \u00a0 \u00a0 \u00a0 Drabu\u017eiai siuvami siuvykloje Klaip\u0117doje, tod\u0117l pagal poreik\u012f galima keisti modelio detales, ilg\u012f ir spalv\u0105. <\/em><\/p>\n<p><em>\u00a0 \u00a0 \u00a0 \u00a0 \u00a0Kain\u0105 nurodyt\u0105 XS-S dyd\u017eiui.<\/em><\/p>\n<p><em>\u00a0 \u00a0 \u00a0 \u00a0 \u00a0Gaminio primatavimai atliekami pagal poreik\u012f. Pasiuvimo terminas 3-4 savait\u0117s. <\/em><\/p>\n<p><em>\u00a0 \u00a0 \u00a0 \u00a0 Gaminio gra\u017einimas negalimas nes siuvama pagal individualius i\u0161matavimus.<\/em><\/p>\n<p><em>\u00a0 \u00a0 \u00a0 \u00a0Reikalinga detalesn\u0117 informacija susiekite tel: +370 65 351 591<\/em><\/p>","protected":false},"excerpt":{"rendered":"<p>\u00a0 \u00a0 \u00a0 \u00a0 \u00a0 Nat\u016bralaus lino bohemi\u0161ko stiliaus suknel\u0117, kurioje dominuoja pastelin\u0117s spalvos ir n\u0117riniai. Suknel\u0117 padalinta \u012f dvi dalis. Vir\u0161utin\u0117 dalis yra pilk\u0161vos spalvos su smulkiu tekst\u016briniu ra\u0161tu. Apatin\u0117 dalis \u2013 sniego baltumo, suteikianti \u012fvaizd\u017eiui lengvumo. \u00a0Suknel\u0117s apa\u010dia u\u017ebaigta pla\u010diu raukiniu, kuris suteikia \u201eA\u201c formos siluetui apimties. \u0160onuose su ki\u0161en\u0117mis. Rankovi\u0173 kra\u0161tai ir &hellip;<\/p>\n<p class=\"read-more\"> <a class=\"\" href=\"https:\/\/rasstyle.eu\/en\/product\/bohemisko-laisvalaikio-lino-suknele\/\"> <span class=\"screen-reader-text\">Bohemi\u0161ko laisvalaikio lino suknel\u0117<\/span> Read More &raquo;<\/a><\/p>","protected":false},"featured_media":1633,"comment_status":"open","ping_status":"closed","template":"","meta":{"site-sidebar-layout":"default","site-content-layout":"","ast-site-content-layout":"default","site-content-style":"default","site-sidebar-style":"default","ast-global-header-display":"","ast-banner-title-visibility":"","ast-main-header-display":"","ast-hfb-above-header-display":"","ast-hfb-below-header-display":"","ast-hfb-mobile-header-display":"","site-post-title":"","ast-breadcrumbs-content":"","ast-featured-img":"","footer-sml-layout":"","theme-transparent-header-meta":"default","adv-header-id-meta":"","stick-header-meta":"","header-above-stick-meta":"","header-main-stick-meta":"","header-below-stick-meta":"","astra-migrate-meta-layouts":"set","ast-page-background-enabled":"default","ast-page-background-meta":{"desktop":{"background-color":"","background-image":"","background-repeat":"repeat","background-position":"center center","background-size":"auto","background-attachment":"scroll","background-type":"","background-media":"","overlay-type":"","overlay-color":"","overlay-gradient":""},"tablet":{"background-color":"","background-image":"","background-repeat":"repeat","background-position":"center center","background-size":"auto","background-attachment":"scroll","background-type":"","background-media":"","overlay-type":"","overlay-color":"","overlay-gradient":""},"mobile":{"background-color":"","background-image":"","background-repeat":"repeat","background-position":"center center","background-size":"auto","background-attachment":"scroll","background-type":"","background-media":"","overlay-type":"","overlay-color":"","overlay-gradient":""}},"ast-content-background-meta":{"desktop":{"background-color":"var(--ast-global-color-5)","background-image":"","background-repeat":"repeat","background-position":"center center","background-size":"auto","background-attachment":"scroll","background-type":"","background-media":"","overlay-type":"","overlay-color":"","overlay-gradient":""},"tablet":{"background-color":"var(--ast-global-color-5)","background-image":"","background-repeat":"repeat","background-position":"center center","background-size":"auto","background-attachment":"scroll","background-type":"","background-media":"","overlay-type":"","overlay-color":"","overlay-gradient":""},"mobile":{"background-color":"var(--ast-global-color-5)","background-image":"","background-repeat":"repeat","background-position":"center center","background-size":"auto","background-attachment":"scroll","background-type":"","background-media":"","overlay-type":"","overlay-color":"","overlay-gradient":""}}},"product_cat":[34,32],"product_tag":[],"class_list":{"0":"post-1632","1":"product","2":"type-product","3":"status-publish","4":"has-post-thumbnail","6":"product_cat-linines-sukneles","7":"product_cat-sukneles","8":"desktop-align-left","9":"tablet-align-left","10":"mobile-align-left","12":"first","13":"instock","14":"shipping-taxable","15":"purchasable","16":"product-type-simple"},"yoast_head":"<!-- This site is optimized with the Yoast SEO plugin v21.7 - https:\/\/yoast.com\/wordpress\/plugins\/seo\/ -->\n<title>Bohemi\u0161ko laisvalaikio lino suknel\u0117 - Rasstyle.eu - rank\u0173 darbo k\u016briniai<\/title>\n<meta name=\"robots\" content=\"index, follow, max-snippet:-1, max-image-preview:large, max-video-preview:-1\" \/>\n<link rel=\"canonical\" href=\"https:\/\/rasstyle.eu\/en\/product\/bohemisko-laisvalaikio-lino-suknele\/\" \/>\n<meta property=\"og:locale\" content=\"en_GB\" \/>\n<meta property=\"og:type\" content=\"article\" \/>\n<meta property=\"og:title\" content=\"Bohemi\u0161ko laisvalaikio lino suknel\u0117 - Rasstyle.eu - rank\u0173 darbo k\u016briniai\" \/>\n<meta property=\"og:description\" content=\"\u00a0 \u00a0 \u00a0 \u00a0 \u00a0 Nat\u016bralaus lino bohemi\u0161ko stiliaus suknel\u0117, kurioje dominuoja pastelin\u0117s spalvos ir n\u0117riniai. Suknel\u0117 padalinta \u012f dvi dalis. Vir\u0161utin\u0117 dalis yra pilk\u0161vos spalvos su smulkiu tekst\u016briniu ra\u0161tu. Apatin\u0117 dalis \u2013 sniego baltumo, suteikianti \u012fvaizd\u017eiui lengvumo. \u00a0Suknel\u0117s apa\u010dia u\u017ebaigta pla\u010diu raukiniu, kuris suteikia \u201eA\u201c formos siluetui apimties. \u0160onuose su ki\u0161en\u0117mis. Rankovi\u0173 kra\u0161tai ir &hellip; Bohemi\u0161ko laisvalaikio lino suknel\u0117 Read More &raquo;\" \/>\n<meta property=\"og:url\" content=\"https:\/\/rasstyle.eu\/en\/product\/bohemisko-laisvalaikio-lino-suknele\/\" \/>\n<meta property=\"og:site_name\" content=\"Rasstyle.eu - rank\u0173 darbo k\u016briniai\" \/>\n<meta property=\"og:image\" content=\"https:\/\/rasstyle.eu\/wp-content\/uploads\/2026\/02\/657.jpg\" \/>\n\t<meta property=\"og:image:width\" content=\"413\" \/>\n\t<meta property=\"og:image:height\" content=\"864\" \/>\n\t<meta property=\"og:image:type\" content=\"image\/jpeg\" \/>\n<meta name=\"twitter:card\" content=\"summary_large_image\" \/>\n<meta name=\"twitter:label1\" content=\"Estimated reading time\" \/>\n\t<meta name=\"twitter:data1\" content=\"1 minute\" \/>\n<script type=\"application\/ld+json\" class=\"yoast-schema-graph\">{\"@context\":\"https:\/\/schema.org\",\"@graph\":[{\"@type\":\"WebPage\",\"@id\":\"https:\/\/rasstyle.eu\/produktas\/bohemisko-laisvalaikio-lino-suknele\/\",\"url\":\"https:\/\/rasstyle.eu\/produktas\/bohemisko-laisvalaikio-lino-suknele\/\",\"name\":\"Bohemi\u0161ko laisvalaikio lino suknel\u0117 - Rasstyle.eu - rank\u0173 darbo k\u016briniai\",\"isPartOf\":{\"@id\":\"https:\/\/rasstyle.eu\/#website\"},\"datePublished\":\"2026-02-15T08:17:13+00:00\",\"dateModified\":\"2026-02-15T08:17:13+00:00\",\"breadcrumb\":{\"@id\":\"https:\/\/rasstyle.eu\/produktas\/bohemisko-laisvalaikio-lino-suknele\/#breadcrumb\"},\"inLanguage\":\"en-GB\",\"potentialAction\":[{\"@type\":\"ReadAction\",\"target\":[\"https:\/\/rasstyle.eu\/produktas\/bohemisko-laisvalaikio-lino-suknele\/\"]}]},{\"@type\":\"BreadcrumbList\",\"@id\":\"https:\/\/rasstyle.eu\/produktas\/bohemisko-laisvalaikio-lino-suknele\/#breadcrumb\",\"itemListElement\":[{\"@type\":\"ListItem\",\"position\":1,\"name\":\"Home\",\"item\":\"https:\/\/rasstyle.eu\/\"},{\"@type\":\"ListItem\",\"position\":2,\"name\":\"Produktai\",\"item\":\"https:\/\/rasstyle.eu\/produktai\/\"},{\"@type\":\"ListItem\",\"position\":3,\"name\":\"Bohemi\u0161ko laisvalaikio lino suknel\u0117\"}]},{\"@type\":\"WebSite\",\"@id\":\"https:\/\/rasstyle.eu\/#website\",\"url\":\"https:\/\/rasstyle.eu\/\",\"name\":\"Rasstyle.eu - rank\u0173 darbo k\u016briniai\",\"description\":\"\",\"publisher\":{\"@id\":\"https:\/\/rasstyle.eu\/#organization\"},\"potentialAction\":[{\"@type\":\"SearchAction\",\"target\":{\"@type\":\"EntryPoint\",\"urlTemplate\":\"https:\/\/rasstyle.eu\/?s={search_term_string}\"},\"query-input\":\"required name=search_term_string\"}],\"inLanguage\":\"en-GB\"},{\"@type\":\"Organization\",\"@id\":\"https:\/\/rasstyle.eu\/#organization\",\"name\":\"Rasstyle.eu - rank\u0173 darbo k\u016briniai\",\"url\":\"https:\/\/rasstyle.eu\/\",\"logo\":{\"@type\":\"ImageObject\",\"inLanguage\":\"en-GB\",\"@id\":\"https:\/\/rasstyle.eu\/#\/schema\/logo\/image\/\",\"url\":\"https:\/\/rasstyle.eu\/wp-content\/uploads\/2023\/12\/cropped-logo-no-background-1.png\",\"contentUrl\":\"https:\/\/rasstyle.eu\/wp-content\/uploads\/2023\/12\/cropped-logo-no-background-1.png\",\"width\":1500,\"height\":265,\"caption\":\"Rasstyle.eu - rank\u0173 darbo k\u016briniai\"},\"image\":{\"@id\":\"https:\/\/rasstyle.eu\/#\/schema\/logo\/image\/\"}}]}<\/script>\n<!-- \/ Yoast SEO plugin. -->","yoast_head_json":{"title":"Bohemi\u0161ko laisvalaikio lino suknel\u0117 - Rasstyle.eu - rank\u0173 darbo k\u016briniai","robots":{"index":"index","follow":"follow","max-snippet":"max-snippet:-1","max-image-preview":"max-image-preview:large","max-video-preview":"max-video-preview:-1"},"canonical":"https:\/\/rasstyle.eu\/en\/product\/bohemisko-laisvalaikio-lino-suknele\/","og_locale":"en_GB","og_type":"article","og_title":"Bohemi\u0161ko laisvalaikio lino suknel\u0117 - Rasstyle.eu - rank\u0173 darbo k\u016briniai","og_description":"\u00a0 \u00a0 \u00a0 \u00a0 \u00a0 Nat\u016bralaus lino bohemi\u0161ko stiliaus suknel\u0117, kurioje dominuoja pastelin\u0117s spalvos ir n\u0117riniai. Suknel\u0117 padalinta \u012f dvi dalis. Vir\u0161utin\u0117 dalis yra pilk\u0161vos spalvos su smulkiu tekst\u016briniu ra\u0161tu. Apatin\u0117 dalis \u2013 sniego baltumo, suteikianti \u012fvaizd\u017eiui lengvumo. \u00a0Suknel\u0117s apa\u010dia u\u017ebaigta pla\u010diu raukiniu, kuris suteikia \u201eA\u201c formos siluetui apimties. \u0160onuose su ki\u0161en\u0117mis. Rankovi\u0173 kra\u0161tai ir &hellip; Bohemi\u0161ko laisvalaikio lino suknel\u0117 Read More &raquo;","og_url":"https:\/\/rasstyle.eu\/en\/product\/bohemisko-laisvalaikio-lino-suknele\/","og_site_name":"Rasstyle.eu - rank\u0173 darbo k\u016briniai","og_image":[{"width":413,"height":864,"url":"https:\/\/rasstyle.eu\/wp-content\/uploads\/2026\/02\/657.jpg","type":"image\/jpeg"}],"twitter_card":"summary_large_image","twitter_misc":{"Estimated reading time":"1 minute"},"schema":{"@context":"https:\/\/schema.org","@graph":[{"@type":"WebPage","@id":"https:\/\/rasstyle.eu\/produktas\/bohemisko-laisvalaikio-lino-suknele\/","url":"https:\/\/rasstyle.eu\/produktas\/bohemisko-laisvalaikio-lino-suknele\/","name":"Bohemi\u0161ko laisvalaikio lino suknel\u0117 - Rasstyle.eu - rank\u0173 darbo k\u016briniai","isPartOf":{"@id":"https:\/\/rasstyle.eu\/#website"},"datePublished":"2026-02-15T08:17:13+00:00","dateModified":"2026-02-15T08:17:13+00:00","breadcrumb":{"@id":"https:\/\/rasstyle.eu\/produktas\/bohemisko-laisvalaikio-lino-suknele\/#breadcrumb"},"inLanguage":"en-GB","potentialAction":[{"@type":"ReadAction","target":["https:\/\/rasstyle.eu\/produktas\/bohemisko-laisvalaikio-lino-suknele\/"]}]},{"@type":"BreadcrumbList","@id":"https:\/\/rasstyle.eu\/produktas\/bohemisko-laisvalaikio-lino-suknele\/#breadcrumb","itemListElement":[{"@type":"ListItem","position":1,"name":"Home","item":"https:\/\/rasstyle.eu\/"},{"@type":"ListItem","position":2,"name":"Produktai","item":"https:\/\/rasstyle.eu\/produktai\/"},{"@type":"ListItem","position":3,"name":"Bohemi\u0161ko laisvalaikio lino suknel\u0117"}]},{"@type":"WebSite","@id":"https:\/\/rasstyle.eu\/#website","url":"https:\/\/rasstyle.eu\/","name":"Rasstyle.eu - rank\u0173 darbo k\u016briniai","description":"","publisher":{"@id":"https:\/\/rasstyle.eu\/#organization"},"potentialAction":[{"@type":"SearchAction","target":{"@type":"EntryPoint","urlTemplate":"https:\/\/rasstyle.eu\/?s={search_term_string}"},"query-input":"required name=search_term_string"}],"inLanguage":"en-GB"},{"@type":"Organization","@id":"https:\/\/rasstyle.eu\/#organization","name":"Rasstyle.eu - rank\u0173 darbo k\u016briniai","url":"https:\/\/rasstyle.eu\/","logo":{"@type":"ImageObject","inLanguage":"en-GB","@id":"https:\/\/rasstyle.eu\/#\/schema\/logo\/image\/","url":"https:\/\/rasstyle.eu\/wp-content\/uploads\/2023\/12\/cropped-logo-no-background-1.png","contentUrl":"https:\/\/rasstyle.eu\/wp-content\/uploads\/2023\/12\/cropped-logo-no-background-1.png","width":1500,"height":265,"caption":"Rasstyle.eu - rank\u0173 darbo k\u016briniai"},"image":{"@id":"https:\/\/rasstyle.eu\/#\/schema\/logo\/image\/"}}]}},"_links":{"self":[{"href":"https:\/\/rasstyle.eu\/en\/wp-json\/wp\/v2\/product\/1632","targetHints":{"allow":["GET"]}}],"collection":[{"href":"https:\/\/rasstyle.eu\/en\/wp-json\/wp\/v2\/product"}],"about":[{"href":"https:\/\/rasstyle.eu\/en\/wp-json\/wp\/v2\/types\/product"}],"replies":[{"embeddable":true,"href":"https:\/\/rasstyle.eu\/en\/wp-json\/wp\/v2\/comments?post=1632"}],"wp:featuredmedia":[{"embeddable":true,"href":"https:\/\/rasstyle.eu\/en\/wp-json\/wp\/v2\/media\/1633"}],"wp:attachment":[{"href":"https:\/\/rasstyle.eu\/en\/wp-json\/wp\/v2\/media?parent=1632"}],"wp:term":[{"taxonomy":"product_cat","embeddable":true,"href":"https:\/\/rasstyle.eu\/en\/wp-json\/wp\/v2\/product_cat?post=1632"},{"taxonomy":"product_tag","embeddable":true,"href":"https:\/\/rasstyle.eu\/en\/wp-json\/wp\/v2\/product_tag?post=1632"}],"curies":[{"name":"wp","href":"https:\/\/api.w.org\/{rel}","templated":true}]}}