{"id":1628,"date":"2026-02-14T09:24:07","date_gmt":"2026-02-14T09:24:07","guid":{"rendered":"https:\/\/rasstyle.eu\/?post_type=product&#038;p=1628"},"modified":"2026-02-14T09:24:07","modified_gmt":"2026-02-14T09:24:07","slug":"kostiumas-zydras-dangus","status":"publish","type":"product","link":"https:\/\/rasstyle.eu\/en\/product\/kostiumas-zydras-dangus\/","title":{"rendered":"Kostiumas ,,\u017dydras Dangus\u201d"},"content":{"rendered":"<p>Dviej\u0173 dali\u0173 kostium\u0105, kuris pasi\u017eymi i\u0161skirtin\u0117mis detal\u0117mis ir laisvu kirpimu.<\/p>\n<p>Gaus\u016bs ir vertikal\u016bs raukiniai priekin\u0117je dalyje, suteikiantys \u012fvaizd\u017eiui dinami\u0161kumo ir puo\u0161numo. Nugaros klost\u0117 leid\u017eia drabu\u017eiui laisvai kristi ir nevar\u017eyti judesi\u0173. Parinktos baltini\u0173 tipo rankov\u0117s. \u00a0Priderintos klasikinio stiliaus, pla\u010dios keln\u0117s su nusi\u016bta kanto linija, kuri vizualiai prailgina siluet\u0105, o liemuo sutvirtintas su elastinga guma.<\/p>\n<p>Tai \u201eromanti\u0161kos klasikos\u201c stilius. Kostiumas suderina grie\u017etas kelni\u0173 linijas su mink\u0161tais, moteri\u0161kais raukiniais vir\u0161uje. Toks derinys tinka tiek \u0161ventin\u0117ms progoms, tiek stilingam kasdieniam \u012fvaizd\u017eiui.<\/p>\n<p>&nbsp;<\/p>\n<p><em>\u00a0 \u00a0 \u00a0 \u00a0 \u00a0 \u00a0 \u00a0 \u00a0 Drabu\u017eiai siuvami siuvykloje Klaip\u0117doje, tod\u0117l pagal poreik\u012f galima keisti modelio detales, ilg\u012f ir spalv\u0105. <\/em><\/p>\n<p><em>\u00a0 \u00a0 \u00a0 \u00a0 \u00a0 \u00a0 \u00a0 \u00a0Kain\u0105 nurodyt\u0105 XS\/S\/M\/L dyd\u017eiui.<\/em><\/p>\n<p><em>\u00a0 \u00a0 \u00a0 \u00a0 \u00a0 \u00a0 \u00a0 Gaminio primatavimai atliekami pagal poreik\u012f. Pasiuvimo terminas 3-4 savait\u0117s. <\/em><\/p>\n<p><em>\u00a0 \u00a0 \u00a0 \u00a0 \u00a0 \u00a0 \u00a0Gaminio gra\u017einimas negalimas nes siuvama pagal individualius i\u0161matavimus.<\/em><\/p>\n<p><em>\u00a0 \u00a0 \u00a0 \u00a0 \u00a0 \u00a0 \u00a0Reikalinga detalesn\u0117 informacija susiekite tel: +370 65 351 591.<\/em><\/p>","protected":false},"excerpt":{"rendered":"<p>Dviej\u0173 dali\u0173 kostium\u0105, kuris pasi\u017eymi i\u0161skirtin\u0117mis detal\u0117mis ir laisvu kirpimu. Gaus\u016bs ir vertikal\u016bs raukiniai priekin\u0117je dalyje, suteikiantys \u012fvaizd\u017eiui dinami\u0161kumo ir puo\u0161numo. Nugaros klost\u0117 leid\u017eia drabu\u017eiui laisvai kristi ir nevar\u017eyti judesi\u0173. Parinktos baltini\u0173 tipo rankov\u0117s. \u00a0Priderintos klasikinio stiliaus, pla\u010dios keln\u0117s su nusi\u016bta kanto linija, kuri vizualiai prailgina siluet\u0105, o liemuo sutvirtintas su elastinga guma. Tai \u201eromanti\u0161kos &hellip;<\/p>\n<p class=\"read-more\"> <a class=\"\" href=\"https:\/\/rasstyle.eu\/en\/product\/kostiumas-zydras-dangus\/\"> <span class=\"screen-reader-text\">Kostiumas ,,\u017dydras Dangus\u201d<\/span> Read More &raquo;<\/a><\/p>","protected":false},"featured_media":1629,"comment_status":"open","ping_status":"closed","template":"","meta":{"site-sidebar-layout":"default","site-content-layout":"","ast-site-content-layout":"default","site-content-style":"default","site-sidebar-style":"default","ast-global-header-display":"","ast-banner-title-visibility":"","ast-main-header-display":"","ast-hfb-above-header-display":"","ast-hfb-below-header-display":"","ast-hfb-mobile-header-display":"","site-post-title":"","ast-breadcrumbs-content":"","ast-featured-img":"","footer-sml-layout":"","theme-transparent-header-meta":"default","adv-header-id-meta":"","stick-header-meta":"","header-above-stick-meta":"","header-main-stick-meta":"","header-below-stick-meta":"","astra-migrate-meta-layouts":"set","ast-page-background-enabled":"default","ast-page-background-meta":{"desktop":{"background-color":"","background-image":"","background-repeat":"repeat","background-position":"center center","background-size":"auto","background-attachment":"scroll","background-type":"","background-media":"","overlay-type":"","overlay-color":"","overlay-gradient":""},"tablet":{"background-color":"","background-image":"","background-repeat":"repeat","background-position":"center center","background-size":"auto","background-attachment":"scroll","background-type":"","background-media":"","overlay-type":"","overlay-color":"","overlay-gradient":""},"mobile":{"background-color":"","background-image":"","background-repeat":"repeat","background-position":"center center","background-size":"auto","background-attachment":"scroll","background-type":"","background-media":"","overlay-type":"","overlay-color":"","overlay-gradient":""}},"ast-content-background-meta":{"desktop":{"background-color":"var(--ast-global-color-5)","background-image":"","background-repeat":"repeat","background-position":"center center","background-size":"auto","background-attachment":"scroll","background-type":"","background-media":"","overlay-type":"","overlay-color":"","overlay-gradient":""},"tablet":{"background-color":"var(--ast-global-color-5)","background-image":"","background-repeat":"repeat","background-position":"center center","background-size":"auto","background-attachment":"scroll","background-type":"","background-media":"","overlay-type":"","overlay-color":"","overlay-gradient":""},"mobile":{"background-color":"var(--ast-global-color-5)","background-image":"","background-repeat":"repeat","background-position":"center center","background-size":"auto","background-attachment":"scroll","background-type":"","background-media":"","overlay-type":"","overlay-color":"","overlay-gradient":""}}},"product_cat":[28,30],"product_tag":[],"class_list":{"0":"post-1628","1":"product","2":"type-product","3":"status-publish","4":"has-post-thumbnail","6":"product_cat-kostiumai","7":"product_cat-laisvalaikio-kostiumai","8":"desktop-align-left","9":"tablet-align-left","10":"mobile-align-left","12":"first","13":"instock","14":"shipping-taxable","15":"purchasable","16":"product-type-simple"},"yoast_head":"<!-- This site is optimized with the Yoast SEO plugin v21.7 - https:\/\/yoast.com\/wordpress\/plugins\/seo\/ -->\n<title>Kostiumas ,,\u017dydras Dangus\u201d - Rasstyle.eu - rank\u0173 darbo k\u016briniai<\/title>\n<meta name=\"robots\" content=\"index, follow, max-snippet:-1, max-image-preview:large, max-video-preview:-1\" \/>\n<link rel=\"canonical\" href=\"https:\/\/rasstyle.eu\/en\/product\/kostiumas-zydras-dangus\/\" \/>\n<meta property=\"og:locale\" content=\"en_GB\" \/>\n<meta property=\"og:type\" content=\"article\" \/>\n<meta property=\"og:title\" content=\"Kostiumas ,,\u017dydras Dangus\u201d - Rasstyle.eu - rank\u0173 darbo k\u016briniai\" \/>\n<meta property=\"og:description\" content=\"Dviej\u0173 dali\u0173 kostium\u0105, kuris pasi\u017eymi i\u0161skirtin\u0117mis detal\u0117mis ir laisvu kirpimu. Gaus\u016bs ir vertikal\u016bs raukiniai priekin\u0117je dalyje, suteikiantys \u012fvaizd\u017eiui dinami\u0161kumo ir puo\u0161numo. Nugaros klost\u0117 leid\u017eia drabu\u017eiui laisvai kristi ir nevar\u017eyti judesi\u0173. Parinktos baltini\u0173 tipo rankov\u0117s. \u00a0Priderintos klasikinio stiliaus, pla\u010dios keln\u0117s su nusi\u016bta kanto linija, kuri vizualiai prailgina siluet\u0105, o liemuo sutvirtintas su elastinga guma. Tai \u201eromanti\u0161kos &hellip; Kostiumas ,,\u017dydras Dangus\u201d Read More &raquo;\" \/>\n<meta property=\"og:url\" content=\"https:\/\/rasstyle.eu\/en\/product\/kostiumas-zydras-dangus\/\" \/>\n<meta property=\"og:site_name\" content=\"Rasstyle.eu - rank\u0173 darbo k\u016briniai\" \/>\n<meta property=\"og:image\" content=\"https:\/\/rasstyle.eu\/wp-content\/uploads\/2026\/02\/2.jpg\" \/>\n\t<meta property=\"og:image:width\" content=\"241\" \/>\n\t<meta property=\"og:image:height\" content=\"504\" \/>\n\t<meta property=\"og:image:type\" content=\"image\/jpeg\" \/>\n<meta name=\"twitter:card\" content=\"summary_large_image\" \/>\n<meta name=\"twitter:label1\" content=\"Estimated reading time\" \/>\n\t<meta name=\"twitter:data1\" content=\"1 minute\" \/>\n<script type=\"application\/ld+json\" class=\"yoast-schema-graph\">{\"@context\":\"https:\/\/schema.org\",\"@graph\":[{\"@type\":\"WebPage\",\"@id\":\"https:\/\/rasstyle.eu\/produktas\/kostiumas-zydras-dangus\/\",\"url\":\"https:\/\/rasstyle.eu\/produktas\/kostiumas-zydras-dangus\/\",\"name\":\"Kostiumas ,,\u017dydras Dangus\u201d - Rasstyle.eu - rank\u0173 darbo k\u016briniai\",\"isPartOf\":{\"@id\":\"https:\/\/rasstyle.eu\/#website\"},\"datePublished\":\"2026-02-14T09:24:07+00:00\",\"dateModified\":\"2026-02-14T09:24:07+00:00\",\"breadcrumb\":{\"@id\":\"https:\/\/rasstyle.eu\/produktas\/kostiumas-zydras-dangus\/#breadcrumb\"},\"inLanguage\":\"en-GB\",\"potentialAction\":[{\"@type\":\"ReadAction\",\"target\":[\"https:\/\/rasstyle.eu\/produktas\/kostiumas-zydras-dangus\/\"]}]},{\"@type\":\"BreadcrumbList\",\"@id\":\"https:\/\/rasstyle.eu\/produktas\/kostiumas-zydras-dangus\/#breadcrumb\",\"itemListElement\":[{\"@type\":\"ListItem\",\"position\":1,\"name\":\"Home\",\"item\":\"https:\/\/rasstyle.eu\/\"},{\"@type\":\"ListItem\",\"position\":2,\"name\":\"Produktai\",\"item\":\"https:\/\/rasstyle.eu\/produktai\/\"},{\"@type\":\"ListItem\",\"position\":3,\"name\":\"Kostiumas ,,\u017dydras Dangus\u201d\"}]},{\"@type\":\"WebSite\",\"@id\":\"https:\/\/rasstyle.eu\/#website\",\"url\":\"https:\/\/rasstyle.eu\/\",\"name\":\"Rasstyle.eu - rank\u0173 darbo k\u016briniai\",\"description\":\"\",\"publisher\":{\"@id\":\"https:\/\/rasstyle.eu\/#organization\"},\"potentialAction\":[{\"@type\":\"SearchAction\",\"target\":{\"@type\":\"EntryPoint\",\"urlTemplate\":\"https:\/\/rasstyle.eu\/?s={search_term_string}\"},\"query-input\":\"required name=search_term_string\"}],\"inLanguage\":\"en-GB\"},{\"@type\":\"Organization\",\"@id\":\"https:\/\/rasstyle.eu\/#organization\",\"name\":\"Rasstyle.eu - rank\u0173 darbo k\u016briniai\",\"url\":\"https:\/\/rasstyle.eu\/\",\"logo\":{\"@type\":\"ImageObject\",\"inLanguage\":\"en-GB\",\"@id\":\"https:\/\/rasstyle.eu\/#\/schema\/logo\/image\/\",\"url\":\"https:\/\/rasstyle.eu\/wp-content\/uploads\/2023\/12\/cropped-logo-no-background-1.png\",\"contentUrl\":\"https:\/\/rasstyle.eu\/wp-content\/uploads\/2023\/12\/cropped-logo-no-background-1.png\",\"width\":1500,\"height\":265,\"caption\":\"Rasstyle.eu - rank\u0173 darbo k\u016briniai\"},\"image\":{\"@id\":\"https:\/\/rasstyle.eu\/#\/schema\/logo\/image\/\"}}]}<\/script>\n<!-- \/ Yoast SEO plugin. -->","yoast_head_json":{"title":"Kostiumas ,,\u017dydras Dangus\u201d - Rasstyle.eu - rank\u0173 darbo k\u016briniai","robots":{"index":"index","follow":"follow","max-snippet":"max-snippet:-1","max-image-preview":"max-image-preview:large","max-video-preview":"max-video-preview:-1"},"canonical":"https:\/\/rasstyle.eu\/en\/product\/kostiumas-zydras-dangus\/","og_locale":"en_GB","og_type":"article","og_title":"Kostiumas ,,\u017dydras Dangus\u201d - Rasstyle.eu - rank\u0173 darbo k\u016briniai","og_description":"Dviej\u0173 dali\u0173 kostium\u0105, kuris pasi\u017eymi i\u0161skirtin\u0117mis detal\u0117mis ir laisvu kirpimu. Gaus\u016bs ir vertikal\u016bs raukiniai priekin\u0117je dalyje, suteikiantys \u012fvaizd\u017eiui dinami\u0161kumo ir puo\u0161numo. Nugaros klost\u0117 leid\u017eia drabu\u017eiui laisvai kristi ir nevar\u017eyti judesi\u0173. Parinktos baltini\u0173 tipo rankov\u0117s. \u00a0Priderintos klasikinio stiliaus, pla\u010dios keln\u0117s su nusi\u016bta kanto linija, kuri vizualiai prailgina siluet\u0105, o liemuo sutvirtintas su elastinga guma. Tai \u201eromanti\u0161kos &hellip; Kostiumas ,,\u017dydras Dangus\u201d Read More &raquo;","og_url":"https:\/\/rasstyle.eu\/en\/product\/kostiumas-zydras-dangus\/","og_site_name":"Rasstyle.eu - rank\u0173 darbo k\u016briniai","og_image":[{"width":241,"height":504,"url":"https:\/\/rasstyle.eu\/wp-content\/uploads\/2026\/02\/2.jpg","type":"image\/jpeg"}],"twitter_card":"summary_large_image","twitter_misc":{"Estimated reading time":"1 minute"},"schema":{"@context":"https:\/\/schema.org","@graph":[{"@type":"WebPage","@id":"https:\/\/rasstyle.eu\/produktas\/kostiumas-zydras-dangus\/","url":"https:\/\/rasstyle.eu\/produktas\/kostiumas-zydras-dangus\/","name":"Kostiumas ,,\u017dydras Dangus\u201d - Rasstyle.eu - rank\u0173 darbo k\u016briniai","isPartOf":{"@id":"https:\/\/rasstyle.eu\/#website"},"datePublished":"2026-02-14T09:24:07+00:00","dateModified":"2026-02-14T09:24:07+00:00","breadcrumb":{"@id":"https:\/\/rasstyle.eu\/produktas\/kostiumas-zydras-dangus\/#breadcrumb"},"inLanguage":"en-GB","potentialAction":[{"@type":"ReadAction","target":["https:\/\/rasstyle.eu\/produktas\/kostiumas-zydras-dangus\/"]}]},{"@type":"BreadcrumbList","@id":"https:\/\/rasstyle.eu\/produktas\/kostiumas-zydras-dangus\/#breadcrumb","itemListElement":[{"@type":"ListItem","position":1,"name":"Home","item":"https:\/\/rasstyle.eu\/"},{"@type":"ListItem","position":2,"name":"Produktai","item":"https:\/\/rasstyle.eu\/produktai\/"},{"@type":"ListItem","position":3,"name":"Kostiumas ,,\u017dydras Dangus\u201d"}]},{"@type":"WebSite","@id":"https:\/\/rasstyle.eu\/#website","url":"https:\/\/rasstyle.eu\/","name":"Rasstyle.eu - rank\u0173 darbo k\u016briniai","description":"","publisher":{"@id":"https:\/\/rasstyle.eu\/#organization"},"potentialAction":[{"@type":"SearchAction","target":{"@type":"EntryPoint","urlTemplate":"https:\/\/rasstyle.eu\/?s={search_term_string}"},"query-input":"required name=search_term_string"}],"inLanguage":"en-GB"},{"@type":"Organization","@id":"https:\/\/rasstyle.eu\/#organization","name":"Rasstyle.eu - rank\u0173 darbo k\u016briniai","url":"https:\/\/rasstyle.eu\/","logo":{"@type":"ImageObject","inLanguage":"en-GB","@id":"https:\/\/rasstyle.eu\/#\/schema\/logo\/image\/","url":"https:\/\/rasstyle.eu\/wp-content\/uploads\/2023\/12\/cropped-logo-no-background-1.png","contentUrl":"https:\/\/rasstyle.eu\/wp-content\/uploads\/2023\/12\/cropped-logo-no-background-1.png","width":1500,"height":265,"caption":"Rasstyle.eu - rank\u0173 darbo k\u016briniai"},"image":{"@id":"https:\/\/rasstyle.eu\/#\/schema\/logo\/image\/"}}]}},"_links":{"self":[{"href":"https:\/\/rasstyle.eu\/en\/wp-json\/wp\/v2\/product\/1628","targetHints":{"allow":["GET"]}}],"collection":[{"href":"https:\/\/rasstyle.eu\/en\/wp-json\/wp\/v2\/product"}],"about":[{"href":"https:\/\/rasstyle.eu\/en\/wp-json\/wp\/v2\/types\/product"}],"replies":[{"embeddable":true,"href":"https:\/\/rasstyle.eu\/en\/wp-json\/wp\/v2\/comments?post=1628"}],"wp:featuredmedia":[{"embeddable":true,"href":"https:\/\/rasstyle.eu\/en\/wp-json\/wp\/v2\/media\/1629"}],"wp:attachment":[{"href":"https:\/\/rasstyle.eu\/en\/wp-json\/wp\/v2\/media?parent=1628"}],"wp:term":[{"taxonomy":"product_cat","embeddable":true,"href":"https:\/\/rasstyle.eu\/en\/wp-json\/wp\/v2\/product_cat?post=1628"},{"taxonomy":"product_tag","embeddable":true,"href":"https:\/\/rasstyle.eu\/en\/wp-json\/wp\/v2\/product_tag?post=1628"}],"curies":[{"name":"wp","href":"https:\/\/api.w.org\/{rel}","templated":true}]}}