{"id":1623,"date":"2026-02-04T11:09:55","date_gmt":"2026-02-04T11:09:55","guid":{"rendered":"https:\/\/rasstyle.eu\/?post_type=product&#038;p=1623"},"modified":"2026-02-04T11:09:56","modified_gmt":"2026-02-04T11:09:56","slug":"sportinio-stiliaus-laisvalaikio-kostiumas","status":"publish","type":"product","link":"https:\/\/rasstyle.eu\/en\/product\/sportinio-stiliaus-laisvalaikio-kostiumas\/","title":{"rendered":"Sportinio stiliaus laisvalaikio kostiumas"},"content":{"rendered":"<p><strong><em>Sportinio stiliaus laisvalaikio kostiumas<\/em><\/strong><\/p>\n<p>Tai puikus modernaus gatv\u0117s stiliaus (streetwear) ir sportinio funkcionalumo derinys. Apranga atrodo unikali d\u0117l savo asimetrijos ir specifini\u0173 spalvini\u0173 blok\u0173. Trumpa vir\u0161utin\u0117 dalis yra auk\u0161tu, \u201evoko\u201c tipo kaklu, jo apa\u010dia u\u017ebaigta tampria guma, pabr\u0117\u017eian\u010dia liemen\u012f. Dominuoja sodri mi\u0161ko \u017ealia ir juoda spalvos. I\u0161skirtinis akcentas \u2013 \u012fstri\u017ea juosta su u\u017era\u0161u \u201eHAPPY MOOD\u201c, kuri vizualiai skaido siluet\u0105 ir suteikia grafinio grie\u017etumo. Balti sutraukimo rai\u0161teliai sukuria nedidel\u012f, bet pastebim\u0105 spalvin\u012f kontrast\u0105. Keln\u0117s pasi\u017eymi \u012fdomiomis, didel\u0117mis \u017ealiomis ki\u0161em\u0117mis ant \u0161laun\u0173.Tai klasikinio sukirpimo keln\u0117s, kurios apa\u010dioje yra sutrauktos. \u017dalios spalvos \u012fsiuvai blauzd\u0173 srityje sukuria vientis\u0105 ansambl\u012f su vir\u0161utine dalimi. Tamsiai \u017ealia ir juoda, tai prabangiai atrodantis derinys, tinkantis rudens ar pavasario sezonui. \u012evaizdis spinduliuoja pasitik\u0117jim\u0105 savimi, modernum\u0105 ir prakti\u0161kum\u0105. Tai apranga moteriai, kuri vertina jud\u0117jimo laisv\u0119, ta\u010diau nori i\u0161siskirti i\u0161 minios ne\u012fprastais dizaino sprendimais.<\/p>\n<p>&nbsp;<\/p>\n<p><em>Drabu\u017eiai siuvami siuvykloje Klaip\u0117doje, tod\u0117l pagal poreik\u012f galima keisti modelio detales, ilg\u012f ir spalv\u0105. <\/em><\/p>\n<p><em>Kain\u0105 nurodyt\u0105 XS-S dyd\u017eiui.<\/em><\/p>\n<p><em>Gaminio primatavimai atliekami pagal poreik\u012f. Pasiuvimo terminas 3-4 savait\u0117s. <\/em><\/p>\n<p><em>Gaminio gra\u017einimas negalimas nes siuvama pagal individualius i\u0161matavimus.<\/em><\/p>\n<p><em>Reikalinga detalesn\u0117 informacija susiekite tel: +370 65\u00a0351\u00a0591.<\/em><\/p>\n<p>&nbsp;<\/p>","protected":false},"excerpt":{"rendered":"<p>Sportinio stiliaus laisvalaikio kostiumas Tai puikus modernaus gatv\u0117s stiliaus (streetwear) ir sportinio funkcionalumo derinys. Apranga atrodo unikali d\u0117l savo asimetrijos ir specifini\u0173 spalvini\u0173 blok\u0173. Trumpa vir\u0161utin\u0117 dalis yra auk\u0161tu, \u201evoko\u201c tipo kaklu, jo apa\u010dia u\u017ebaigta tampria guma, pabr\u0117\u017eian\u010dia liemen\u012f. Dominuoja sodri mi\u0161ko \u017ealia ir juoda spalvos. I\u0161skirtinis akcentas \u2013 \u012fstri\u017ea juosta su u\u017era\u0161u \u201eHAPPY MOOD\u201c, &hellip;<\/p>\n<p class=\"read-more\"> <a class=\"\" href=\"https:\/\/rasstyle.eu\/en\/product\/sportinio-stiliaus-laisvalaikio-kostiumas\/\"> <span class=\"screen-reader-text\">Sportinio stiliaus laisvalaikio kostiumas<\/span> Read More &raquo;<\/a><\/p>","protected":false},"featured_media":1624,"comment_status":"open","ping_status":"closed","template":"","meta":{"site-sidebar-layout":"default","site-content-layout":"","ast-site-content-layout":"default","site-content-style":"default","site-sidebar-style":"default","ast-global-header-display":"","ast-banner-title-visibility":"","ast-main-header-display":"","ast-hfb-above-header-display":"","ast-hfb-below-header-display":"","ast-hfb-mobile-header-display":"","site-post-title":"","ast-breadcrumbs-content":"","ast-featured-img":"","footer-sml-layout":"","theme-transparent-header-meta":"default","adv-header-id-meta":"","stick-header-meta":"","header-above-stick-meta":"","header-main-stick-meta":"","header-below-stick-meta":"","astra-migrate-meta-layouts":"set","ast-page-background-enabled":"default","ast-page-background-meta":{"desktop":{"background-color":"","background-image":"","background-repeat":"repeat","background-position":"center center","background-size":"auto","background-attachment":"scroll","background-type":"","background-media":"","overlay-type":"","overlay-color":"","overlay-gradient":""},"tablet":{"background-color":"","background-image":"","background-repeat":"repeat","background-position":"center center","background-size":"auto","background-attachment":"scroll","background-type":"","background-media":"","overlay-type":"","overlay-color":"","overlay-gradient":""},"mobile":{"background-color":"","background-image":"","background-repeat":"repeat","background-position":"center center","background-size":"auto","background-attachment":"scroll","background-type":"","background-media":"","overlay-type":"","overlay-color":"","overlay-gradient":""}},"ast-content-background-meta":{"desktop":{"background-color":"var(--ast-global-color-5)","background-image":"","background-repeat":"repeat","background-position":"center center","background-size":"auto","background-attachment":"scroll","background-type":"","background-media":"","overlay-type":"","overlay-color":"","overlay-gradient":""},"tablet":{"background-color":"var(--ast-global-color-5)","background-image":"","background-repeat":"repeat","background-position":"center center","background-size":"auto","background-attachment":"scroll","background-type":"","background-media":"","overlay-type":"","overlay-color":"","overlay-gradient":""},"mobile":{"background-color":"var(--ast-global-color-5)","background-image":"","background-repeat":"repeat","background-position":"center center","background-size":"auto","background-attachment":"scroll","background-type":"","background-media":"","overlay-type":"","overlay-color":"","overlay-gradient":""}}},"product_cat":[28,30,31],"product_tag":[],"class_list":{"0":"post-1623","1":"product","2":"type-product","3":"status-publish","4":"has-post-thumbnail","6":"product_cat-kostiumai","7":"product_cat-laisvalaikio-kostiumai","8":"product_cat-sportiniai-kostiumai","9":"desktop-align-left","10":"tablet-align-left","11":"mobile-align-left","13":"first","14":"instock","15":"shipping-taxable","16":"purchasable","17":"product-type-simple"},"yoast_head":"<!-- This site is optimized with the Yoast SEO plugin v21.7 - https:\/\/yoast.com\/wordpress\/plugins\/seo\/ -->\n<title>Sportinio stiliaus laisvalaikio kostiumas - Rasstyle.eu - rank\u0173 darbo k\u016briniai<\/title>\n<meta name=\"robots\" content=\"index, follow, max-snippet:-1, max-image-preview:large, max-video-preview:-1\" \/>\n<link rel=\"canonical\" href=\"https:\/\/rasstyle.eu\/en\/product\/sportinio-stiliaus-laisvalaikio-kostiumas\/\" \/>\n<meta property=\"og:locale\" content=\"en_GB\" \/>\n<meta property=\"og:type\" content=\"article\" \/>\n<meta property=\"og:title\" content=\"Sportinio stiliaus laisvalaikio kostiumas - Rasstyle.eu - rank\u0173 darbo k\u016briniai\" \/>\n<meta property=\"og:description\" content=\"Sportinio stiliaus laisvalaikio kostiumas Tai puikus modernaus gatv\u0117s stiliaus (streetwear) ir sportinio funkcionalumo derinys. Apranga atrodo unikali d\u0117l savo asimetrijos ir specifini\u0173 spalvini\u0173 blok\u0173. Trumpa vir\u0161utin\u0117 dalis yra auk\u0161tu, \u201evoko\u201c tipo kaklu, jo apa\u010dia u\u017ebaigta tampria guma, pabr\u0117\u017eian\u010dia liemen\u012f. Dominuoja sodri mi\u0161ko \u017ealia ir juoda spalvos. I\u0161skirtinis akcentas \u2013 \u012fstri\u017ea juosta su u\u017era\u0161u \u201eHAPPY MOOD\u201c, &hellip; Sportinio stiliaus laisvalaikio kostiumas Read More &raquo;\" \/>\n<meta property=\"og:url\" content=\"https:\/\/rasstyle.eu\/en\/product\/sportinio-stiliaus-laisvalaikio-kostiumas\/\" \/>\n<meta property=\"og:site_name\" content=\"Rasstyle.eu - rank\u0173 darbo k\u016briniai\" \/>\n<meta property=\"article:modified_time\" content=\"2026-02-04T11:09:56+00:00\" \/>\n<meta property=\"og:image\" content=\"https:\/\/rasstyle.eu\/wp-content\/uploads\/2026\/02\/gryyh.jpg\" \/>\n\t<meta property=\"og:image:width\" content=\"413\" \/>\n\t<meta property=\"og:image:height\" content=\"864\" \/>\n\t<meta property=\"og:image:type\" content=\"image\/jpeg\" \/>\n<meta name=\"twitter:card\" content=\"summary_large_image\" \/>\n<meta name=\"twitter:label1\" content=\"Estimated reading time\" \/>\n\t<meta name=\"twitter:data1\" content=\"2 minutes\" \/>\n<script type=\"application\/ld+json\" class=\"yoast-schema-graph\">{\"@context\":\"https:\/\/schema.org\",\"@graph\":[{\"@type\":\"WebPage\",\"@id\":\"https:\/\/rasstyle.eu\/produktas\/sportinio-stiliaus-laisvalaikio-kostiumas\/\",\"url\":\"https:\/\/rasstyle.eu\/produktas\/sportinio-stiliaus-laisvalaikio-kostiumas\/\",\"name\":\"Sportinio stiliaus laisvalaikio kostiumas - Rasstyle.eu - rank\u0173 darbo k\u016briniai\",\"isPartOf\":{\"@id\":\"https:\/\/rasstyle.eu\/#website\"},\"datePublished\":\"2026-02-04T11:09:55+00:00\",\"dateModified\":\"2026-02-04T11:09:56+00:00\",\"breadcrumb\":{\"@id\":\"https:\/\/rasstyle.eu\/produktas\/sportinio-stiliaus-laisvalaikio-kostiumas\/#breadcrumb\"},\"inLanguage\":\"en-GB\",\"potentialAction\":[{\"@type\":\"ReadAction\",\"target\":[\"https:\/\/rasstyle.eu\/produktas\/sportinio-stiliaus-laisvalaikio-kostiumas\/\"]}]},{\"@type\":\"BreadcrumbList\",\"@id\":\"https:\/\/rasstyle.eu\/produktas\/sportinio-stiliaus-laisvalaikio-kostiumas\/#breadcrumb\",\"itemListElement\":[{\"@type\":\"ListItem\",\"position\":1,\"name\":\"Home\",\"item\":\"https:\/\/rasstyle.eu\/\"},{\"@type\":\"ListItem\",\"position\":2,\"name\":\"Produktai\",\"item\":\"https:\/\/rasstyle.eu\/produktai\/\"},{\"@type\":\"ListItem\",\"position\":3,\"name\":\"Sportinio stiliaus laisvalaikio kostiumas\"}]},{\"@type\":\"WebSite\",\"@id\":\"https:\/\/rasstyle.eu\/#website\",\"url\":\"https:\/\/rasstyle.eu\/\",\"name\":\"Rasstyle.eu - rank\u0173 darbo k\u016briniai\",\"description\":\"\",\"publisher\":{\"@id\":\"https:\/\/rasstyle.eu\/#organization\"},\"potentialAction\":[{\"@type\":\"SearchAction\",\"target\":{\"@type\":\"EntryPoint\",\"urlTemplate\":\"https:\/\/rasstyle.eu\/?s={search_term_string}\"},\"query-input\":\"required name=search_term_string\"}],\"inLanguage\":\"en-GB\"},{\"@type\":\"Organization\",\"@id\":\"https:\/\/rasstyle.eu\/#organization\",\"name\":\"Rasstyle.eu - rank\u0173 darbo k\u016briniai\",\"url\":\"https:\/\/rasstyle.eu\/\",\"logo\":{\"@type\":\"ImageObject\",\"inLanguage\":\"en-GB\",\"@id\":\"https:\/\/rasstyle.eu\/#\/schema\/logo\/image\/\",\"url\":\"https:\/\/rasstyle.eu\/wp-content\/uploads\/2023\/12\/cropped-logo-no-background-1.png\",\"contentUrl\":\"https:\/\/rasstyle.eu\/wp-content\/uploads\/2023\/12\/cropped-logo-no-background-1.png\",\"width\":1500,\"height\":265,\"caption\":\"Rasstyle.eu - rank\u0173 darbo k\u016briniai\"},\"image\":{\"@id\":\"https:\/\/rasstyle.eu\/#\/schema\/logo\/image\/\"}}]}<\/script>\n<!-- \/ Yoast SEO plugin. -->","yoast_head_json":{"title":"Sportinio stiliaus laisvalaikio kostiumas - Rasstyle.eu - rank\u0173 darbo k\u016briniai","robots":{"index":"index","follow":"follow","max-snippet":"max-snippet:-1","max-image-preview":"max-image-preview:large","max-video-preview":"max-video-preview:-1"},"canonical":"https:\/\/rasstyle.eu\/en\/product\/sportinio-stiliaus-laisvalaikio-kostiumas\/","og_locale":"en_GB","og_type":"article","og_title":"Sportinio stiliaus laisvalaikio kostiumas - Rasstyle.eu - rank\u0173 darbo k\u016briniai","og_description":"Sportinio stiliaus laisvalaikio kostiumas Tai puikus modernaus gatv\u0117s stiliaus (streetwear) ir sportinio funkcionalumo derinys. Apranga atrodo unikali d\u0117l savo asimetrijos ir specifini\u0173 spalvini\u0173 blok\u0173. Trumpa vir\u0161utin\u0117 dalis yra auk\u0161tu, \u201evoko\u201c tipo kaklu, jo apa\u010dia u\u017ebaigta tampria guma, pabr\u0117\u017eian\u010dia liemen\u012f. Dominuoja sodri mi\u0161ko \u017ealia ir juoda spalvos. I\u0161skirtinis akcentas \u2013 \u012fstri\u017ea juosta su u\u017era\u0161u \u201eHAPPY MOOD\u201c, &hellip; Sportinio stiliaus laisvalaikio kostiumas Read More &raquo;","og_url":"https:\/\/rasstyle.eu\/en\/product\/sportinio-stiliaus-laisvalaikio-kostiumas\/","og_site_name":"Rasstyle.eu - rank\u0173 darbo k\u016briniai","article_modified_time":"2026-02-04T11:09:56+00:00","og_image":[{"width":413,"height":864,"url":"https:\/\/rasstyle.eu\/wp-content\/uploads\/2026\/02\/gryyh.jpg","type":"image\/jpeg"}],"twitter_card":"summary_large_image","twitter_misc":{"Estimated reading time":"2 minutes"},"schema":{"@context":"https:\/\/schema.org","@graph":[{"@type":"WebPage","@id":"https:\/\/rasstyle.eu\/produktas\/sportinio-stiliaus-laisvalaikio-kostiumas\/","url":"https:\/\/rasstyle.eu\/produktas\/sportinio-stiliaus-laisvalaikio-kostiumas\/","name":"Sportinio stiliaus laisvalaikio kostiumas - Rasstyle.eu - rank\u0173 darbo k\u016briniai","isPartOf":{"@id":"https:\/\/rasstyle.eu\/#website"},"datePublished":"2026-02-04T11:09:55+00:00","dateModified":"2026-02-04T11:09:56+00:00","breadcrumb":{"@id":"https:\/\/rasstyle.eu\/produktas\/sportinio-stiliaus-laisvalaikio-kostiumas\/#breadcrumb"},"inLanguage":"en-GB","potentialAction":[{"@type":"ReadAction","target":["https:\/\/rasstyle.eu\/produktas\/sportinio-stiliaus-laisvalaikio-kostiumas\/"]}]},{"@type":"BreadcrumbList","@id":"https:\/\/rasstyle.eu\/produktas\/sportinio-stiliaus-laisvalaikio-kostiumas\/#breadcrumb","itemListElement":[{"@type":"ListItem","position":1,"name":"Home","item":"https:\/\/rasstyle.eu\/"},{"@type":"ListItem","position":2,"name":"Produktai","item":"https:\/\/rasstyle.eu\/produktai\/"},{"@type":"ListItem","position":3,"name":"Sportinio stiliaus laisvalaikio kostiumas"}]},{"@type":"WebSite","@id":"https:\/\/rasstyle.eu\/#website","url":"https:\/\/rasstyle.eu\/","name":"Rasstyle.eu - rank\u0173 darbo k\u016briniai","description":"","publisher":{"@id":"https:\/\/rasstyle.eu\/#organization"},"potentialAction":[{"@type":"SearchAction","target":{"@type":"EntryPoint","urlTemplate":"https:\/\/rasstyle.eu\/?s={search_term_string}"},"query-input":"required name=search_term_string"}],"inLanguage":"en-GB"},{"@type":"Organization","@id":"https:\/\/rasstyle.eu\/#organization","name":"Rasstyle.eu - rank\u0173 darbo k\u016briniai","url":"https:\/\/rasstyle.eu\/","logo":{"@type":"ImageObject","inLanguage":"en-GB","@id":"https:\/\/rasstyle.eu\/#\/schema\/logo\/image\/","url":"https:\/\/rasstyle.eu\/wp-content\/uploads\/2023\/12\/cropped-logo-no-background-1.png","contentUrl":"https:\/\/rasstyle.eu\/wp-content\/uploads\/2023\/12\/cropped-logo-no-background-1.png","width":1500,"height":265,"caption":"Rasstyle.eu - rank\u0173 darbo k\u016briniai"},"image":{"@id":"https:\/\/rasstyle.eu\/#\/schema\/logo\/image\/"}}]}},"_links":{"self":[{"href":"https:\/\/rasstyle.eu\/en\/wp-json\/wp\/v2\/product\/1623","targetHints":{"allow":["GET"]}}],"collection":[{"href":"https:\/\/rasstyle.eu\/en\/wp-json\/wp\/v2\/product"}],"about":[{"href":"https:\/\/rasstyle.eu\/en\/wp-json\/wp\/v2\/types\/product"}],"replies":[{"embeddable":true,"href":"https:\/\/rasstyle.eu\/en\/wp-json\/wp\/v2\/comments?post=1623"}],"wp:featuredmedia":[{"embeddable":true,"href":"https:\/\/rasstyle.eu\/en\/wp-json\/wp\/v2\/media\/1624"}],"wp:attachment":[{"href":"https:\/\/rasstyle.eu\/en\/wp-json\/wp\/v2\/media?parent=1623"}],"wp:term":[{"taxonomy":"product_cat","embeddable":true,"href":"https:\/\/rasstyle.eu\/en\/wp-json\/wp\/v2\/product_cat?post=1623"},{"taxonomy":"product_tag","embeddable":true,"href":"https:\/\/rasstyle.eu\/en\/wp-json\/wp\/v2\/product_tag?post=1623"}],"curies":[{"name":"wp","href":"https:\/\/api.w.org\/{rel}","templated":true}]}}