{"id":1602,"date":"2024-08-06T14:58:20","date_gmt":"2024-08-06T14:58:20","guid":{"rendered":"https:\/\/rasstyle.eu\/?post_type=product&#038;p=1602"},"modified":"2024-08-06T14:58:21","modified_gmt":"2024-08-06T14:58:21","slug":"suknele-rose","status":"publish","type":"product","link":"https:\/\/rasstyle.eu\/en\/product\/suknele-rose\/","title":{"rendered":"Suknel\u0117 ,,Rose&#8221;"},"content":{"rendered":"<p>Prabangi \u017eakardo suknel\u0117 ,,Rose&#8221; papuo\u0161 jus, J\u016bs\u0173 \u0161ventei! Suknel\u0117s priekis susagstomas perliukais, juosmo kirptas ir ri\u0161amas dir\u017eelis kuris pabr\u0117\u017ei\u0105 liemen\u012f. Turimas dydis XL, kr\u016btin\u0117s apimtis iki 102cm, liemuo iki 90cm, suknel\u0117s ilgis 103cm.<\/p>\n<p>Galimi ir kiti dyd\u017eiai, bei kitas ilgis.<\/p>\n<p>Audinio sud\u0117tis: polesteris 45%, medviln\u0117 55%.<\/p>","protected":false},"excerpt":{"rendered":"<p>Prabangi \u017eakardo suknel\u0117 ,,Rose&#8221; papuo\u0161 jus, J\u016bs\u0173 \u0161ventei! Suknel\u0117s priekis susagstomas perliukais, juosmo kirptas ir ri\u0161amas dir\u017eelis kuris pabr\u0117\u017ei\u0105 liemen\u012f. Turimas dydis XL, kr\u016btin\u0117s apimtis iki 102cm, liemuo iki 90cm, suknel\u0117s ilgis 103cm. Galimi ir kiti dyd\u017eiai, bei kitas ilgis. Audinio sud\u0117tis: polesteris 45%, medviln\u0117 55%.<\/p>","protected":false},"featured_media":1603,"comment_status":"open","ping_status":"closed","template":"","meta":{"site-sidebar-layout":"default","site-content-layout":"","ast-site-content-layout":"default","site-content-style":"default","site-sidebar-style":"default","ast-global-header-display":"","ast-banner-title-visibility":"","ast-main-header-display":"","ast-hfb-above-header-display":"","ast-hfb-below-header-display":"","ast-hfb-mobile-header-display":"","site-post-title":"","ast-breadcrumbs-content":"","ast-featured-img":"","footer-sml-layout":"","theme-transparent-header-meta":"default","adv-header-id-meta":"","stick-header-meta":"","header-above-stick-meta":"","header-main-stick-meta":"","header-below-stick-meta":"","astra-migrate-meta-layouts":"set","ast-page-background-enabled":"default","ast-page-background-meta":{"desktop":{"background-color":"","background-image":"","background-repeat":"repeat","background-position":"center center","background-size":"auto","background-attachment":"scroll","background-type":"","background-media":"","overlay-type":"","overlay-color":"","overlay-gradient":""},"tablet":{"background-color":"","background-image":"","background-repeat":"repeat","background-position":"center center","background-size":"auto","background-attachment":"scroll","background-type":"","background-media":"","overlay-type":"","overlay-color":"","overlay-gradient":""},"mobile":{"background-color":"","background-image":"","background-repeat":"repeat","background-position":"center center","background-size":"auto","background-attachment":"scroll","background-type":"","background-media":"","overlay-type":"","overlay-color":"","overlay-gradient":""}},"ast-content-background-meta":{"desktop":{"background-color":"var(--ast-global-color-5)","background-image":"","background-repeat":"repeat","background-position":"center center","background-size":"auto","background-attachment":"scroll","background-type":"","background-media":"","overlay-type":"","overlay-color":"","overlay-gradient":""},"tablet":{"background-color":"var(--ast-global-color-5)","background-image":"","background-repeat":"repeat","background-position":"center center","background-size":"auto","background-attachment":"scroll","background-type":"","background-media":"","overlay-type":"","overlay-color":"","overlay-gradient":""},"mobile":{"background-color":"var(--ast-global-color-5)","background-image":"","background-repeat":"repeat","background-position":"center center","background-size":"auto","background-attachment":"scroll","background-type":"","background-media":"","overlay-type":"","overlay-color":"","overlay-gradient":""}}},"product_cat":[32,48],"product_tag":[],"class_list":{"0":"post-1602","1":"product","2":"type-product","3":"status-publish","4":"has-post-thumbnail","6":"product_cat-sukneles","7":"product_cat-vakarines-sukneles","8":"desktop-align-left","9":"tablet-align-left","10":"mobile-align-left","12":"first","13":"instock","14":"shipping-taxable","15":"purchasable","16":"product-type-simple"},"yoast_head":"<!-- This site is optimized with the Yoast SEO plugin v21.7 - https:\/\/yoast.com\/wordpress\/plugins\/seo\/ -->\n<title>Suknel\u0117 ,,Rose&quot; - Rasstyle.eu - rank\u0173 darbo k\u016briniai<\/title>\n<meta name=\"robots\" content=\"index, follow, max-snippet:-1, max-image-preview:large, max-video-preview:-1\" \/>\n<link rel=\"canonical\" href=\"https:\/\/rasstyle.eu\/en\/product\/suknele-rose\/\" \/>\n<meta property=\"og:locale\" content=\"en_GB\" \/>\n<meta property=\"og:type\" content=\"article\" \/>\n<meta property=\"og:title\" content=\"Suknel\u0117 ,,Rose&quot; - Rasstyle.eu - rank\u0173 darbo k\u016briniai\" \/>\n<meta property=\"og:description\" content=\"Prabangi \u017eakardo suknel\u0117 ,,Rose&#8221; papuo\u0161 jus, J\u016bs\u0173 \u0161ventei! Suknel\u0117s priekis susagstomas perliukais, juosmo kirptas ir ri\u0161amas dir\u017eelis kuris pabr\u0117\u017ei\u0105 liemen\u012f. Turimas dydis XL, kr\u016btin\u0117s apimtis iki 102cm, liemuo iki 90cm, suknel\u0117s ilgis 103cm. Galimi ir kiti dyd\u017eiai, bei kitas ilgis. Audinio sud\u0117tis: polesteris 45%, medviln\u0117 55%.\" \/>\n<meta property=\"og:url\" content=\"https:\/\/rasstyle.eu\/en\/product\/suknele-rose\/\" \/>\n<meta property=\"og:site_name\" content=\"Rasstyle.eu - rank\u0173 darbo k\u016briniai\" \/>\n<meta property=\"article:modified_time\" content=\"2024-08-06T14:58:21+00:00\" \/>\n<meta property=\"og:image\" content=\"https:\/\/rasstyle.eu\/wp-content\/uploads\/2024\/08\/626.jpg\" \/>\n\t<meta property=\"og:image:width\" content=\"1072\" \/>\n\t<meta property=\"og:image:height\" content=\"1404\" \/>\n\t<meta property=\"og:image:type\" content=\"image\/jpeg\" \/>\n<meta name=\"twitter:card\" content=\"summary_large_image\" \/>\n<meta name=\"twitter:label1\" content=\"Estimated reading time\" \/>\n\t<meta name=\"twitter:data1\" content=\"1 minute\" \/>\n<script type=\"application\/ld+json\" class=\"yoast-schema-graph\">{\"@context\":\"https:\/\/schema.org\",\"@graph\":[{\"@type\":\"WebPage\",\"@id\":\"https:\/\/rasstyle.eu\/produktas\/suknele-rose\/\",\"url\":\"https:\/\/rasstyle.eu\/produktas\/suknele-rose\/\",\"name\":\"Suknel\u0117 ,,Rose\\\" - Rasstyle.eu - rank\u0173 darbo k\u016briniai\",\"isPartOf\":{\"@id\":\"https:\/\/rasstyle.eu\/#website\"},\"datePublished\":\"2024-08-06T14:58:20+00:00\",\"dateModified\":\"2024-08-06T14:58:21+00:00\",\"breadcrumb\":{\"@id\":\"https:\/\/rasstyle.eu\/produktas\/suknele-rose\/#breadcrumb\"},\"inLanguage\":\"en-GB\",\"potentialAction\":[{\"@type\":\"ReadAction\",\"target\":[\"https:\/\/rasstyle.eu\/produktas\/suknele-rose\/\"]}]},{\"@type\":\"BreadcrumbList\",\"@id\":\"https:\/\/rasstyle.eu\/produktas\/suknele-rose\/#breadcrumb\",\"itemListElement\":[{\"@type\":\"ListItem\",\"position\":1,\"name\":\"Home\",\"item\":\"https:\/\/rasstyle.eu\/\"},{\"@type\":\"ListItem\",\"position\":2,\"name\":\"Produktai\",\"item\":\"https:\/\/rasstyle.eu\/produktai\/\"},{\"@type\":\"ListItem\",\"position\":3,\"name\":\"Suknel\u0117 ,,Rose&#8221;\"}]},{\"@type\":\"WebSite\",\"@id\":\"https:\/\/rasstyle.eu\/#website\",\"url\":\"https:\/\/rasstyle.eu\/\",\"name\":\"Rasstyle.eu - rank\u0173 darbo k\u016briniai\",\"description\":\"\",\"publisher\":{\"@id\":\"https:\/\/rasstyle.eu\/#organization\"},\"potentialAction\":[{\"@type\":\"SearchAction\",\"target\":{\"@type\":\"EntryPoint\",\"urlTemplate\":\"https:\/\/rasstyle.eu\/?s={search_term_string}\"},\"query-input\":\"required name=search_term_string\"}],\"inLanguage\":\"en-GB\"},{\"@type\":\"Organization\",\"@id\":\"https:\/\/rasstyle.eu\/#organization\",\"name\":\"Rasstyle.eu - rank\u0173 darbo k\u016briniai\",\"url\":\"https:\/\/rasstyle.eu\/\",\"logo\":{\"@type\":\"ImageObject\",\"inLanguage\":\"en-GB\",\"@id\":\"https:\/\/rasstyle.eu\/#\/schema\/logo\/image\/\",\"url\":\"https:\/\/rasstyle.eu\/wp-content\/uploads\/2023\/12\/cropped-logo-no-background-1.png\",\"contentUrl\":\"https:\/\/rasstyle.eu\/wp-content\/uploads\/2023\/12\/cropped-logo-no-background-1.png\",\"width\":1500,\"height\":265,\"caption\":\"Rasstyle.eu - rank\u0173 darbo k\u016briniai\"},\"image\":{\"@id\":\"https:\/\/rasstyle.eu\/#\/schema\/logo\/image\/\"}}]}<\/script>\n<!-- \/ Yoast SEO plugin. -->","yoast_head_json":{"title":"Suknel\u0117 ,,Rose\" - Rasstyle.eu - rank\u0173 darbo k\u016briniai","robots":{"index":"index","follow":"follow","max-snippet":"max-snippet:-1","max-image-preview":"max-image-preview:large","max-video-preview":"max-video-preview:-1"},"canonical":"https:\/\/rasstyle.eu\/en\/product\/suknele-rose\/","og_locale":"en_GB","og_type":"article","og_title":"Suknel\u0117 ,,Rose\" - Rasstyle.eu - rank\u0173 darbo k\u016briniai","og_description":"Prabangi \u017eakardo suknel\u0117 ,,Rose&#8221; papuo\u0161 jus, J\u016bs\u0173 \u0161ventei! Suknel\u0117s priekis susagstomas perliukais, juosmo kirptas ir ri\u0161amas dir\u017eelis kuris pabr\u0117\u017ei\u0105 liemen\u012f. Turimas dydis XL, kr\u016btin\u0117s apimtis iki 102cm, liemuo iki 90cm, suknel\u0117s ilgis 103cm. Galimi ir kiti dyd\u017eiai, bei kitas ilgis. Audinio sud\u0117tis: polesteris 45%, medviln\u0117 55%.","og_url":"https:\/\/rasstyle.eu\/en\/product\/suknele-rose\/","og_site_name":"Rasstyle.eu - rank\u0173 darbo k\u016briniai","article_modified_time":"2024-08-06T14:58:21+00:00","og_image":[{"width":1072,"height":1404,"url":"https:\/\/rasstyle.eu\/wp-content\/uploads\/2024\/08\/626.jpg","type":"image\/jpeg"}],"twitter_card":"summary_large_image","twitter_misc":{"Estimated reading time":"1 minute"},"schema":{"@context":"https:\/\/schema.org","@graph":[{"@type":"WebPage","@id":"https:\/\/rasstyle.eu\/produktas\/suknele-rose\/","url":"https:\/\/rasstyle.eu\/produktas\/suknele-rose\/","name":"Suknel\u0117 ,,Rose\" - Rasstyle.eu - rank\u0173 darbo k\u016briniai","isPartOf":{"@id":"https:\/\/rasstyle.eu\/#website"},"datePublished":"2024-08-06T14:58:20+00:00","dateModified":"2024-08-06T14:58:21+00:00","breadcrumb":{"@id":"https:\/\/rasstyle.eu\/produktas\/suknele-rose\/#breadcrumb"},"inLanguage":"en-GB","potentialAction":[{"@type":"ReadAction","target":["https:\/\/rasstyle.eu\/produktas\/suknele-rose\/"]}]},{"@type":"BreadcrumbList","@id":"https:\/\/rasstyle.eu\/produktas\/suknele-rose\/#breadcrumb","itemListElement":[{"@type":"ListItem","position":1,"name":"Home","item":"https:\/\/rasstyle.eu\/"},{"@type":"ListItem","position":2,"name":"Produktai","item":"https:\/\/rasstyle.eu\/produktai\/"},{"@type":"ListItem","position":3,"name":"Suknel\u0117 ,,Rose&#8221;"}]},{"@type":"WebSite","@id":"https:\/\/rasstyle.eu\/#website","url":"https:\/\/rasstyle.eu\/","name":"Rasstyle.eu - rank\u0173 darbo k\u016briniai","description":"","publisher":{"@id":"https:\/\/rasstyle.eu\/#organization"},"potentialAction":[{"@type":"SearchAction","target":{"@type":"EntryPoint","urlTemplate":"https:\/\/rasstyle.eu\/?s={search_term_string}"},"query-input":"required name=search_term_string"}],"inLanguage":"en-GB"},{"@type":"Organization","@id":"https:\/\/rasstyle.eu\/#organization","name":"Rasstyle.eu - rank\u0173 darbo k\u016briniai","url":"https:\/\/rasstyle.eu\/","logo":{"@type":"ImageObject","inLanguage":"en-GB","@id":"https:\/\/rasstyle.eu\/#\/schema\/logo\/image\/","url":"https:\/\/rasstyle.eu\/wp-content\/uploads\/2023\/12\/cropped-logo-no-background-1.png","contentUrl":"https:\/\/rasstyle.eu\/wp-content\/uploads\/2023\/12\/cropped-logo-no-background-1.png","width":1500,"height":265,"caption":"Rasstyle.eu - rank\u0173 darbo k\u016briniai"},"image":{"@id":"https:\/\/rasstyle.eu\/#\/schema\/logo\/image\/"}}]}},"_links":{"self":[{"href":"https:\/\/rasstyle.eu\/en\/wp-json\/wp\/v2\/product\/1602","targetHints":{"allow":["GET"]}}],"collection":[{"href":"https:\/\/rasstyle.eu\/en\/wp-json\/wp\/v2\/product"}],"about":[{"href":"https:\/\/rasstyle.eu\/en\/wp-json\/wp\/v2\/types\/product"}],"replies":[{"embeddable":true,"href":"https:\/\/rasstyle.eu\/en\/wp-json\/wp\/v2\/comments?post=1602"}],"wp:featuredmedia":[{"embeddable":true,"href":"https:\/\/rasstyle.eu\/en\/wp-json\/wp\/v2\/media\/1603"}],"wp:attachment":[{"href":"https:\/\/rasstyle.eu\/en\/wp-json\/wp\/v2\/media?parent=1602"}],"wp:term":[{"taxonomy":"product_cat","embeddable":true,"href":"https:\/\/rasstyle.eu\/en\/wp-json\/wp\/v2\/product_cat?post=1602"},{"taxonomy":"product_tag","embeddable":true,"href":"https:\/\/rasstyle.eu\/en\/wp-json\/wp\/v2\/product_tag?post=1602"}],"curies":[{"name":"wp","href":"https:\/\/api.w.org\/{rel}","templated":true}]}}