{"id":1559,"date":"2024-05-28T16:37:41","date_gmt":"2024-05-28T16:37:41","guid":{"rendered":"https:\/\/rasstyle.eu\/?post_type=product&#038;p=1559"},"modified":"2024-05-28T16:37:41","modified_gmt":"2024-05-28T16:37:41","slug":"lino-suknele-baltiniai","status":"publish","type":"product","link":"https:\/\/rasstyle.eu\/en\/product\/lino-suknele-baltiniai\/","title":{"rendered":"Lino suknel\u0117 &#8211; baltiniai"},"content":{"rendered":"<p>Lino suknel\u0117 &#8211; baltiniai pasi\u016bti i\u0161 100% mink\u0161tinto lino. Priekis susagstomas metalin\u0117mis kn\u0117d\u0117mis, \u0161onuose ki\u0161en\u0117s ir skeltukai. Suknel\u0117 kombinuota i\u0161 dviej\u0173 spalv\u0173 lino audinio ir tai suteikia i\u0161skirtinumo. Jei patogu galima d\u0117v\u0117ti kaip tunika ar baltinius. Suknel\u0117s kr\u016btin\u0117s apimtis 106cm, suknel\u0117s ilgis 117cm. Priskiriama L dyd\u017eiu, vienetinio tipo.<\/p>","protected":false},"excerpt":{"rendered":"<p>Lino suknel\u0117 &#8211; baltiniai pasi\u016bti i\u0161 100% mink\u0161tinto lino. Priekis susagstomas metalin\u0117mis kn\u0117d\u0117mis, \u0161onuose ki\u0161en\u0117s ir skeltukai. Suknel\u0117 kombinuota i\u0161 dviej\u0173 spalv\u0173 lino audinio ir tai suteikia i\u0161skirtinumo. Jei patogu galima d\u0117v\u0117ti kaip tunika ar baltinius. Suknel\u0117s kr\u016btin\u0117s apimtis 106cm, suknel\u0117s ilgis 117cm. Priskiriama L dyd\u017eiu, vienetinio tipo.<\/p>","protected":false},"featured_media":1560,"comment_status":"open","ping_status":"closed","template":"","meta":{"site-sidebar-layout":"default","site-content-layout":"","ast-site-content-layout":"default","site-content-style":"default","site-sidebar-style":"default","ast-global-header-display":"","ast-banner-title-visibility":"","ast-main-header-display":"","ast-hfb-above-header-display":"","ast-hfb-below-header-display":"","ast-hfb-mobile-header-display":"","site-post-title":"","ast-breadcrumbs-content":"","ast-featured-img":"","footer-sml-layout":"","theme-transparent-header-meta":"default","adv-header-id-meta":"","stick-header-meta":"","header-above-stick-meta":"","header-main-stick-meta":"","header-below-stick-meta":"","astra-migrate-meta-layouts":"set","ast-page-background-enabled":"default","ast-page-background-meta":{"desktop":{"background-color":"","background-image":"","background-repeat":"repeat","background-position":"center center","background-size":"auto","background-attachment":"scroll","background-type":"","background-media":"","overlay-type":"","overlay-color":"","overlay-gradient":""},"tablet":{"background-color":"","background-image":"","background-repeat":"repeat","background-position":"center center","background-size":"auto","background-attachment":"scroll","background-type":"","background-media":"","overlay-type":"","overlay-color":"","overlay-gradient":""},"mobile":{"background-color":"","background-image":"","background-repeat":"repeat","background-position":"center center","background-size":"auto","background-attachment":"scroll","background-type":"","background-media":"","overlay-type":"","overlay-color":"","overlay-gradient":""}},"ast-content-background-meta":{"desktop":{"background-color":"var(--ast-global-color-5)","background-image":"","background-repeat":"repeat","background-position":"center center","background-size":"auto","background-attachment":"scroll","background-type":"","background-media":"","overlay-type":"","overlay-color":"","overlay-gradient":""},"tablet":{"background-color":"var(--ast-global-color-5)","background-image":"","background-repeat":"repeat","background-position":"center center","background-size":"auto","background-attachment":"scroll","background-type":"","background-media":"","overlay-type":"","overlay-color":"","overlay-gradient":""},"mobile":{"background-color":"var(--ast-global-color-5)","background-image":"","background-repeat":"repeat","background-position":"center center","background-size":"auto","background-attachment":"scroll","background-type":"","background-media":"","overlay-type":"","overlay-color":"","overlay-gradient":""}}},"product_cat":[34,32],"product_tag":[],"class_list":{"0":"post-1559","1":"product","2":"type-product","3":"status-publish","4":"has-post-thumbnail","6":"product_cat-linines-sukneles","7":"product_cat-sukneles","8":"desktop-align-left","9":"tablet-align-left","10":"mobile-align-left","12":"first","13":"instock","14":"shipping-taxable","15":"purchasable","16":"product-type-simple"},"yoast_head":"<!-- This site is optimized with the Yoast SEO plugin v21.7 - https:\/\/yoast.com\/wordpress\/plugins\/seo\/ -->\n<title>Lino suknel\u0117 - baltiniai - Rasstyle.eu - rank\u0173 darbo k\u016briniai<\/title>\n<meta name=\"robots\" content=\"index, follow, max-snippet:-1, max-image-preview:large, max-video-preview:-1\" \/>\n<link rel=\"canonical\" href=\"https:\/\/rasstyle.eu\/en\/product\/lino-suknele-baltiniai\/\" \/>\n<meta property=\"og:locale\" content=\"en_GB\" \/>\n<meta property=\"og:type\" content=\"article\" \/>\n<meta property=\"og:title\" content=\"Lino suknel\u0117 - baltiniai - Rasstyle.eu - rank\u0173 darbo k\u016briniai\" \/>\n<meta property=\"og:description\" content=\"Lino suknel\u0117 &#8211; baltiniai pasi\u016bti i\u0161 100% mink\u0161tinto lino. Priekis susagstomas metalin\u0117mis kn\u0117d\u0117mis, \u0161onuose ki\u0161en\u0117s ir skeltukai. Suknel\u0117 kombinuota i\u0161 dviej\u0173 spalv\u0173 lino audinio ir tai suteikia i\u0161skirtinumo. Jei patogu galima d\u0117v\u0117ti kaip tunika ar baltinius. Suknel\u0117s kr\u016btin\u0117s apimtis 106cm, suknel\u0117s ilgis 117cm. Priskiriama L dyd\u017eiu, vienetinio tipo.\" \/>\n<meta property=\"og:url\" content=\"https:\/\/rasstyle.eu\/en\/product\/lino-suknele-baltiniai\/\" \/>\n<meta property=\"og:site_name\" content=\"Rasstyle.eu - rank\u0173 darbo k\u016briniai\" \/>\n<meta property=\"og:image\" content=\"https:\/\/rasstyle.eu\/wp-content\/uploads\/2024\/05\/611.jpg\" \/>\n\t<meta property=\"og:image:width\" content=\"1144\" \/>\n\t<meta property=\"og:image:height\" content=\"1396\" \/>\n\t<meta property=\"og:image:type\" content=\"image\/jpeg\" \/>\n<meta name=\"twitter:card\" content=\"summary_large_image\" \/>\n<meta name=\"twitter:label1\" content=\"Estimated reading time\" \/>\n\t<meta name=\"twitter:data1\" content=\"1 minute\" \/>\n<script type=\"application\/ld+json\" class=\"yoast-schema-graph\">{\"@context\":\"https:\/\/schema.org\",\"@graph\":[{\"@type\":\"WebPage\",\"@id\":\"https:\/\/rasstyle.eu\/produktas\/lino-suknele-baltiniai\/\",\"url\":\"https:\/\/rasstyle.eu\/produktas\/lino-suknele-baltiniai\/\",\"name\":\"Lino suknel\u0117 - baltiniai - Rasstyle.eu - rank\u0173 darbo k\u016briniai\",\"isPartOf\":{\"@id\":\"https:\/\/rasstyle.eu\/#website\"},\"datePublished\":\"2024-05-28T16:37:41+00:00\",\"dateModified\":\"2024-05-28T16:37:41+00:00\",\"breadcrumb\":{\"@id\":\"https:\/\/rasstyle.eu\/produktas\/lino-suknele-baltiniai\/#breadcrumb\"},\"inLanguage\":\"en-GB\",\"potentialAction\":[{\"@type\":\"ReadAction\",\"target\":[\"https:\/\/rasstyle.eu\/produktas\/lino-suknele-baltiniai\/\"]}]},{\"@type\":\"BreadcrumbList\",\"@id\":\"https:\/\/rasstyle.eu\/produktas\/lino-suknele-baltiniai\/#breadcrumb\",\"itemListElement\":[{\"@type\":\"ListItem\",\"position\":1,\"name\":\"Home\",\"item\":\"https:\/\/rasstyle.eu\/\"},{\"@type\":\"ListItem\",\"position\":2,\"name\":\"Produktai\",\"item\":\"https:\/\/rasstyle.eu\/produktai\/\"},{\"@type\":\"ListItem\",\"position\":3,\"name\":\"Lino suknel\u0117 &#8211; baltiniai\"}]},{\"@type\":\"WebSite\",\"@id\":\"https:\/\/rasstyle.eu\/#website\",\"url\":\"https:\/\/rasstyle.eu\/\",\"name\":\"Rasstyle.eu - rank\u0173 darbo k\u016briniai\",\"description\":\"\",\"publisher\":{\"@id\":\"https:\/\/rasstyle.eu\/#organization\"},\"potentialAction\":[{\"@type\":\"SearchAction\",\"target\":{\"@type\":\"EntryPoint\",\"urlTemplate\":\"https:\/\/rasstyle.eu\/?s={search_term_string}\"},\"query-input\":\"required name=search_term_string\"}],\"inLanguage\":\"en-GB\"},{\"@type\":\"Organization\",\"@id\":\"https:\/\/rasstyle.eu\/#organization\",\"name\":\"Rasstyle.eu - rank\u0173 darbo k\u016briniai\",\"url\":\"https:\/\/rasstyle.eu\/\",\"logo\":{\"@type\":\"ImageObject\",\"inLanguage\":\"en-GB\",\"@id\":\"https:\/\/rasstyle.eu\/#\/schema\/logo\/image\/\",\"url\":\"https:\/\/rasstyle.eu\/wp-content\/uploads\/2023\/12\/cropped-logo-no-background-1.png\",\"contentUrl\":\"https:\/\/rasstyle.eu\/wp-content\/uploads\/2023\/12\/cropped-logo-no-background-1.png\",\"width\":1500,\"height\":265,\"caption\":\"Rasstyle.eu - rank\u0173 darbo k\u016briniai\"},\"image\":{\"@id\":\"https:\/\/rasstyle.eu\/#\/schema\/logo\/image\/\"}}]}<\/script>\n<!-- \/ Yoast SEO plugin. -->","yoast_head_json":{"title":"Lino suknel\u0117 - baltiniai - Rasstyle.eu - rank\u0173 darbo k\u016briniai","robots":{"index":"index","follow":"follow","max-snippet":"max-snippet:-1","max-image-preview":"max-image-preview:large","max-video-preview":"max-video-preview:-1"},"canonical":"https:\/\/rasstyle.eu\/en\/product\/lino-suknele-baltiniai\/","og_locale":"en_GB","og_type":"article","og_title":"Lino suknel\u0117 - baltiniai - Rasstyle.eu - rank\u0173 darbo k\u016briniai","og_description":"Lino suknel\u0117 &#8211; baltiniai pasi\u016bti i\u0161 100% mink\u0161tinto lino. Priekis susagstomas metalin\u0117mis kn\u0117d\u0117mis, \u0161onuose ki\u0161en\u0117s ir skeltukai. Suknel\u0117 kombinuota i\u0161 dviej\u0173 spalv\u0173 lino audinio ir tai suteikia i\u0161skirtinumo. Jei patogu galima d\u0117v\u0117ti kaip tunika ar baltinius. Suknel\u0117s kr\u016btin\u0117s apimtis 106cm, suknel\u0117s ilgis 117cm. Priskiriama L dyd\u017eiu, vienetinio tipo.","og_url":"https:\/\/rasstyle.eu\/en\/product\/lino-suknele-baltiniai\/","og_site_name":"Rasstyle.eu - rank\u0173 darbo k\u016briniai","og_image":[{"width":1144,"height":1396,"url":"https:\/\/rasstyle.eu\/wp-content\/uploads\/2024\/05\/611.jpg","type":"image\/jpeg"}],"twitter_card":"summary_large_image","twitter_misc":{"Estimated reading time":"1 minute"},"schema":{"@context":"https:\/\/schema.org","@graph":[{"@type":"WebPage","@id":"https:\/\/rasstyle.eu\/produktas\/lino-suknele-baltiniai\/","url":"https:\/\/rasstyle.eu\/produktas\/lino-suknele-baltiniai\/","name":"Lino suknel\u0117 - baltiniai - Rasstyle.eu - rank\u0173 darbo k\u016briniai","isPartOf":{"@id":"https:\/\/rasstyle.eu\/#website"},"datePublished":"2024-05-28T16:37:41+00:00","dateModified":"2024-05-28T16:37:41+00:00","breadcrumb":{"@id":"https:\/\/rasstyle.eu\/produktas\/lino-suknele-baltiniai\/#breadcrumb"},"inLanguage":"en-GB","potentialAction":[{"@type":"ReadAction","target":["https:\/\/rasstyle.eu\/produktas\/lino-suknele-baltiniai\/"]}]},{"@type":"BreadcrumbList","@id":"https:\/\/rasstyle.eu\/produktas\/lino-suknele-baltiniai\/#breadcrumb","itemListElement":[{"@type":"ListItem","position":1,"name":"Home","item":"https:\/\/rasstyle.eu\/"},{"@type":"ListItem","position":2,"name":"Produktai","item":"https:\/\/rasstyle.eu\/produktai\/"},{"@type":"ListItem","position":3,"name":"Lino suknel\u0117 &#8211; baltiniai"}]},{"@type":"WebSite","@id":"https:\/\/rasstyle.eu\/#website","url":"https:\/\/rasstyle.eu\/","name":"Rasstyle.eu - rank\u0173 darbo k\u016briniai","description":"","publisher":{"@id":"https:\/\/rasstyle.eu\/#organization"},"potentialAction":[{"@type":"SearchAction","target":{"@type":"EntryPoint","urlTemplate":"https:\/\/rasstyle.eu\/?s={search_term_string}"},"query-input":"required name=search_term_string"}],"inLanguage":"en-GB"},{"@type":"Organization","@id":"https:\/\/rasstyle.eu\/#organization","name":"Rasstyle.eu - rank\u0173 darbo k\u016briniai","url":"https:\/\/rasstyle.eu\/","logo":{"@type":"ImageObject","inLanguage":"en-GB","@id":"https:\/\/rasstyle.eu\/#\/schema\/logo\/image\/","url":"https:\/\/rasstyle.eu\/wp-content\/uploads\/2023\/12\/cropped-logo-no-background-1.png","contentUrl":"https:\/\/rasstyle.eu\/wp-content\/uploads\/2023\/12\/cropped-logo-no-background-1.png","width":1500,"height":265,"caption":"Rasstyle.eu - rank\u0173 darbo k\u016briniai"},"image":{"@id":"https:\/\/rasstyle.eu\/#\/schema\/logo\/image\/"}}]}},"_links":{"self":[{"href":"https:\/\/rasstyle.eu\/en\/wp-json\/wp\/v2\/product\/1559","targetHints":{"allow":["GET"]}}],"collection":[{"href":"https:\/\/rasstyle.eu\/en\/wp-json\/wp\/v2\/product"}],"about":[{"href":"https:\/\/rasstyle.eu\/en\/wp-json\/wp\/v2\/types\/product"}],"replies":[{"embeddable":true,"href":"https:\/\/rasstyle.eu\/en\/wp-json\/wp\/v2\/comments?post=1559"}],"wp:featuredmedia":[{"embeddable":true,"href":"https:\/\/rasstyle.eu\/en\/wp-json\/wp\/v2\/media\/1560"}],"wp:attachment":[{"href":"https:\/\/rasstyle.eu\/en\/wp-json\/wp\/v2\/media?parent=1559"}],"wp:term":[{"taxonomy":"product_cat","embeddable":true,"href":"https:\/\/rasstyle.eu\/en\/wp-json\/wp\/v2\/product_cat?post=1559"},{"taxonomy":"product_tag","embeddable":true,"href":"https:\/\/rasstyle.eu\/en\/wp-json\/wp\/v2\/product_tag?post=1559"}],"curies":[{"name":"wp","href":"https:\/\/api.w.org\/{rel}","templated":true}]}}