{"id":1543,"date":"2024-05-16T17:32:06","date_gmt":"2024-05-16T17:32:06","guid":{"rendered":"https:\/\/rasstyle.eu\/?post_type=product&#038;p=1543"},"modified":"2026-02-10T18:07:22","modified_gmt":"2026-02-10T18:07:22","slug":"zydra-lino-suknele","status":"publish","type":"product","link":"https:\/\/rasstyle.eu\/en\/product\/zydra-lino-suknele\/","title":{"rendered":"\u017dydra lino suknel\u0117"},"content":{"rendered":"<p style=\"text-align: left;\">\u00a0 \u00a0 \u00a0 \u00a0 \u00a0 \u00a0 \u00a0 Tai \u0161viesiai m\u0117lynos spalvos, maksi ilgio suknel\u0117, pasi\u017eyminti laisvu, nevar\u017ean\u010diu stiliumi. Ji turi V formos i\u0161kirpt\u0119 ir vidutinio ilgio rankoves su subtiliais raukiniais. Suknel\u0117 papuo\u0161ta baltais n\u0117riniais ties rankov\u0117mis, liemens srityje ir apatin\u0117je suknel\u0117s dalyje, kas suteikia jai romanti\u0161kumo.<\/p>\n<p>\u00a0 \u00a0 \u00a0 \u00a0 \u00a0 \u00a0 \u00a0 Nat\u016bralaus lino suknel\u0117 sukurta moteriai, kuri miegsta jauki\u0105 ir tuo pa\u010diu eleganti\u0161k\u0105 i\u0161vaizd\u0105. \u0160i suknel\u0117 puikiai tinka tiek laisvalaikiui mieste, tiek atostogoms paj\u016bryje. Auk\u0161tintas liemuo ir laisvai krentantis audinys subtiliai pabr\u0117\u017eia fig\u016br\u0105, kartu suteikdamas komforto poj\u016bt\u012f.<\/p>\n<p>&nbsp;<\/p>\n<p><em>\u00a0 \u00a0 \u00a0 \u00a0 \u00a0 \u00a0 \u00a0Drabu\u017eiai siuvami siuvykloje Klaip\u0117doje, tod\u0117l pagal poreik\u012f galima keisti modelio detales, ilg\u012f ir spalv\u0105. <\/em><\/p>\n<p><em>\u00a0 \u00a0 \u00a0 \u00a0 \u00a0 \u00a0 \u00a0Kain\u0105 nurodyt\u0105 XS-S dyd\u017eiui.<\/em><\/p>\n<p><em>\u00a0 \u00a0 \u00a0 \u00a0 \u00a0 \u00a0 \u00a0Gaminio primatavimai atliekami pagal poreik\u012f. Pasiuvimo terminas 3-4 savait\u0117s. <\/em><\/p>\n<p><em>\u00a0 \u00a0 \u00a0 \u00a0 \u00a0 \u00a0 Gaminio gra\u017einimas negalimas nes siuvama pagal individualius i\u0161matavimus.<\/em><\/p>\n<p><em>\u00a0 \u00a0 \u00a0 \u00a0 \u00a0 \u00a0 Reikalinga detalesn\u0117 informacija susiekite tel: +370 65 351 591.<\/em><\/p>","protected":false},"excerpt":{"rendered":"<p>\u00a0 \u00a0 \u00a0 \u00a0 \u00a0 \u00a0 \u00a0 Tai \u0161viesiai m\u0117lynos spalvos, maksi ilgio suknel\u0117, pasi\u017eyminti laisvu, nevar\u017ean\u010diu stiliumi. Ji turi V formos i\u0161kirpt\u0119 ir vidutinio ilgio rankoves su subtiliais raukiniais. Suknel\u0117 papuo\u0161ta baltais n\u0117riniais ties rankov\u0117mis, liemens srityje ir apatin\u0117je suknel\u0117s dalyje, kas suteikia jai romanti\u0161kumo. \u00a0 \u00a0 \u00a0 \u00a0 \u00a0 \u00a0 \u00a0 Nat\u016bralaus lino &hellip;<\/p>\n<p class=\"read-more\"> <a class=\"\" href=\"https:\/\/rasstyle.eu\/en\/product\/zydra-lino-suknele\/\"> <span class=\"screen-reader-text\">\u017dydra lino suknel\u0117<\/span> Read More &raquo;<\/a><\/p>","protected":false},"featured_media":1625,"comment_status":"open","ping_status":"closed","template":"","meta":{"site-sidebar-layout":"default","site-content-layout":"","ast-site-content-layout":"default","site-content-style":"default","site-sidebar-style":"default","ast-global-header-display":"","ast-banner-title-visibility":"","ast-main-header-display":"","ast-hfb-above-header-display":"","ast-hfb-below-header-display":"","ast-hfb-mobile-header-display":"","site-post-title":"","ast-breadcrumbs-content":"","ast-featured-img":"","footer-sml-layout":"","theme-transparent-header-meta":"default","adv-header-id-meta":"","stick-header-meta":"","header-above-stick-meta":"","header-main-stick-meta":"","header-below-stick-meta":"","astra-migrate-meta-layouts":"set","ast-page-background-enabled":"default","ast-page-background-meta":{"desktop":{"background-color":"","background-image":"","background-repeat":"repeat","background-position":"center center","background-size":"auto","background-attachment":"scroll","background-type":"","background-media":"","overlay-type":"","overlay-color":"","overlay-gradient":""},"tablet":{"background-color":"","background-image":"","background-repeat":"repeat","background-position":"center center","background-size":"auto","background-attachment":"scroll","background-type":"","background-media":"","overlay-type":"","overlay-color":"","overlay-gradient":""},"mobile":{"background-color":"","background-image":"","background-repeat":"repeat","background-position":"center center","background-size":"auto","background-attachment":"scroll","background-type":"","background-media":"","overlay-type":"","overlay-color":"","overlay-gradient":""}},"ast-content-background-meta":{"desktop":{"background-color":"var(--ast-global-color-5)","background-image":"","background-repeat":"repeat","background-position":"center center","background-size":"auto","background-attachment":"scroll","background-type":"","background-media":"","overlay-type":"","overlay-color":"","overlay-gradient":""},"tablet":{"background-color":"var(--ast-global-color-5)","background-image":"","background-repeat":"repeat","background-position":"center center","background-size":"auto","background-attachment":"scroll","background-type":"","background-media":"","overlay-type":"","overlay-color":"","overlay-gradient":""},"mobile":{"background-color":"var(--ast-global-color-5)","background-image":"","background-repeat":"repeat","background-position":"center center","background-size":"auto","background-attachment":"scroll","background-type":"","background-media":"","overlay-type":"","overlay-color":"","overlay-gradient":""}}},"product_cat":[34,32],"product_tag":[],"class_list":{"0":"post-1543","1":"product","2":"type-product","3":"status-publish","4":"has-post-thumbnail","6":"product_cat-linines-sukneles","7":"product_cat-sukneles","8":"desktop-align-left","9":"tablet-align-left","10":"mobile-align-left","12":"first","13":"instock","14":"shipping-taxable","15":"purchasable","16":"product-type-simple"},"yoast_head":"<!-- This site is optimized with the Yoast SEO plugin v21.7 - https:\/\/yoast.com\/wordpress\/plugins\/seo\/ -->\n<title>\u017dydra lino suknel\u0117 - Rasstyle.eu - rank\u0173 darbo k\u016briniai<\/title>\n<meta name=\"robots\" content=\"index, follow, max-snippet:-1, max-image-preview:large, max-video-preview:-1\" \/>\n<link rel=\"canonical\" href=\"https:\/\/rasstyle.eu\/en\/product\/zydra-lino-suknele\/\" \/>\n<meta property=\"og:locale\" content=\"en_GB\" \/>\n<meta property=\"og:type\" content=\"article\" \/>\n<meta property=\"og:title\" content=\"\u017dydra lino suknel\u0117 - Rasstyle.eu - rank\u0173 darbo k\u016briniai\" \/>\n<meta property=\"og:description\" content=\"\u00a0 \u00a0 \u00a0 \u00a0 \u00a0 \u00a0 \u00a0 Tai \u0161viesiai m\u0117lynos spalvos, maksi ilgio suknel\u0117, pasi\u017eyminti laisvu, nevar\u017ean\u010diu stiliumi. Ji turi V formos i\u0161kirpt\u0119 ir vidutinio ilgio rankoves su subtiliais raukiniais. Suknel\u0117 papuo\u0161ta baltais n\u0117riniais ties rankov\u0117mis, liemens srityje ir apatin\u0117je suknel\u0117s dalyje, kas suteikia jai romanti\u0161kumo. \u00a0 \u00a0 \u00a0 \u00a0 \u00a0 \u00a0 \u00a0 Nat\u016bralaus lino &hellip; \u017dydra lino suknel\u0117 Read More &raquo;\" \/>\n<meta property=\"og:url\" content=\"https:\/\/rasstyle.eu\/en\/product\/zydra-lino-suknele\/\" \/>\n<meta property=\"og:site_name\" content=\"Rasstyle.eu - rank\u0173 darbo k\u016briniai\" \/>\n<meta property=\"article:modified_time\" content=\"2026-02-10T18:07:22+00:00\" \/>\n<meta property=\"og:image\" content=\"https:\/\/rasstyle.eu\/wp-content\/uploads\/2024\/05\/1.jpg\" \/>\n\t<meta property=\"og:image:width\" content=\"283\" \/>\n\t<meta property=\"og:image:height\" content=\"645\" \/>\n\t<meta property=\"og:image:type\" content=\"image\/jpeg\" \/>\n<meta name=\"twitter:card\" content=\"summary_large_image\" \/>\n<meta name=\"twitter:label1\" content=\"Estimated reading time\" \/>\n\t<meta name=\"twitter:data1\" content=\"1 minute\" \/>\n<script type=\"application\/ld+json\" class=\"yoast-schema-graph\">{\"@context\":\"https:\/\/schema.org\",\"@graph\":[{\"@type\":\"WebPage\",\"@id\":\"https:\/\/rasstyle.eu\/produktas\/zydra-lino-suknele\/\",\"url\":\"https:\/\/rasstyle.eu\/produktas\/zydra-lino-suknele\/\",\"name\":\"\u017dydra lino suknel\u0117 - Rasstyle.eu - rank\u0173 darbo k\u016briniai\",\"isPartOf\":{\"@id\":\"https:\/\/rasstyle.eu\/#website\"},\"datePublished\":\"2024-05-16T17:32:06+00:00\",\"dateModified\":\"2026-02-10T18:07:22+00:00\",\"breadcrumb\":{\"@id\":\"https:\/\/rasstyle.eu\/produktas\/zydra-lino-suknele\/#breadcrumb\"},\"inLanguage\":\"en-GB\",\"potentialAction\":[{\"@type\":\"ReadAction\",\"target\":[\"https:\/\/rasstyle.eu\/produktas\/zydra-lino-suknele\/\"]}]},{\"@type\":\"BreadcrumbList\",\"@id\":\"https:\/\/rasstyle.eu\/produktas\/zydra-lino-suknele\/#breadcrumb\",\"itemListElement\":[{\"@type\":\"ListItem\",\"position\":1,\"name\":\"Home\",\"item\":\"https:\/\/rasstyle.eu\/\"},{\"@type\":\"ListItem\",\"position\":2,\"name\":\"Produktai\",\"item\":\"https:\/\/rasstyle.eu\/produktai\/\"},{\"@type\":\"ListItem\",\"position\":3,\"name\":\"\u017dydra lino suknel\u0117\"}]},{\"@type\":\"WebSite\",\"@id\":\"https:\/\/rasstyle.eu\/#website\",\"url\":\"https:\/\/rasstyle.eu\/\",\"name\":\"Rasstyle.eu - rank\u0173 darbo k\u016briniai\",\"description\":\"\",\"publisher\":{\"@id\":\"https:\/\/rasstyle.eu\/#organization\"},\"potentialAction\":[{\"@type\":\"SearchAction\",\"target\":{\"@type\":\"EntryPoint\",\"urlTemplate\":\"https:\/\/rasstyle.eu\/?s={search_term_string}\"},\"query-input\":\"required name=search_term_string\"}],\"inLanguage\":\"en-GB\"},{\"@type\":\"Organization\",\"@id\":\"https:\/\/rasstyle.eu\/#organization\",\"name\":\"Rasstyle.eu - rank\u0173 darbo k\u016briniai\",\"url\":\"https:\/\/rasstyle.eu\/\",\"logo\":{\"@type\":\"ImageObject\",\"inLanguage\":\"en-GB\",\"@id\":\"https:\/\/rasstyle.eu\/#\/schema\/logo\/image\/\",\"url\":\"https:\/\/rasstyle.eu\/wp-content\/uploads\/2023\/12\/cropped-logo-no-background-1.png\",\"contentUrl\":\"https:\/\/rasstyle.eu\/wp-content\/uploads\/2023\/12\/cropped-logo-no-background-1.png\",\"width\":1500,\"height\":265,\"caption\":\"Rasstyle.eu - rank\u0173 darbo k\u016briniai\"},\"image\":{\"@id\":\"https:\/\/rasstyle.eu\/#\/schema\/logo\/image\/\"}}]}<\/script>\n<!-- \/ Yoast SEO plugin. -->","yoast_head_json":{"title":"\u017dydra lino suknel\u0117 - Rasstyle.eu - rank\u0173 darbo k\u016briniai","robots":{"index":"index","follow":"follow","max-snippet":"max-snippet:-1","max-image-preview":"max-image-preview:large","max-video-preview":"max-video-preview:-1"},"canonical":"https:\/\/rasstyle.eu\/en\/product\/zydra-lino-suknele\/","og_locale":"en_GB","og_type":"article","og_title":"\u017dydra lino suknel\u0117 - Rasstyle.eu - rank\u0173 darbo k\u016briniai","og_description":"\u00a0 \u00a0 \u00a0 \u00a0 \u00a0 \u00a0 \u00a0 Tai \u0161viesiai m\u0117lynos spalvos, maksi ilgio suknel\u0117, pasi\u017eyminti laisvu, nevar\u017ean\u010diu stiliumi. Ji turi V formos i\u0161kirpt\u0119 ir vidutinio ilgio rankoves su subtiliais raukiniais. Suknel\u0117 papuo\u0161ta baltais n\u0117riniais ties rankov\u0117mis, liemens srityje ir apatin\u0117je suknel\u0117s dalyje, kas suteikia jai romanti\u0161kumo. \u00a0 \u00a0 \u00a0 \u00a0 \u00a0 \u00a0 \u00a0 Nat\u016bralaus lino &hellip; \u017dydra lino suknel\u0117 Read More &raquo;","og_url":"https:\/\/rasstyle.eu\/en\/product\/zydra-lino-suknele\/","og_site_name":"Rasstyle.eu - rank\u0173 darbo k\u016briniai","article_modified_time":"2026-02-10T18:07:22+00:00","og_image":[{"width":283,"height":645,"url":"https:\/\/rasstyle.eu\/wp-content\/uploads\/2024\/05\/1.jpg","type":"image\/jpeg"}],"twitter_card":"summary_large_image","twitter_misc":{"Estimated reading time":"1 minute"},"schema":{"@context":"https:\/\/schema.org","@graph":[{"@type":"WebPage","@id":"https:\/\/rasstyle.eu\/produktas\/zydra-lino-suknele\/","url":"https:\/\/rasstyle.eu\/produktas\/zydra-lino-suknele\/","name":"\u017dydra lino suknel\u0117 - Rasstyle.eu - rank\u0173 darbo k\u016briniai","isPartOf":{"@id":"https:\/\/rasstyle.eu\/#website"},"datePublished":"2024-05-16T17:32:06+00:00","dateModified":"2026-02-10T18:07:22+00:00","breadcrumb":{"@id":"https:\/\/rasstyle.eu\/produktas\/zydra-lino-suknele\/#breadcrumb"},"inLanguage":"en-GB","potentialAction":[{"@type":"ReadAction","target":["https:\/\/rasstyle.eu\/produktas\/zydra-lino-suknele\/"]}]},{"@type":"BreadcrumbList","@id":"https:\/\/rasstyle.eu\/produktas\/zydra-lino-suknele\/#breadcrumb","itemListElement":[{"@type":"ListItem","position":1,"name":"Home","item":"https:\/\/rasstyle.eu\/"},{"@type":"ListItem","position":2,"name":"Produktai","item":"https:\/\/rasstyle.eu\/produktai\/"},{"@type":"ListItem","position":3,"name":"\u017dydra lino suknel\u0117"}]},{"@type":"WebSite","@id":"https:\/\/rasstyle.eu\/#website","url":"https:\/\/rasstyle.eu\/","name":"Rasstyle.eu - rank\u0173 darbo k\u016briniai","description":"","publisher":{"@id":"https:\/\/rasstyle.eu\/#organization"},"potentialAction":[{"@type":"SearchAction","target":{"@type":"EntryPoint","urlTemplate":"https:\/\/rasstyle.eu\/?s={search_term_string}"},"query-input":"required name=search_term_string"}],"inLanguage":"en-GB"},{"@type":"Organization","@id":"https:\/\/rasstyle.eu\/#organization","name":"Rasstyle.eu - rank\u0173 darbo k\u016briniai","url":"https:\/\/rasstyle.eu\/","logo":{"@type":"ImageObject","inLanguage":"en-GB","@id":"https:\/\/rasstyle.eu\/#\/schema\/logo\/image\/","url":"https:\/\/rasstyle.eu\/wp-content\/uploads\/2023\/12\/cropped-logo-no-background-1.png","contentUrl":"https:\/\/rasstyle.eu\/wp-content\/uploads\/2023\/12\/cropped-logo-no-background-1.png","width":1500,"height":265,"caption":"Rasstyle.eu - rank\u0173 darbo k\u016briniai"},"image":{"@id":"https:\/\/rasstyle.eu\/#\/schema\/logo\/image\/"}}]}},"_links":{"self":[{"href":"https:\/\/rasstyle.eu\/en\/wp-json\/wp\/v2\/product\/1543","targetHints":{"allow":["GET"]}}],"collection":[{"href":"https:\/\/rasstyle.eu\/en\/wp-json\/wp\/v2\/product"}],"about":[{"href":"https:\/\/rasstyle.eu\/en\/wp-json\/wp\/v2\/types\/product"}],"replies":[{"embeddable":true,"href":"https:\/\/rasstyle.eu\/en\/wp-json\/wp\/v2\/comments?post=1543"}],"wp:featuredmedia":[{"embeddable":true,"href":"https:\/\/rasstyle.eu\/en\/wp-json\/wp\/v2\/media\/1625"}],"wp:attachment":[{"href":"https:\/\/rasstyle.eu\/en\/wp-json\/wp\/v2\/media?parent=1543"}],"wp:term":[{"taxonomy":"product_cat","embeddable":true,"href":"https:\/\/rasstyle.eu\/en\/wp-json\/wp\/v2\/product_cat?post=1543"},{"taxonomy":"product_tag","embeddable":true,"href":"https:\/\/rasstyle.eu\/en\/wp-json\/wp\/v2\/product_tag?post=1543"}],"curies":[{"name":"wp","href":"https:\/\/api.w.org\/{rel}","templated":true}]}}