{"id":1379,"date":"2024-01-17T13:31:57","date_gmt":"2024-01-17T13:31:57","guid":{"rendered":"https:\/\/rasstyle.eu\/?post_type=product&#038;p=1379"},"modified":"2024-01-17T14:05:52","modified_gmt":"2024-01-17T14:05:52","slug":"bliuzele-koriukas","status":"publish","type":"product","link":"https:\/\/rasstyle.eu\/en\/product\/bliuzele-koriukas\/","title":{"rendered":"Bliuzel\u0117 ,,Koriukas&#8221;"},"content":{"rendered":"<p>Bliuzel\u0117 <strong>,,Koriukas&#8221;\u00a0<\/strong>pasi\u016bta i\u0161 nat\u016bralaus 100% medviln\u0117s pluo\u0161to. Ra\u0161tas i\u0161gautas 3D spaudos pagalba. Medviln\u0117s pluo\u0161tas nedirgina k\u016bno odos, tod\u0117l suteikia \u0161velnumo poj\u016bt\u012f. Bliuzel\u0117 paauk\u0161tintu kaklu, puikai tinka tiek laisvalaikiui, tiek darbui.<\/p>\n<p>Galima skalbti skalbimo ma\u0161inoje ne daugiau kaip 30* temperat\u016broje.<\/p>","protected":false},"excerpt":{"rendered":"<p>Bliuzel\u0117 ,,Koriukas&#8221;\u00a0pasi\u016bta i\u0161 nat\u016bralaus 100% medviln\u0117s pluo\u0161to. Ra\u0161tas i\u0161gautas 3D spaudos pagalba. Medviln\u0117s pluo\u0161tas nedirgina k\u016bno odos, tod\u0117l suteikia \u0161velnumo poj\u016bt\u012f. Bliuzel\u0117 paauk\u0161tintu kaklu, puikai tinka tiek laisvalaikiui, tiek darbui. Galima skalbti skalbimo ma\u0161inoje ne daugiau kaip 30* temperat\u016broje.<\/p>","protected":false},"featured_media":1380,"comment_status":"open","ping_status":"closed","template":"","meta":{"site-sidebar-layout":"default","site-content-layout":"","ast-site-content-layout":"default","site-content-style":"default","site-sidebar-style":"default","ast-global-header-display":"","ast-banner-title-visibility":"","ast-main-header-display":"","ast-hfb-above-header-display":"","ast-hfb-below-header-display":"","ast-hfb-mobile-header-display":"","site-post-title":"","ast-breadcrumbs-content":"","ast-featured-img":"","footer-sml-layout":"","theme-transparent-header-meta":"default","adv-header-id-meta":"","stick-header-meta":"","header-above-stick-meta":"","header-main-stick-meta":"","header-below-stick-meta":"","astra-migrate-meta-layouts":"set","ast-page-background-enabled":"default","ast-page-background-meta":{"desktop":{"background-color":"","background-image":"","background-repeat":"repeat","background-position":"center center","background-size":"auto","background-attachment":"scroll","background-type":"","background-media":"","overlay-type":"","overlay-color":"","overlay-gradient":""},"tablet":{"background-color":"","background-image":"","background-repeat":"repeat","background-position":"center center","background-size":"auto","background-attachment":"scroll","background-type":"","background-media":"","overlay-type":"","overlay-color":"","overlay-gradient":""},"mobile":{"background-color":"","background-image":"","background-repeat":"repeat","background-position":"center center","background-size":"auto","background-attachment":"scroll","background-type":"","background-media":"","overlay-type":"","overlay-color":"","overlay-gradient":""}},"ast-content-background-meta":{"desktop":{"background-color":"var(--ast-global-color-5)","background-image":"","background-repeat":"repeat","background-position":"center center","background-size":"auto","background-attachment":"scroll","background-type":"","background-media":"","overlay-type":"","overlay-color":"","overlay-gradient":""},"tablet":{"background-color":"var(--ast-global-color-5)","background-image":"","background-repeat":"repeat","background-position":"center center","background-size":"auto","background-attachment":"scroll","background-type":"","background-media":"","overlay-type":"","overlay-color":"","overlay-gradient":""},"mobile":{"background-color":"var(--ast-global-color-5)","background-image":"","background-repeat":"repeat","background-position":"center center","background-size":"auto","background-attachment":"scroll","background-type":"","background-media":"","overlay-type":"","overlay-color":"","overlay-gradient":""}}},"product_cat":[38],"product_tag":[],"class_list":{"0":"post-1379","1":"product","2":"type-product","3":"status-publish","4":"has-post-thumbnail","6":"product_cat-trikotazines-palaidines","7":"desktop-align-left","8":"tablet-align-left","9":"mobile-align-left","11":"first","12":"instock","13":"shipping-taxable","14":"purchasable","15":"product-type-simple"},"yoast_head":"<!-- This site is optimized with the Yoast SEO plugin v21.7 - https:\/\/yoast.com\/wordpress\/plugins\/seo\/ -->\n<title>Bliuzel\u0117 ,,Koriukas&quot; - Rasstyle.eu - rank\u0173 darbo k\u016briniai<\/title>\n<meta name=\"robots\" content=\"index, follow, max-snippet:-1, max-image-preview:large, max-video-preview:-1\" \/>\n<link rel=\"canonical\" href=\"https:\/\/rasstyle.eu\/en\/product\/bliuzele-koriukas\/\" \/>\n<meta property=\"og:locale\" content=\"en_GB\" \/>\n<meta property=\"og:type\" content=\"article\" \/>\n<meta property=\"og:title\" content=\"Bliuzel\u0117 ,,Koriukas&quot; - Rasstyle.eu - rank\u0173 darbo k\u016briniai\" \/>\n<meta property=\"og:description\" content=\"Bliuzel\u0117 ,,Koriukas&#8221;\u00a0pasi\u016bta i\u0161 nat\u016bralaus 100% medviln\u0117s pluo\u0161to. Ra\u0161tas i\u0161gautas 3D spaudos pagalba. Medviln\u0117s pluo\u0161tas nedirgina k\u016bno odos, tod\u0117l suteikia \u0161velnumo poj\u016bt\u012f. Bliuzel\u0117 paauk\u0161tintu kaklu, puikai tinka tiek laisvalaikiui, tiek darbui. Galima skalbti skalbimo ma\u0161inoje ne daugiau kaip 30* temperat\u016broje.\" \/>\n<meta property=\"og:url\" content=\"https:\/\/rasstyle.eu\/en\/product\/bliuzele-koriukas\/\" \/>\n<meta property=\"og:site_name\" content=\"Rasstyle.eu - rank\u0173 darbo k\u016briniai\" \/>\n<meta property=\"article:modified_time\" content=\"2024-01-17T14:05:52+00:00\" \/>\n<meta property=\"og:image\" content=\"https:\/\/rasstyle.eu\/wp-content\/uploads\/2024\/01\/540.jpg\" \/>\n\t<meta property=\"og:image:width\" content=\"1368\" \/>\n\t<meta property=\"og:image:height\" content=\"1460\" \/>\n\t<meta property=\"og:image:type\" content=\"image\/jpeg\" \/>\n<meta name=\"twitter:card\" content=\"summary_large_image\" \/>\n<meta name=\"twitter:label1\" content=\"Estimated reading time\" \/>\n\t<meta name=\"twitter:data1\" content=\"1 minute\" \/>\n<script type=\"application\/ld+json\" class=\"yoast-schema-graph\">{\"@context\":\"https:\/\/schema.org\",\"@graph\":[{\"@type\":\"WebPage\",\"@id\":\"https:\/\/rasstyle.eu\/produktas\/bliuzele-koriukas\/\",\"url\":\"https:\/\/rasstyle.eu\/produktas\/bliuzele-koriukas\/\",\"name\":\"Bliuzel\u0117 ,,Koriukas\\\" - Rasstyle.eu - rank\u0173 darbo k\u016briniai\",\"isPartOf\":{\"@id\":\"https:\/\/rasstyle.eu\/#website\"},\"datePublished\":\"2024-01-17T13:31:57+00:00\",\"dateModified\":\"2024-01-17T14:05:52+00:00\",\"breadcrumb\":{\"@id\":\"https:\/\/rasstyle.eu\/produktas\/bliuzele-koriukas\/#breadcrumb\"},\"inLanguage\":\"en-GB\",\"potentialAction\":[{\"@type\":\"ReadAction\",\"target\":[\"https:\/\/rasstyle.eu\/produktas\/bliuzele-koriukas\/\"]}]},{\"@type\":\"BreadcrumbList\",\"@id\":\"https:\/\/rasstyle.eu\/produktas\/bliuzele-koriukas\/#breadcrumb\",\"itemListElement\":[{\"@type\":\"ListItem\",\"position\":1,\"name\":\"Home\",\"item\":\"https:\/\/rasstyle.eu\/\"},{\"@type\":\"ListItem\",\"position\":2,\"name\":\"Produktai\",\"item\":\"https:\/\/rasstyle.eu\/produktai\/\"},{\"@type\":\"ListItem\",\"position\":3,\"name\":\"Bliuzel\u0117 ,,Koriukas&#8221;\"}]},{\"@type\":\"WebSite\",\"@id\":\"https:\/\/rasstyle.eu\/#website\",\"url\":\"https:\/\/rasstyle.eu\/\",\"name\":\"Rasstyle.eu - rank\u0173 darbo k\u016briniai\",\"description\":\"\",\"publisher\":{\"@id\":\"https:\/\/rasstyle.eu\/#organization\"},\"potentialAction\":[{\"@type\":\"SearchAction\",\"target\":{\"@type\":\"EntryPoint\",\"urlTemplate\":\"https:\/\/rasstyle.eu\/?s={search_term_string}\"},\"query-input\":\"required name=search_term_string\"}],\"inLanguage\":\"en-GB\"},{\"@type\":\"Organization\",\"@id\":\"https:\/\/rasstyle.eu\/#organization\",\"name\":\"Rasstyle.eu - rank\u0173 darbo k\u016briniai\",\"url\":\"https:\/\/rasstyle.eu\/\",\"logo\":{\"@type\":\"ImageObject\",\"inLanguage\":\"en-GB\",\"@id\":\"https:\/\/rasstyle.eu\/#\/schema\/logo\/image\/\",\"url\":\"https:\/\/rasstyle.eu\/wp-content\/uploads\/2023\/12\/cropped-logo-no-background-1.png\",\"contentUrl\":\"https:\/\/rasstyle.eu\/wp-content\/uploads\/2023\/12\/cropped-logo-no-background-1.png\",\"width\":1500,\"height\":265,\"caption\":\"Rasstyle.eu - rank\u0173 darbo k\u016briniai\"},\"image\":{\"@id\":\"https:\/\/rasstyle.eu\/#\/schema\/logo\/image\/\"}}]}<\/script>\n<!-- \/ Yoast SEO plugin. -->","yoast_head_json":{"title":"Bliuzel\u0117 ,,Koriukas\" - Rasstyle.eu - rank\u0173 darbo k\u016briniai","robots":{"index":"index","follow":"follow","max-snippet":"max-snippet:-1","max-image-preview":"max-image-preview:large","max-video-preview":"max-video-preview:-1"},"canonical":"https:\/\/rasstyle.eu\/en\/product\/bliuzele-koriukas\/","og_locale":"en_GB","og_type":"article","og_title":"Bliuzel\u0117 ,,Koriukas\" - Rasstyle.eu - rank\u0173 darbo k\u016briniai","og_description":"Bliuzel\u0117 ,,Koriukas&#8221;\u00a0pasi\u016bta i\u0161 nat\u016bralaus 100% medviln\u0117s pluo\u0161to. Ra\u0161tas i\u0161gautas 3D spaudos pagalba. Medviln\u0117s pluo\u0161tas nedirgina k\u016bno odos, tod\u0117l suteikia \u0161velnumo poj\u016bt\u012f. Bliuzel\u0117 paauk\u0161tintu kaklu, puikai tinka tiek laisvalaikiui, tiek darbui. Galima skalbti skalbimo ma\u0161inoje ne daugiau kaip 30* temperat\u016broje.","og_url":"https:\/\/rasstyle.eu\/en\/product\/bliuzele-koriukas\/","og_site_name":"Rasstyle.eu - rank\u0173 darbo k\u016briniai","article_modified_time":"2024-01-17T14:05:52+00:00","og_image":[{"width":1368,"height":1460,"url":"https:\/\/rasstyle.eu\/wp-content\/uploads\/2024\/01\/540.jpg","type":"image\/jpeg"}],"twitter_card":"summary_large_image","twitter_misc":{"Estimated reading time":"1 minute"},"schema":{"@context":"https:\/\/schema.org","@graph":[{"@type":"WebPage","@id":"https:\/\/rasstyle.eu\/produktas\/bliuzele-koriukas\/","url":"https:\/\/rasstyle.eu\/produktas\/bliuzele-koriukas\/","name":"Bliuzel\u0117 ,,Koriukas\" - Rasstyle.eu - rank\u0173 darbo k\u016briniai","isPartOf":{"@id":"https:\/\/rasstyle.eu\/#website"},"datePublished":"2024-01-17T13:31:57+00:00","dateModified":"2024-01-17T14:05:52+00:00","breadcrumb":{"@id":"https:\/\/rasstyle.eu\/produktas\/bliuzele-koriukas\/#breadcrumb"},"inLanguage":"en-GB","potentialAction":[{"@type":"ReadAction","target":["https:\/\/rasstyle.eu\/produktas\/bliuzele-koriukas\/"]}]},{"@type":"BreadcrumbList","@id":"https:\/\/rasstyle.eu\/produktas\/bliuzele-koriukas\/#breadcrumb","itemListElement":[{"@type":"ListItem","position":1,"name":"Home","item":"https:\/\/rasstyle.eu\/"},{"@type":"ListItem","position":2,"name":"Produktai","item":"https:\/\/rasstyle.eu\/produktai\/"},{"@type":"ListItem","position":3,"name":"Bliuzel\u0117 ,,Koriukas&#8221;"}]},{"@type":"WebSite","@id":"https:\/\/rasstyle.eu\/#website","url":"https:\/\/rasstyle.eu\/","name":"Rasstyle.eu - rank\u0173 darbo k\u016briniai","description":"","publisher":{"@id":"https:\/\/rasstyle.eu\/#organization"},"potentialAction":[{"@type":"SearchAction","target":{"@type":"EntryPoint","urlTemplate":"https:\/\/rasstyle.eu\/?s={search_term_string}"},"query-input":"required name=search_term_string"}],"inLanguage":"en-GB"},{"@type":"Organization","@id":"https:\/\/rasstyle.eu\/#organization","name":"Rasstyle.eu - rank\u0173 darbo k\u016briniai","url":"https:\/\/rasstyle.eu\/","logo":{"@type":"ImageObject","inLanguage":"en-GB","@id":"https:\/\/rasstyle.eu\/#\/schema\/logo\/image\/","url":"https:\/\/rasstyle.eu\/wp-content\/uploads\/2023\/12\/cropped-logo-no-background-1.png","contentUrl":"https:\/\/rasstyle.eu\/wp-content\/uploads\/2023\/12\/cropped-logo-no-background-1.png","width":1500,"height":265,"caption":"Rasstyle.eu - rank\u0173 darbo k\u016briniai"},"image":{"@id":"https:\/\/rasstyle.eu\/#\/schema\/logo\/image\/"}}]}},"_links":{"self":[{"href":"https:\/\/rasstyle.eu\/en\/wp-json\/wp\/v2\/product\/1379","targetHints":{"allow":["GET"]}}],"collection":[{"href":"https:\/\/rasstyle.eu\/en\/wp-json\/wp\/v2\/product"}],"about":[{"href":"https:\/\/rasstyle.eu\/en\/wp-json\/wp\/v2\/types\/product"}],"replies":[{"embeddable":true,"href":"https:\/\/rasstyle.eu\/en\/wp-json\/wp\/v2\/comments?post=1379"}],"wp:featuredmedia":[{"embeddable":true,"href":"https:\/\/rasstyle.eu\/en\/wp-json\/wp\/v2\/media\/1380"}],"wp:attachment":[{"href":"https:\/\/rasstyle.eu\/en\/wp-json\/wp\/v2\/media?parent=1379"}],"wp:term":[{"taxonomy":"product_cat","embeddable":true,"href":"https:\/\/rasstyle.eu\/en\/wp-json\/wp\/v2\/product_cat?post=1379"},{"taxonomy":"product_tag","embeddable":true,"href":"https:\/\/rasstyle.eu\/en\/wp-json\/wp\/v2\/product_tag?post=1379"}],"curies":[{"name":"wp","href":"https:\/\/api.w.org\/{rel}","templated":true}]}}