{"id":1137,"date":"2023-12-15T00:02:30","date_gmt":"2023-12-15T00:02:30","guid":{"rendered":"https:\/\/rasstyle.eu\/?post_type=product&#038;p=1137"},"modified":"2025-05-19T15:56:02","modified_gmt":"2025-05-19T15:56:02","slug":"tiesi-suknele-lapelis","status":"publish","type":"product","link":"https:\/\/rasstyle.eu\/en\/product\/tiesi-suknele-lapelis\/","title":{"rendered":"Straight dress ,,Lapelis\u201d"},"content":{"rendered":"<p>Straight cut dress <strong>,,Lapelis\u201d.<\/strong><br \/>\n\u0160ilta ir maloni prie k\u016bno. Suknel\u0117 patogi, ne\u012fpareigojanti. \u0160onin\u0117se si\u016bl\u0117se \u012fsi\u016btos ki\u0161en\u0117s, suknel\u0117s apa\u010dia nusiaurinta tad puikiai tiks turin\u010dioms obuoliuko fig\u016br\u0105. Norin\u010dioms pabr\u0117\u017eti liemen\u012f tai galima padaryti dir\u017eeliu. (Suknel\u0117 parduodama be dir\u017eelio).<br \/>\nDresses <strong>,,Lapelis\u201d<\/strong> audinuk\u0105 sudaro:\u00a0 vilna 85% , polesteris 15%.<\/p>\n<p>Plaunama rankomis ar skalbimo ma\u0161inoje, vilnos-rank\u0173 skalbimu 40* temperat\u016broje.<\/p>","protected":false},"excerpt":{"rendered":"<p>Tiesaus kirpimo suknel\u0117 ,,Lapelis\u201d. \u0160ilta ir maloni prie k\u016bno. Suknel\u0117 patogi, ne\u012fpareigojanti. \u0160onin\u0117se si\u016bl\u0117se \u012fsi\u016btos ki\u0161en\u0117s, suknel\u0117s apa\u010dia nusiaurinta tad puikiai tiks turin\u010dioms obuoliuko fig\u016br\u0105. Norin\u010dioms pabr\u0117\u017eti liemen\u012f tai galima padaryti dir\u017eeliu. (Suknel\u0117 parduodama be dir\u017eelio). Suknel\u0117s ,,Lapelis\u201d audinuk\u0105 sudaro:\u00a0 vilna 85% , polesteris 15%. Plaunama rankomis ar skalbimo ma\u0161inoje, vilnos-rank\u0173 skalbimu 40* temperat\u016broje.<\/p>","protected":false},"featured_media":1162,"comment_status":"open","ping_status":"closed","template":"","meta":{"site-sidebar-layout":"default","site-content-layout":"","ast-site-content-layout":"default","site-content-style":"default","site-sidebar-style":"default","ast-global-header-display":"","ast-banner-title-visibility":"","ast-main-header-display":"","ast-hfb-above-header-display":"","ast-hfb-below-header-display":"","ast-hfb-mobile-header-display":"","site-post-title":"","ast-breadcrumbs-content":"","ast-featured-img":"","footer-sml-layout":"","theme-transparent-header-meta":"default","adv-header-id-meta":"","stick-header-meta":"","header-above-stick-meta":"","header-main-stick-meta":"","header-below-stick-meta":"","astra-migrate-meta-layouts":"set","ast-page-background-enabled":"default","ast-page-background-meta":{"desktop":{"background-color":"","background-image":"","background-repeat":"repeat","background-position":"center center","background-size":"auto","background-attachment":"scroll","background-type":"","background-media":"","overlay-type":"","overlay-color":"","overlay-gradient":""},"tablet":{"background-color":"","background-image":"","background-repeat":"repeat","background-position":"center center","background-size":"auto","background-attachment":"scroll","background-type":"","background-media":"","overlay-type":"","overlay-color":"","overlay-gradient":""},"mobile":{"background-color":"","background-image":"","background-repeat":"repeat","background-position":"center center","background-size":"auto","background-attachment":"scroll","background-type":"","background-media":"","overlay-type":"","overlay-color":"","overlay-gradient":""}},"ast-content-background-meta":{"desktop":{"background-color":"var(--ast-global-color-5)","background-image":"","background-repeat":"repeat","background-position":"center center","background-size":"auto","background-attachment":"scroll","background-type":"","background-media":"","overlay-type":"","overlay-color":"","overlay-gradient":""},"tablet":{"background-color":"var(--ast-global-color-5)","background-image":"","background-repeat":"repeat","background-position":"center center","background-size":"auto","background-attachment":"scroll","background-type":"","background-media":"","overlay-type":"","overlay-color":"","overlay-gradient":""},"mobile":{"background-color":"var(--ast-global-color-5)","background-image":"","background-repeat":"repeat","background-position":"center center","background-size":"auto","background-attachment":"scroll","background-type":"","background-media":"","overlay-type":"","overlay-color":"","overlay-gradient":""}}},"product_cat":[36,32],"product_tag":[],"class_list":{"0":"post-1137","1":"product","2":"type-product","3":"status-publish","4":"has-post-thumbnail","6":"product_cat-siltos-sukneles","7":"product_cat-sukneles","8":"desktop-align-left","9":"tablet-align-left","10":"mobile-align-left","12":"first","13":"instock","14":"shipping-taxable","15":"purchasable","16":"product-type-simple"},"yoast_head":"<!-- This site is optimized with the Yoast SEO plugin v21.7 - https:\/\/yoast.com\/wordpress\/plugins\/seo\/ -->\n<title>Tiesi suknel\u0117 ,,Lapelis\u201d - Rasstyle.eu - rank\u0173 darbo k\u016briniai<\/title>\n<meta name=\"robots\" content=\"index, follow, max-snippet:-1, max-image-preview:large, max-video-preview:-1\" \/>\n<link rel=\"canonical\" href=\"https:\/\/rasstyle.eu\/en\/product\/tiesi-suknele-lapelis\/\" \/>\n<meta property=\"og:locale\" content=\"en_GB\" \/>\n<meta property=\"og:type\" content=\"article\" \/>\n<meta property=\"og:title\" content=\"Tiesi suknel\u0117 ,,Lapelis\u201d - Rasstyle.eu - rank\u0173 darbo k\u016briniai\" \/>\n<meta property=\"og:description\" content=\"Tiesaus kirpimo suknel\u0117 ,,Lapelis\u201d. \u0160ilta ir maloni prie k\u016bno. Suknel\u0117 patogi, ne\u012fpareigojanti. \u0160onin\u0117se si\u016bl\u0117se \u012fsi\u016btos ki\u0161en\u0117s, suknel\u0117s apa\u010dia nusiaurinta tad puikiai tiks turin\u010dioms obuoliuko fig\u016br\u0105. Norin\u010dioms pabr\u0117\u017eti liemen\u012f tai galima padaryti dir\u017eeliu. (Suknel\u0117 parduodama be dir\u017eelio). Suknel\u0117s ,,Lapelis\u201d audinuk\u0105 sudaro:\u00a0 vilna 85% , polesteris 15%. Plaunama rankomis ar skalbimo ma\u0161inoje, vilnos-rank\u0173 skalbimu 40* temperat\u016broje.\" \/>\n<meta property=\"og:url\" content=\"https:\/\/rasstyle.eu\/en\/product\/tiesi-suknele-lapelis\/\" \/>\n<meta property=\"og:site_name\" content=\"Rasstyle.eu - rank\u0173 darbo k\u016briniai\" \/>\n<meta property=\"article:modified_time\" content=\"2025-05-19T15:56:02+00:00\" \/>\n<meta property=\"og:image\" content=\"https:\/\/rasstyle.eu\/wp-content\/uploads\/2023\/12\/428.webp\" \/>\n\t<meta property=\"og:image:width\" content=\"1118\" \/>\n\t<meta property=\"og:image:height\" content=\"1899\" \/>\n\t<meta property=\"og:image:type\" content=\"image\/webp\" \/>\n<meta name=\"twitter:card\" content=\"summary_large_image\" \/>\n<meta name=\"twitter:label1\" content=\"Estimated reading time\" \/>\n\t<meta name=\"twitter:data1\" content=\"1 minute\" \/>\n<script type=\"application\/ld+json\" class=\"yoast-schema-graph\">{\"@context\":\"https:\/\/schema.org\",\"@graph\":[{\"@type\":\"WebPage\",\"@id\":\"https:\/\/rasstyle.eu\/produktas\/tiesi-suknele-lapelis\/\",\"url\":\"https:\/\/rasstyle.eu\/produktas\/tiesi-suknele-lapelis\/\",\"name\":\"Tiesi suknel\u0117 ,,Lapelis\u201d - Rasstyle.eu - rank\u0173 darbo k\u016briniai\",\"isPartOf\":{\"@id\":\"https:\/\/rasstyle.eu\/#website\"},\"datePublished\":\"2023-12-15T00:02:30+00:00\",\"dateModified\":\"2025-05-19T15:56:02+00:00\",\"breadcrumb\":{\"@id\":\"https:\/\/rasstyle.eu\/produktas\/tiesi-suknele-lapelis\/#breadcrumb\"},\"inLanguage\":\"en-GB\",\"potentialAction\":[{\"@type\":\"ReadAction\",\"target\":[\"https:\/\/rasstyle.eu\/produktas\/tiesi-suknele-lapelis\/\"]}]},{\"@type\":\"BreadcrumbList\",\"@id\":\"https:\/\/rasstyle.eu\/produktas\/tiesi-suknele-lapelis\/#breadcrumb\",\"itemListElement\":[{\"@type\":\"ListItem\",\"position\":1,\"name\":\"Home\",\"item\":\"https:\/\/rasstyle.eu\/\"},{\"@type\":\"ListItem\",\"position\":2,\"name\":\"Produktai\",\"item\":\"https:\/\/rasstyle.eu\/produktai\/\"},{\"@type\":\"ListItem\",\"position\":3,\"name\":\"Tiesi suknel\u0117 ,,Lapelis\u201d\"}]},{\"@type\":\"WebSite\",\"@id\":\"https:\/\/rasstyle.eu\/#website\",\"url\":\"https:\/\/rasstyle.eu\/\",\"name\":\"Rasstyle.eu - rank\u0173 darbo k\u016briniai\",\"description\":\"\",\"publisher\":{\"@id\":\"https:\/\/rasstyle.eu\/#organization\"},\"potentialAction\":[{\"@type\":\"SearchAction\",\"target\":{\"@type\":\"EntryPoint\",\"urlTemplate\":\"https:\/\/rasstyle.eu\/?s={search_term_string}\"},\"query-input\":\"required name=search_term_string\"}],\"inLanguage\":\"en-GB\"},{\"@type\":\"Organization\",\"@id\":\"https:\/\/rasstyle.eu\/#organization\",\"name\":\"Rasstyle.eu - rank\u0173 darbo k\u016briniai\",\"url\":\"https:\/\/rasstyle.eu\/\",\"logo\":{\"@type\":\"ImageObject\",\"inLanguage\":\"en-GB\",\"@id\":\"https:\/\/rasstyle.eu\/#\/schema\/logo\/image\/\",\"url\":\"https:\/\/rasstyle.eu\/wp-content\/uploads\/2023\/12\/cropped-logo-no-background-1.png\",\"contentUrl\":\"https:\/\/rasstyle.eu\/wp-content\/uploads\/2023\/12\/cropped-logo-no-background-1.png\",\"width\":1500,\"height\":265,\"caption\":\"Rasstyle.eu - rank\u0173 darbo k\u016briniai\"},\"image\":{\"@id\":\"https:\/\/rasstyle.eu\/#\/schema\/logo\/image\/\"}}]}<\/script>\n<!-- \/ Yoast SEO plugin. -->","yoast_head_json":{"title":"Tiesi suknel\u0117 ,,Lapelis\u201d - Rasstyle.eu - rank\u0173 darbo k\u016briniai","robots":{"index":"index","follow":"follow","max-snippet":"max-snippet:-1","max-image-preview":"max-image-preview:large","max-video-preview":"max-video-preview:-1"},"canonical":"https:\/\/rasstyle.eu\/en\/product\/tiesi-suknele-lapelis\/","og_locale":"en_GB","og_type":"article","og_title":"Tiesi suknel\u0117 ,,Lapelis\u201d - Rasstyle.eu - rank\u0173 darbo k\u016briniai","og_description":"Tiesaus kirpimo suknel\u0117 ,,Lapelis\u201d. \u0160ilta ir maloni prie k\u016bno. Suknel\u0117 patogi, ne\u012fpareigojanti. \u0160onin\u0117se si\u016bl\u0117se \u012fsi\u016btos ki\u0161en\u0117s, suknel\u0117s apa\u010dia nusiaurinta tad puikiai tiks turin\u010dioms obuoliuko fig\u016br\u0105. Norin\u010dioms pabr\u0117\u017eti liemen\u012f tai galima padaryti dir\u017eeliu. (Suknel\u0117 parduodama be dir\u017eelio). Suknel\u0117s ,,Lapelis\u201d audinuk\u0105 sudaro:\u00a0 vilna 85% , polesteris 15%. Plaunama rankomis ar skalbimo ma\u0161inoje, vilnos-rank\u0173 skalbimu 40* temperat\u016broje.","og_url":"https:\/\/rasstyle.eu\/en\/product\/tiesi-suknele-lapelis\/","og_site_name":"Rasstyle.eu - rank\u0173 darbo k\u016briniai","article_modified_time":"2025-05-19T15:56:02+00:00","og_image":[{"width":1118,"height":1899,"url":"https:\/\/rasstyle.eu\/wp-content\/uploads\/2023\/12\/428.webp","type":"image\/webp"}],"twitter_card":"summary_large_image","twitter_misc":{"Estimated reading time":"1 minute"},"schema":{"@context":"https:\/\/schema.org","@graph":[{"@type":"WebPage","@id":"https:\/\/rasstyle.eu\/produktas\/tiesi-suknele-lapelis\/","url":"https:\/\/rasstyle.eu\/produktas\/tiesi-suknele-lapelis\/","name":"Tiesi suknel\u0117 ,,Lapelis\u201d - Rasstyle.eu - rank\u0173 darbo k\u016briniai","isPartOf":{"@id":"https:\/\/rasstyle.eu\/#website"},"datePublished":"2023-12-15T00:02:30+00:00","dateModified":"2025-05-19T15:56:02+00:00","breadcrumb":{"@id":"https:\/\/rasstyle.eu\/produktas\/tiesi-suknele-lapelis\/#breadcrumb"},"inLanguage":"en-GB","potentialAction":[{"@type":"ReadAction","target":["https:\/\/rasstyle.eu\/produktas\/tiesi-suknele-lapelis\/"]}]},{"@type":"BreadcrumbList","@id":"https:\/\/rasstyle.eu\/produktas\/tiesi-suknele-lapelis\/#breadcrumb","itemListElement":[{"@type":"ListItem","position":1,"name":"Home","item":"https:\/\/rasstyle.eu\/"},{"@type":"ListItem","position":2,"name":"Produktai","item":"https:\/\/rasstyle.eu\/produktai\/"},{"@type":"ListItem","position":3,"name":"Tiesi suknel\u0117 ,,Lapelis\u201d"}]},{"@type":"WebSite","@id":"https:\/\/rasstyle.eu\/#website","url":"https:\/\/rasstyle.eu\/","name":"Rasstyle.eu - rank\u0173 darbo k\u016briniai","description":"","publisher":{"@id":"https:\/\/rasstyle.eu\/#organization"},"potentialAction":[{"@type":"SearchAction","target":{"@type":"EntryPoint","urlTemplate":"https:\/\/rasstyle.eu\/?s={search_term_string}"},"query-input":"required name=search_term_string"}],"inLanguage":"en-GB"},{"@type":"Organization","@id":"https:\/\/rasstyle.eu\/#organization","name":"Rasstyle.eu - rank\u0173 darbo k\u016briniai","url":"https:\/\/rasstyle.eu\/","logo":{"@type":"ImageObject","inLanguage":"en-GB","@id":"https:\/\/rasstyle.eu\/#\/schema\/logo\/image\/","url":"https:\/\/rasstyle.eu\/wp-content\/uploads\/2023\/12\/cropped-logo-no-background-1.png","contentUrl":"https:\/\/rasstyle.eu\/wp-content\/uploads\/2023\/12\/cropped-logo-no-background-1.png","width":1500,"height":265,"caption":"Rasstyle.eu - rank\u0173 darbo k\u016briniai"},"image":{"@id":"https:\/\/rasstyle.eu\/#\/schema\/logo\/image\/"}}]}},"_links":{"self":[{"href":"https:\/\/rasstyle.eu\/en\/wp-json\/wp\/v2\/product\/1137","targetHints":{"allow":["GET"]}}],"collection":[{"href":"https:\/\/rasstyle.eu\/en\/wp-json\/wp\/v2\/product"}],"about":[{"href":"https:\/\/rasstyle.eu\/en\/wp-json\/wp\/v2\/types\/product"}],"replies":[{"embeddable":true,"href":"https:\/\/rasstyle.eu\/en\/wp-json\/wp\/v2\/comments?post=1137"}],"wp:featuredmedia":[{"embeddable":true,"href":"https:\/\/rasstyle.eu\/en\/wp-json\/wp\/v2\/media\/1162"}],"wp:attachment":[{"href":"https:\/\/rasstyle.eu\/en\/wp-json\/wp\/v2\/media?parent=1137"}],"wp:term":[{"taxonomy":"product_cat","embeddable":true,"href":"https:\/\/rasstyle.eu\/en\/wp-json\/wp\/v2\/product_cat?post=1137"},{"taxonomy":"product_tag","embeddable":true,"href":"https:\/\/rasstyle.eu\/en\/wp-json\/wp\/v2\/product_tag?post=1137"}],"curies":[{"name":"wp","href":"https:\/\/api.w.org\/{rel}","templated":true}]}}